{"id":20590,"date":"2026-01-09T17:38:46","date_gmt":"2026-01-09T17:38:46","guid":{"rendered":"https:\/\/ahdhiya.com\/produit\/u-portello-a-smo-lea\/"},"modified":"2026-03-12T14:04:35","modified_gmt":"2026-03-12T14:04:35","slug":"u-portello-a-smo-lea","status":"publish","type":"product","link":"https:\/\/ahdhiya.com\/ar\/product\/u-portello-a-smo-lea\/","title":{"rendered":"U-PORTELLO-A-SMO.LEA"},"content":{"rendered":"<p>D\u00e9tailsMarque : GeoxCouleur : NoirCouleur du fabricant : BlackSyst\u00e8me de fermeture : Slip-onType de bout : ArrondiMat\u00e9riaux et entretienDoublure : Sans rembourrageMat\u00e9riau de la semelle : TissuMat\u00e9riau int\u00e9rieur : Tissu, Simili cuirMat\u00e9riau ext\u00e9rieur : Cuir pleine fleur, TissuMat\u00e9riau de la semelle : PlastiqueTechnologies utilis\u00e9esGeox Respira Cette technologie est con\u00e7ue pour assurer une circulation de l&rsquo;air optimale et maintenir une temp\u00e9rature corporelle id\u00e9ale. Elle offre un confort maximal gr\u00e2ce \u00e0 sa respirabilit\u00e9 et \u00e0 son excellent contr\u00f4le thermique.fabriqu\u00e9 au Myanmar.<\/p>","protected":false},"excerpt":{"rendered":"<p>D\u00e9tailsMarque : GeoxCouleur : NoirCouleur du fabricant : BlackSyst\u00e8me de fermeture : Slip-onType de bout : ArrondiMat\u00e9riaux et entretienDoublure : Sans rembourrageMat\u00e9riau de la semelle : TissuMat\u00e9riau int\u00e9rieur : Tissu, Simili cuirMat\u00e9riau ext\u00e9rieur : Cuir pleine fleur, TissuMat\u00e9riau de la semelle : PlastiqueTechnologies utilis\u00e9esGeox Respira Cette technologie est con\u00e7ue pour assurer une circulation de l&rsquo;air optimale et maintenir une temp\u00e9rature corporelle id\u00e9ale. Elle offre un confort maximal gr\u00e2ce \u00e0 sa respirabilit\u00e9 et \u00e0 son excellent contr\u00f4le thermique.fabriqu\u00e9 au Myanmar.<\/p>","protected":false},"featured_media":20591,"comment_status":"open","ping_status":"closed","template":"","meta":{"_gspb_post_css":"","om_disable_all_campaigns":false,"_monsterinsights_skip_tracking":false,"_monsterinsights_sitenote_active":false,"_monsterinsights_sitenote_note":"","_monsterinsights_sitenote_category":0},"product_brand":[],"product_cat":[161,92],"product_tag":[],"class_list":{"0":"post-20590","1":"product","2":"type-product","3":"status-publish","4":"has-post-thumbnail","6":"product_cat-godasses-et-boots","7":"product_cat-hommes","9":"first","10":"instock","11":"shipping-taxable","12":"purchasable","13":"product-type-variable"},"aioseo_notices":[],"jetpack_sharing_enabled":true,"_links":{"self":[{"href":"https:\/\/ahdhiya.com\/ar\/wp-json\/wp\/v2\/product\/20590","targetHints":{"allow":["GET"]}}],"collection":[{"href":"https:\/\/ahdhiya.com\/ar\/wp-json\/wp\/v2\/product"}],"about":[{"href":"https:\/\/ahdhiya.com\/ar\/wp-json\/wp\/v2\/types\/product"}],"replies":[{"embeddable":true,"href":"https:\/\/ahdhiya.com\/ar\/wp-json\/wp\/v2\/comments?post=20590"}],"wp:featuredmedia":[{"embeddable":true,"href":"https:\/\/ahdhiya.com\/ar\/wp-json\/wp\/v2\/media\/20591"}],"wp:attachment":[{"href":"https:\/\/ahdhiya.com\/ar\/wp-json\/wp\/v2\/media?parent=20590"}],"wp:term":[{"taxonomy":"product_brand","embeddable":true,"href":"https:\/\/ahdhiya.com\/ar\/wp-json\/wp\/v2\/product_brand?post=20590"},{"taxonomy":"product_cat","embeddable":true,"href":"https:\/\/ahdhiya.com\/ar\/wp-json\/wp\/v2\/product_cat?post=20590"},{"taxonomy":"product_tag","embeddable":true,"href":"https:\/\/ahdhiya.com\/ar\/wp-json\/wp\/v2\/product_tag?post=20590"}],"curies":[{"name":"wp","href":"https:\/\/api.w.org\/{rel}","templated":true}]}}