{"id":20678,"date":"2026-01-09T17:41:32","date_gmt":"2026-01-09T17:41:32","guid":{"rendered":"https:\/\/ahdhiya.com\/produit\/onitsuka-asics-3\/"},"modified":"2026-03-12T14:04:36","modified_gmt":"2026-03-12T14:04:36","slug":"onitsuka-asics-3","status":"publish","type":"product","link":"https:\/\/ahdhiya.com\/ar\/product\/onitsuka-asics-3\/","title":{"rendered":"Onitsuka ASICS"},"content":{"rendered":"<p>Chaussures basses, cuir de veau, languette \u00e0 patch logo, fermeture \u00e0 lacer sur le devant, bout rond, semelle int\u00e9rieure \u00e0 logo, semelle plate en caoutchouc.\u00a0La Chine est le pays de fabrication.<\/p>","protected":false},"excerpt":{"rendered":"<p>Chaussures basses, cuir de veau, languette \u00e0 patch logo, fermeture \u00e0 lacer sur le devant, bout rond, semelle int\u00e9rieure \u00e0 logo, semelle plate en caoutchouc.\u00a0La Chine est le pays de fabrication.<\/p>","protected":false},"featured_media":20679,"comment_status":"open","ping_status":"closed","template":"","meta":{"_gspb_post_css":"","om_disable_all_campaigns":false,"_monsterinsights_skip_tracking":false,"_monsterinsights_sitenote_active":false,"_monsterinsights_sitenote_note":"","_monsterinsights_sitenote_category":0},"product_brand":[],"product_cat":[174,92],"product_tag":[],"class_list":{"0":"post-20678","1":"product","2":"type-product","3":"status-publish","4":"has-post-thumbnail","6":"product_cat-baskets-hommes","7":"product_cat-hommes","9":"first","10":"instock","11":"shipping-taxable","12":"purchasable","13":"product-type-variable"},"aioseo_notices":[],"jetpack_sharing_enabled":true,"_links":{"self":[{"href":"https:\/\/ahdhiya.com\/ar\/wp-json\/wp\/v2\/product\/20678","targetHints":{"allow":["GET"]}}],"collection":[{"href":"https:\/\/ahdhiya.com\/ar\/wp-json\/wp\/v2\/product"}],"about":[{"href":"https:\/\/ahdhiya.com\/ar\/wp-json\/wp\/v2\/types\/product"}],"replies":[{"embeddable":true,"href":"https:\/\/ahdhiya.com\/ar\/wp-json\/wp\/v2\/comments?post=20678"}],"wp:featuredmedia":[{"embeddable":true,"href":"https:\/\/ahdhiya.com\/ar\/wp-json\/wp\/v2\/media\/20679"}],"wp:attachment":[{"href":"https:\/\/ahdhiya.com\/ar\/wp-json\/wp\/v2\/media?parent=20678"}],"wp:term":[{"taxonomy":"product_brand","embeddable":true,"href":"https:\/\/ahdhiya.com\/ar\/wp-json\/wp\/v2\/product_brand?post=20678"},{"taxonomy":"product_cat","embeddable":true,"href":"https:\/\/ahdhiya.com\/ar\/wp-json\/wp\/v2\/product_cat?post=20678"},{"taxonomy":"product_tag","embeddable":true,"href":"https:\/\/ahdhiya.com\/ar\/wp-json\/wp\/v2\/product_tag?post=20678"}],"curies":[{"name":"wp","href":"https:\/\/api.w.org\/{rel}","templated":true}]}}