{"id":20921,"date":"2026-01-09T17:51:11","date_gmt":"2026-01-09T17:51:11","guid":{"rendered":"https:\/\/ahdhiya.com\/produit\/basket-champion-11\/"},"modified":"2026-03-12T14:04:37","modified_gmt":"2026-03-12T14:04:37","slug":"basket-champion-11","status":"publish","type":"product","link":"https:\/\/ahdhiya.com\/ar\/product\/basket-champion-11\/","title":{"rendered":"BASKET CHAMPION"},"content":{"rendered":"<p>Description :\u00a0Ces bottes d&rsquo;hiver montantes Champion Legacy CLIMB RX MID B GS\u00a0\u00a0sont des chaussures lifestyle modernes con\u00e7ues pour les hommes ou les jeunes, id\u00e9ales pour la saison automne-hiver. Elles pr\u00e9sentent une tige montante de couleur marron, fabriqu\u00e9e en cuir \u00e9cologique pour une bonne durabilit\u00e9 et un entretien facile. Elles assurent confort et chaleur pour un usage quotidien. Leur principale caract\u00e9ristique est la semelle ext\u00e9rieure en mousse EVA l\u00e9g\u00e8re et flexible, qui est antid\u00e9rapante et garantit une bonne adh\u00e9rence. La fermeture est assur\u00e9e par un syst\u00e8me de lacets avec des \u0153illets m\u00e9talliques.MADE IN CHINA .<\/p>","protected":false},"excerpt":{"rendered":"<p>Description :\u00a0Ces bottes d&rsquo;hiver montantes Champion Legacy CLIMB RX MID B GS\u00a0\u00a0sont des chaussures lifestyle modernes con\u00e7ues pour les hommes ou les jeunes, id\u00e9ales pour la saison automne-hiver. Elles pr\u00e9sentent une tige montante de couleur marron, fabriqu\u00e9e en cuir \u00e9cologique pour une bonne durabilit\u00e9 et un entretien facile. Elles assurent confort et chaleur pour un usage quotidien. Leur principale caract\u00e9ristique est la semelle ext\u00e9rieure en mousse EVA l\u00e9g\u00e8re et flexible, qui est antid\u00e9rapante et garantit une bonne adh\u00e9rence. La fermeture est assur\u00e9e par un syst\u00e8me de lacets avec des \u0153illets m\u00e9talliques.MADE IN CHINA .<\/p>","protected":false},"featured_media":20922,"comment_status":"open","ping_status":"closed","template":"","meta":{"_gspb_post_css":"","om_disable_all_campaigns":false,"_monsterinsights_skip_tracking":false,"_monsterinsights_sitenote_active":false,"_monsterinsights_sitenote_note":"","_monsterinsights_sitenote_category":0},"product_brand":[],"product_cat":[174,92],"product_tag":[],"class_list":{"0":"post-20921","1":"product","2":"type-product","3":"status-publish","4":"has-post-thumbnail","6":"product_cat-baskets-hommes","7":"product_cat-hommes","9":"first","10":"instock","11":"shipping-taxable","12":"purchasable","13":"product-type-simple"},"aioseo_notices":[],"jetpack_sharing_enabled":true,"_links":{"self":[{"href":"https:\/\/ahdhiya.com\/ar\/wp-json\/wp\/v2\/product\/20921","targetHints":{"allow":["GET"]}}],"collection":[{"href":"https:\/\/ahdhiya.com\/ar\/wp-json\/wp\/v2\/product"}],"about":[{"href":"https:\/\/ahdhiya.com\/ar\/wp-json\/wp\/v2\/types\/product"}],"replies":[{"embeddable":true,"href":"https:\/\/ahdhiya.com\/ar\/wp-json\/wp\/v2\/comments?post=20921"}],"wp:featuredmedia":[{"embeddable":true,"href":"https:\/\/ahdhiya.com\/ar\/wp-json\/wp\/v2\/media\/20922"}],"wp:attachment":[{"href":"https:\/\/ahdhiya.com\/ar\/wp-json\/wp\/v2\/media?parent=20921"}],"wp:term":[{"taxonomy":"product_brand","embeddable":true,"href":"https:\/\/ahdhiya.com\/ar\/wp-json\/wp\/v2\/product_brand?post=20921"},{"taxonomy":"product_cat","embeddable":true,"href":"https:\/\/ahdhiya.com\/ar\/wp-json\/wp\/v2\/product_cat?post=20921"},{"taxonomy":"product_tag","embeddable":true,"href":"https:\/\/ahdhiya.com\/ar\/wp-json\/wp\/v2\/product_tag?post=20921"}],"curies":[{"name":"wp","href":"https:\/\/api.w.org\/{rel}","templated":true}]}}