{"id":20938,"date":"2026-01-09T17:53:46","date_gmt":"2026-01-09T17:53:46","guid":{"rendered":"https:\/\/ahdhiya.com\/produit\/geox-boots-3\/"},"modified":"2026-03-12T14:04:37","modified_gmt":"2026-03-12T14:04:37","slug":"geox-boots-3","status":"publish","type":"product","link":"https:\/\/ahdhiya.com\/ar\/product\/geox-boots-3\/","title":{"rendered":"GEOX BOOTS"},"content":{"rendered":"<p>Description :\u00a0Ces bottines Geox D Phaolae A (R\u00e9f. D94FDA 04140 C9999) pour femme sont un mod\u00e8le de couleur noire avec un style classique et d\u00e9contract\u00e9.Design : Ce sont des bottines \u00e0 talon compens\u00e9 (plateforme) et \u00e0 bout rond.Fermeture : Elles sont munies \u00e0 la fois d&rsquo;une fermeture \u00e9clair et de lacets en tissu pour un ajustement s\u00fbr.Mati\u00e8res : Elles sont fabriqu\u00e9es en cuir naturel pleine fleur de haute qualit\u00e9 \u00e0 l&rsquo;ext\u00e9rieur, avec une semelle int\u00e9rieure en cuir naturel. La doublure est en mati\u00e8re textile et imitation cuir.Technologie : Elles int\u00e8grent la technologie Geox Respira, qui assure la respirabilit\u00e9 de la semelle.D\u00e9tails : La haute tige offre une bonne stabilit\u00e9 et un grand confort. MADE IN CHINA .<\/p>","protected":false},"excerpt":{"rendered":"<p>Description :\u00a0Ces bottines Geox D Phaolae A (R\u00e9f. D94FDA 04140 C9999) pour femme sont un mod\u00e8le de couleur noire avec un style classique et d\u00e9contract\u00e9.Design : Ce sont des bottines \u00e0 talon compens\u00e9 (plateforme) et \u00e0 bout rond.Fermeture : Elles sont munies \u00e0 la fois d&rsquo;une fermeture \u00e9clair et de lacets en tissu pour un ajustement s\u00fbr.Mati\u00e8res : Elles sont fabriqu\u00e9es en cuir naturel pleine fleur de haute qualit\u00e9 \u00e0 l&rsquo;ext\u00e9rieur, avec une semelle int\u00e9rieure en cuir naturel. La doublure est en mati\u00e8re textile et imitation cuir.Technologie : Elles int\u00e8grent la technologie Geox Respira, qui assure la respirabilit\u00e9 de la semelle.D\u00e9tails : La haute tige offre une bonne stabilit\u00e9 et un grand confort. MADE IN CHINA .<\/p>","protected":false},"featured_media":20939,"comment_status":"open","ping_status":"closed","template":"","meta":{"_gspb_post_css":"","om_disable_all_campaigns":false,"_monsterinsights_skip_tracking":false,"_monsterinsights_sitenote_active":false,"_monsterinsights_sitenote_note":"","_monsterinsights_sitenote_category":0},"product_brand":[],"product_cat":[91,189],"product_tag":[],"class_list":{"0":"post-20938","1":"product","2":"type-product","3":"status-publish","4":"has-post-thumbnail","6":"product_cat-femmes","7":"product_cat-godasses-et-boots-femmes","9":"first","10":"instock","11":"shipping-taxable","12":"purchasable","13":"product-type-simple"},"aioseo_notices":[],"jetpack_sharing_enabled":true,"_links":{"self":[{"href":"https:\/\/ahdhiya.com\/ar\/wp-json\/wp\/v2\/product\/20938","targetHints":{"allow":["GET"]}}],"collection":[{"href":"https:\/\/ahdhiya.com\/ar\/wp-json\/wp\/v2\/product"}],"about":[{"href":"https:\/\/ahdhiya.com\/ar\/wp-json\/wp\/v2\/types\/product"}],"replies":[{"embeddable":true,"href":"https:\/\/ahdhiya.com\/ar\/wp-json\/wp\/v2\/comments?post=20938"}],"wp:featuredmedia":[{"embeddable":true,"href":"https:\/\/ahdhiya.com\/ar\/wp-json\/wp\/v2\/media\/20939"}],"wp:attachment":[{"href":"https:\/\/ahdhiya.com\/ar\/wp-json\/wp\/v2\/media?parent=20938"}],"wp:term":[{"taxonomy":"product_brand","embeddable":true,"href":"https:\/\/ahdhiya.com\/ar\/wp-json\/wp\/v2\/product_brand?post=20938"},{"taxonomy":"product_cat","embeddable":true,"href":"https:\/\/ahdhiya.com\/ar\/wp-json\/wp\/v2\/product_cat?post=20938"},{"taxonomy":"product_tag","embeddable":true,"href":"https:\/\/ahdhiya.com\/ar\/wp-json\/wp\/v2\/product_tag?post=20938"}],"curies":[{"name":"wp","href":"https:\/\/api.w.org\/{rel}","templated":true}]}}