{"id":20949,"date":"2026-01-09T17:54:45","date_gmt":"2026-01-09T17:54:45","guid":{"rendered":"https:\/\/ahdhiya.com\/produit\/geox-boots-4\/"},"modified":"2026-03-12T14:04:37","modified_gmt":"2026-03-12T14:04:37","slug":"geox-boots-4","status":"publish","type":"product","link":"https:\/\/ahdhiya.com\/ar\/product\/geox-boots-4\/","title":{"rendered":"GEOX BOOTS"},"content":{"rendered":"<p>Description :\u00a0\u00a0Ces bottines Chelsea Geox U Sepherica A (R\u00e9f. U26BYA 000CL C9999) pour homme sont un mod\u00e8le \u00e9l\u00e9gant de couleur Noire. Elles sont con\u00e7ues pour un usage quotidien et int\u00e8grent la c\u00e9l\u00e8bre technologie respirante de la marque.Type : Bottines Chelsea (mod\u00e8le \u00e0 enfiler).Couleur : Noir.Mati\u00e8res : L&#8217;empeigne est fabriqu\u00e9e en cuir nubuck naturel et en mati\u00e8re textile. L&rsquo;int\u00e9rieur et la semelle int\u00e9rieure sont en mati\u00e8re textile.Fermeture : Il s&rsquo;agit d&rsquo;un mod\u00e8le \u00e0 enfiler avec un empi\u00e8cement \u00e9lastique (le gousset en caoutchouc) sur les c\u00f4t\u00e9s pour un chaussage facile.Semelle : La semelle ext\u00e9rieure est plate, en mati\u00e8re synth\u00e9tique, avec une \u00e9paisseur de plateforme de 3,5 cm.Technologie : Elles b\u00e9n\u00e9ficient de la technologie Geox Respira, assurant une excellente respirabilit\u00e9 du pied. MADE IN CHINA .<\/p>","protected":false},"excerpt":{"rendered":"<p>Description :\u00a0\u00a0Ces bottines Chelsea Geox U Sepherica A (R\u00e9f. U26BYA 000CL C9999) pour homme sont un mod\u00e8le \u00e9l\u00e9gant de couleur Noire. Elles sont con\u00e7ues pour un usage quotidien et int\u00e8grent la c\u00e9l\u00e8bre technologie respirante de la marque.Type : Bottines Chelsea (mod\u00e8le \u00e0 enfiler).Couleur : Noir.Mati\u00e8res : L&#8217;empeigne est fabriqu\u00e9e en cuir nubuck naturel et en mati\u00e8re textile. L&rsquo;int\u00e9rieur et la semelle int\u00e9rieure sont en mati\u00e8re textile.Fermeture : Il s&rsquo;agit d&rsquo;un mod\u00e8le \u00e0 enfiler avec un empi\u00e8cement \u00e9lastique (le gousset en caoutchouc) sur les c\u00f4t\u00e9s pour un chaussage facile.Semelle : La semelle ext\u00e9rieure est plate, en mati\u00e8re synth\u00e9tique, avec une \u00e9paisseur de plateforme de 3,5 cm.Technologie : Elles b\u00e9n\u00e9ficient de la technologie Geox Respira, assurant une excellente respirabilit\u00e9 du pied. MADE IN CHINA .<\/p>","protected":false},"featured_media":20950,"comment_status":"open","ping_status":"closed","template":"","meta":{"_gspb_post_css":"","om_disable_all_campaigns":false,"_monsterinsights_skip_tracking":false,"_monsterinsights_sitenote_active":false,"_monsterinsights_sitenote_note":"","_monsterinsights_sitenote_category":0},"product_brand":[],"product_cat":[161,92],"product_tag":[],"class_list":{"0":"post-20949","1":"product","2":"type-product","3":"status-publish","4":"has-post-thumbnail","6":"product_cat-godasses-et-boots","7":"product_cat-hommes","9":"first","10":"instock","11":"shipping-taxable","12":"purchasable","13":"product-type-variable"},"aioseo_notices":[],"jetpack_sharing_enabled":true,"_links":{"self":[{"href":"https:\/\/ahdhiya.com\/ar\/wp-json\/wp\/v2\/product\/20949","targetHints":{"allow":["GET"]}}],"collection":[{"href":"https:\/\/ahdhiya.com\/ar\/wp-json\/wp\/v2\/product"}],"about":[{"href":"https:\/\/ahdhiya.com\/ar\/wp-json\/wp\/v2\/types\/product"}],"replies":[{"embeddable":true,"href":"https:\/\/ahdhiya.com\/ar\/wp-json\/wp\/v2\/comments?post=20949"}],"wp:featuredmedia":[{"embeddable":true,"href":"https:\/\/ahdhiya.com\/ar\/wp-json\/wp\/v2\/media\/20950"}],"wp:attachment":[{"href":"https:\/\/ahdhiya.com\/ar\/wp-json\/wp\/v2\/media?parent=20949"}],"wp:term":[{"taxonomy":"product_brand","embeddable":true,"href":"https:\/\/ahdhiya.com\/ar\/wp-json\/wp\/v2\/product_brand?post=20949"},{"taxonomy":"product_cat","embeddable":true,"href":"https:\/\/ahdhiya.com\/ar\/wp-json\/wp\/v2\/product_cat?post=20949"},{"taxonomy":"product_tag","embeddable":true,"href":"https:\/\/ahdhiya.com\/ar\/wp-json\/wp\/v2\/product_tag?post=20949"}],"curies":[{"name":"wp","href":"https:\/\/api.w.org\/{rel}","templated":true}]}}