{"id":21168,"date":"2026-01-27T20:46:32","date_gmt":"2026-01-27T20:46:32","guid":{"rendered":"https:\/\/ahdhiya.com\/produit\/pepe-jeans-shoes\/"},"modified":"2026-03-12T14:04:38","modified_gmt":"2026-03-12T14:04:38","slug":"pepe-jeans-shoes","status":"publish","type":"product","link":"https:\/\/ahdhiya.com\/ar\/product\/pepe-jeans-shoes\/","title":{"rendered":"Pepe Jeans SHOES"},"content":{"rendered":"<p>R\u00e9f\u00e9rence :\u00a0PMS00020-999Les chaussures Pepe Jeans incarnent parfaitement l\u2019esprit urbain et contemporain de la marque. Con\u00e7ues pour un usage quotidien, elles allient style moderne, confort optimal et qualit\u00e9 de fabrication. Inspir\u00e9es par la mode londonienne, elles se distinguent par des lignes \u00e9pur\u00e9es, des finitions soign\u00e9es et des mat\u00e9riaux soigneusement s\u00e9lectionn\u00e9s.La tige, r\u00e9alis\u00e9e en textile, cuir synth\u00e9tique ou mati\u00e8res mixtes selon le mod\u00e8le, offre une excellente respirabilit\u00e9 et une grande r\u00e9sistance \u00e0 l\u2019usure. La semelle int\u00e9rieure assure un bon amorti pour un confort durable tout au long de la journ\u00e9e, tandis que la semelle ext\u00e9rieure garantit une adh\u00e9rence fiable sur diff\u00e9rents types de surfaces.Polyvalentes et faciles \u00e0 assortir, les chaussures Pepe Jeans s\u2019adaptent aussi bien \u00e0 un look casual, streetwear qu\u2019\u00e0 une tenue urbaine chic. Elles constituent un choix id\u00e9al pour ceux qui recherchent un \u00e9quilibre parfait entre tendance, praticit\u00e9 et identit\u00e9 de marque.<\/p>","protected":false},"excerpt":{"rendered":"<p>R\u00e9f\u00e9rence :\u00a0PMS00020-999Les chaussures Pepe Jeans incarnent parfaitement l\u2019esprit urbain et contemporain de la marque. Con\u00e7ues pour un usage quotidien, elles allient style moderne, confort optimal et qualit\u00e9 de fabrication. Inspir\u00e9es par la mode londonienne, elles se distinguent par des lignes \u00e9pur\u00e9es, des finitions soign\u00e9es et des mat\u00e9riaux soigneusement s\u00e9lectionn\u00e9s.La tige, r\u00e9alis\u00e9e en textile, cuir synth\u00e9tique ou mati\u00e8res mixtes selon le mod\u00e8le, offre une excellente respirabilit\u00e9 et une grande r\u00e9sistance \u00e0 l\u2019usure. La semelle int\u00e9rieure assure un bon amorti pour un confort durable tout au long de la journ\u00e9e, tandis que la semelle ext\u00e9rieure garantit une adh\u00e9rence fiable sur diff\u00e9rents types de surfaces.Polyvalentes et faciles \u00e0 assortir, les chaussures Pepe Jeans s\u2019adaptent aussi bien \u00e0 un look casual, streetwear qu\u2019\u00e0 une tenue urbaine chic. Elles constituent un choix id\u00e9al pour ceux qui recherchent un \u00e9quilibre parfait entre tendance, praticit\u00e9 et identit\u00e9 de marque.<\/p>","protected":false},"featured_media":21169,"comment_status":"open","ping_status":"closed","template":"","meta":{"_gspb_post_css":"","om_disable_all_campaigns":false,"_monsterinsights_skip_tracking":false,"_monsterinsights_sitenote_active":false,"_monsterinsights_sitenote_note":"","_monsterinsights_sitenote_category":0},"product_brand":[],"product_cat":[174,92],"product_tag":[],"class_list":{"0":"post-21168","1":"product","2":"type-product","3":"status-publish","4":"has-post-thumbnail","6":"product_cat-baskets-hommes","7":"product_cat-hommes","9":"first","10":"instock","11":"shipping-taxable","12":"purchasable","13":"product-type-variable"},"aioseo_notices":[],"jetpack_sharing_enabled":true,"_links":{"self":[{"href":"https:\/\/ahdhiya.com\/ar\/wp-json\/wp\/v2\/product\/21168","targetHints":{"allow":["GET"]}}],"collection":[{"href":"https:\/\/ahdhiya.com\/ar\/wp-json\/wp\/v2\/product"}],"about":[{"href":"https:\/\/ahdhiya.com\/ar\/wp-json\/wp\/v2\/types\/product"}],"replies":[{"embeddable":true,"href":"https:\/\/ahdhiya.com\/ar\/wp-json\/wp\/v2\/comments?post=21168"}],"wp:featuredmedia":[{"embeddable":true,"href":"https:\/\/ahdhiya.com\/ar\/wp-json\/wp\/v2\/media\/21169"}],"wp:attachment":[{"href":"https:\/\/ahdhiya.com\/ar\/wp-json\/wp\/v2\/media?parent=21168"}],"wp:term":[{"taxonomy":"product_brand","embeddable":true,"href":"https:\/\/ahdhiya.com\/ar\/wp-json\/wp\/v2\/product_brand?post=21168"},{"taxonomy":"product_cat","embeddable":true,"href":"https:\/\/ahdhiya.com\/ar\/wp-json\/wp\/v2\/product_cat?post=21168"},{"taxonomy":"product_tag","embeddable":true,"href":"https:\/\/ahdhiya.com\/ar\/wp-json\/wp\/v2\/product_tag?post=21168"}],"curies":[{"name":"wp","href":"https:\/\/api.w.org\/{rel}","templated":true}]}}