{"id":21182,"date":"2026-01-27T20:47:10","date_gmt":"2026-01-27T20:47:10","guid":{"rendered":"https:\/\/ahdhiya.com\/produit\/chicco-chaussures-pour-enfant\/"},"modified":"2026-03-12T14:04:38","modified_gmt":"2026-03-12T14:04:38","slug":"chicco-chaussures-pour-enfant","status":"publish","type":"product","link":"https:\/\/ahdhiya.com\/ar\/product\/chicco-chaussures-pour-enfant\/","title":{"rendered":"CHICCO CHAUSSURES POUR ENFANT"},"content":{"rendered":"<p>Description :\u00a0R\u00e9ference:01066085000000-800Offrez \u00e0 votre b\u00e9b\u00e9 un confort optimal et un style moderne avec ces chaussures montantes pour gar\u00e7on, parfaites pour accompagner ses premiers pas en toute s\u00e9curit\u00e9.Con\u00e7ues dans des tons bleu marine et gris, elles pr\u00e9sentent un design sobre et tendance, rehauss\u00e9 par un patch d\u00e9coratif \u201cOut of Time\u201d qui apporte une touche urbaine et actuelle. Leur fermeture \u00e0 double scratch permet un enfilage rapide et un ajustement facile, id\u00e9al pour le quotidien.La semelle ext\u00e9rieure antid\u00e9rapante, souple et r\u00e9sistante, assure une excellente stabilit\u00e9 et favorise une marche naturelle. L\u2019int\u00e9rieur est doucement rembourr\u00e9 pour garantir un confort maximal et un bon maintien du pied et de la cheville.Caract\u00e9ristiques :Chaussures montantes pour b\u00e9b\u00e9 gar\u00e7onFermeture pratique \u00e0 scratch (facile \u00e0 enfiler)Semelle souple et antid\u00e9rapanteBon maintien de la chevilleDesign moderne et sportifId\u00e9ales pour les premiers pas et l\u2019usage quotidienCes chaussures sont parfaites pour les sorties, la cr\u00e8che ou les promenades, alliant s\u00e9curit\u00e9, confort et style pour votre petit gar\u00e7on.MADE IN CHINA .<\/p>","protected":false},"excerpt":{"rendered":"<p>Description :\u00a0R\u00e9ference:01066085000000-800Offrez \u00e0 votre b\u00e9b\u00e9 un confort optimal et un style moderne avec ces chaussures montantes pour gar\u00e7on, parfaites pour accompagner ses premiers pas en toute s\u00e9curit\u00e9.Con\u00e7ues dans des tons bleu marine et gris, elles pr\u00e9sentent un design sobre et tendance, rehauss\u00e9 par un patch d\u00e9coratif \u201cOut of Time\u201d qui apporte une touche urbaine et actuelle. Leur fermeture \u00e0 double scratch permet un enfilage rapide et un ajustement facile, id\u00e9al pour le quotidien.La semelle ext\u00e9rieure antid\u00e9rapante, souple et r\u00e9sistante, assure une excellente stabilit\u00e9 et favorise une marche naturelle. L\u2019int\u00e9rieur est doucement rembourr\u00e9 pour garantir un confort maximal et un bon maintien du pied et de la cheville.Caract\u00e9ristiques :Chaussures montantes pour b\u00e9b\u00e9 gar\u00e7onFermeture pratique \u00e0 scratch (facile \u00e0 enfiler)Semelle souple et antid\u00e9rapanteBon maintien de la chevilleDesign moderne et sportifId\u00e9ales pour les premiers pas et l\u2019usage quotidienCes chaussures sont parfaites pour les sorties, la cr\u00e8che ou les promenades, alliant s\u00e9curit\u00e9, confort et style pour votre petit gar\u00e7on.MADE IN CHINA .<\/p>","protected":false},"featured_media":21183,"comment_status":"open","ping_status":"closed","template":"","meta":{"_gspb_post_css":"","om_disable_all_campaigns":false,"_monsterinsights_skip_tracking":false,"_monsterinsights_sitenote_active":false,"_monsterinsights_sitenote_note":"","_monsterinsights_sitenote_category":0},"product_brand":[],"product_cat":[177,93],"product_tag":[],"class_list":{"0":"post-21182","1":"product","2":"type-product","3":"status-publish","4":"has-post-thumbnail","6":"product_cat-chaussures-enfant-et-bebe","7":"product_cat-enfant-et-bebe","9":"first","10":"instock","11":"shipping-taxable","12":"purchasable","13":"product-type-variable"},"aioseo_notices":[],"jetpack_sharing_enabled":true,"_links":{"self":[{"href":"https:\/\/ahdhiya.com\/ar\/wp-json\/wp\/v2\/product\/21182","targetHints":{"allow":["GET"]}}],"collection":[{"href":"https:\/\/ahdhiya.com\/ar\/wp-json\/wp\/v2\/product"}],"about":[{"href":"https:\/\/ahdhiya.com\/ar\/wp-json\/wp\/v2\/types\/product"}],"replies":[{"embeddable":true,"href":"https:\/\/ahdhiya.com\/ar\/wp-json\/wp\/v2\/comments?post=21182"}],"wp:featuredmedia":[{"embeddable":true,"href":"https:\/\/ahdhiya.com\/ar\/wp-json\/wp\/v2\/media\/21183"}],"wp:attachment":[{"href":"https:\/\/ahdhiya.com\/ar\/wp-json\/wp\/v2\/media?parent=21182"}],"wp:term":[{"taxonomy":"product_brand","embeddable":true,"href":"https:\/\/ahdhiya.com\/ar\/wp-json\/wp\/v2\/product_brand?post=21182"},{"taxonomy":"product_cat","embeddable":true,"href":"https:\/\/ahdhiya.com\/ar\/wp-json\/wp\/v2\/product_cat?post=21182"},{"taxonomy":"product_tag","embeddable":true,"href":"https:\/\/ahdhiya.com\/ar\/wp-json\/wp\/v2\/product_tag?post=21182"}],"curies":[{"name":"wp","href":"https:\/\/api.w.org\/{rel}","templated":true}]}}