{"id":21210,"date":"2026-01-27T20:48:11","date_gmt":"2026-01-27T20:48:11","guid":{"rendered":"https:\/\/ahdhiya.com\/produit\/pepe-jeans-shoes-3\/"},"modified":"2026-03-12T14:04:38","modified_gmt":"2026-03-12T14:04:38","slug":"pepe-jeans-shoes-3","status":"publish","type":"product","link":"https:\/\/ahdhiya.com\/ar\/product\/pepe-jeans-shoes-3\/","title":{"rendered":"Pepe Jeans SHOES"},"content":{"rendered":"<p>\u00a0R\u00e9f\u00e9rence KIMLAND:\u00a0PMS40014-800Les chaussures\u00a0Pepe Jeans\u00a0incarnent parfaitement l\u2019esprit urbain et contemporain de la marque. Con\u00e7ues pour un usage quotidien, elles allient\u00a0style moderne,\u00a0confort optimal\u00a0et\u00a0qualit\u00e9 de fabrication. Inspir\u00e9es par la mode londonienne, elles se distinguent par des lignes \u00e9pur\u00e9es, des finitions soign\u00e9es et des mat\u00e9riaux soigneusement s\u00e9lectionn\u00e9s.La tige, r\u00e9alis\u00e9e en textile, cuir synth\u00e9tique ou mati\u00e8res mixtes selon le mod\u00e8le, offre une excellente respirabilit\u00e9 et une grande r\u00e9sistance \u00e0 l\u2019usure. La semelle int\u00e9rieure assure un bon amorti pour un confort durable tout au long de la journ\u00e9e, tandis que la semelle ext\u00e9rieure garantit une adh\u00e9rence fiable sur diff\u00e9rents types de surfaces.Polyvalentes et faciles \u00e0 assortir, les chaussures Pepe Jeans s\u2019adaptent aussi bien \u00e0 un\u00a0look casual,\u00a0streetwear\u00a0qu\u2019\u00e0 une tenue\u00a0urbaine chic. Elles constituent un choix id\u00e9al pour ceux qui recherchent un \u00e9quilibre parfait entre\u00a0tendance,\u00a0praticit\u00e9\u00a0et\u00a0identit\u00e9 de marque.\u00a0<\/p>","protected":false},"excerpt":{"rendered":"<p>\u00a0R\u00e9f\u00e9rence KIMLAND:\u00a0PMS40014-800Les chaussures\u00a0Pepe Jeans\u00a0incarnent parfaitement l\u2019esprit urbain et contemporain de la marque. Con\u00e7ues pour un usage quotidien, elles allient\u00a0style moderne,\u00a0confort optimal\u00a0et\u00a0qualit\u00e9 de fabrication. Inspir\u00e9es par la mode londonienne, elles se distinguent par des lignes \u00e9pur\u00e9es, des finitions soign\u00e9es et des mat\u00e9riaux soigneusement s\u00e9lectionn\u00e9s.La tige, r\u00e9alis\u00e9e en textile, cuir synth\u00e9tique ou mati\u00e8res mixtes selon le mod\u00e8le, offre une excellente respirabilit\u00e9 et une grande r\u00e9sistance \u00e0 l\u2019usure. La semelle int\u00e9rieure assure un bon amorti pour un confort durable tout au long de la journ\u00e9e, tandis que la semelle ext\u00e9rieure garantit une adh\u00e9rence fiable sur diff\u00e9rents types de surfaces.Polyvalentes et faciles \u00e0 assortir, les chaussures Pepe Jeans s\u2019adaptent aussi bien \u00e0 un\u00a0look casual,\u00a0streetwear\u00a0qu\u2019\u00e0 une tenue\u00a0urbaine chic. Elles constituent un choix id\u00e9al pour ceux qui recherchent un \u00e9quilibre parfait entre\u00a0tendance,\u00a0praticit\u00e9\u00a0et\u00a0identit\u00e9 de marque.\u00a0<\/p>","protected":false},"featured_media":21211,"comment_status":"open","ping_status":"closed","template":"","meta":{"_gspb_post_css":"","om_disable_all_campaigns":false,"_monsterinsights_skip_tracking":false,"_monsterinsights_sitenote_active":false,"_monsterinsights_sitenote_note":"","_monsterinsights_sitenote_category":0},"product_brand":[],"product_cat":[174,92],"product_tag":[],"class_list":{"0":"post-21210","1":"product","2":"type-product","3":"status-publish","4":"has-post-thumbnail","6":"product_cat-baskets-hommes","7":"product_cat-hommes","9":"first","10":"instock","11":"shipping-taxable","12":"purchasable","13":"product-type-variable"},"aioseo_notices":[],"jetpack_sharing_enabled":true,"_links":{"self":[{"href":"https:\/\/ahdhiya.com\/ar\/wp-json\/wp\/v2\/product\/21210","targetHints":{"allow":["GET"]}}],"collection":[{"href":"https:\/\/ahdhiya.com\/ar\/wp-json\/wp\/v2\/product"}],"about":[{"href":"https:\/\/ahdhiya.com\/ar\/wp-json\/wp\/v2\/types\/product"}],"replies":[{"embeddable":true,"href":"https:\/\/ahdhiya.com\/ar\/wp-json\/wp\/v2\/comments?post=21210"}],"wp:featuredmedia":[{"embeddable":true,"href":"https:\/\/ahdhiya.com\/ar\/wp-json\/wp\/v2\/media\/21211"}],"wp:attachment":[{"href":"https:\/\/ahdhiya.com\/ar\/wp-json\/wp\/v2\/media?parent=21210"}],"wp:term":[{"taxonomy":"product_brand","embeddable":true,"href":"https:\/\/ahdhiya.com\/ar\/wp-json\/wp\/v2\/product_brand?post=21210"},{"taxonomy":"product_cat","embeddable":true,"href":"https:\/\/ahdhiya.com\/ar\/wp-json\/wp\/v2\/product_cat?post=21210"},{"taxonomy":"product_tag","embeddable":true,"href":"https:\/\/ahdhiya.com\/ar\/wp-json\/wp\/v2\/product_tag?post=21210"}],"curies":[{"name":"wp","href":"https:\/\/api.w.org\/{rel}","templated":true}]}}