{"id":21320,"date":"2026-01-27T20:56:26","date_gmt":"2026-01-27T20:56:26","guid":{"rendered":"https:\/\/ahdhiya.com\/produit\/chicco-chaussures-pour-enfant-3\/"},"modified":"2026-03-12T14:04:38","modified_gmt":"2026-03-12T14:04:38","slug":"chicco-chaussures-pour-enfant-3","status":"publish","type":"product","link":"https:\/\/ahdhiya.com\/ar\/product\/chicco-chaussures-pour-enfant-3\/","title":{"rendered":"CHICCO CHAUSSURES POUR ENFANT"},"content":{"rendered":"<p>Description :\u00a0R\u00e9ference :\u00a001064536000000-870\u00a0Craquez pour ces bottines pour fille au design tendance, parfaites pour accompagner les looks d\u2019hiver avec \u00e9l\u00e9gance. Con\u00e7ues dans une finition noire brillante avec empi\u00e8cements paillet\u00e9s, elles apportent une touche chic tout en restant pratiques et confortables.Dot\u00e9es de lacets \u00e0 l\u2019avant pour un bon maintien et d\u2019une fermeture zipp\u00e9e lat\u00e9rale, ces bottines sont faciles \u00e0 enfiler et \u00e0 retirer, id\u00e9ales pour un usage quotidien. La bride d\u00e9corative avec boucle et clous m\u00e9talliques ajoute un style moderne et affirm\u00e9 qui plaira aux petites fashionistas.La semelle \u00e9paisse antid\u00e9rapante assure une excellente stabilit\u00e9 et une bonne adh\u00e9rence, tandis que l\u2019int\u00e9rieur doux garantit un confort optimal tout au long de la journ\u00e9e.Caract\u00e9ristiques :Mod\u00e8le : Bottines filleCouleur : Noir avec paillettesFermeture : Lacets + zip lat\u00e9ralD\u00e9tails : Bride d\u00e9corative, boucle m\u00e9tallique, clousSemelle : \u00c9paisse, r\u00e9sistante et antid\u00e9rapanteStyle : Chic, moderne, id\u00e9al pour l\u2019automne et l\u2019hiverParfaites pour l\u2019\u00e9cole, les sorties ou les occasions sp\u00e9ciales, ces bottines allient style, s\u00e9curit\u00e9 et confort.MADE IN CHINA .<\/p>","protected":false},"excerpt":{"rendered":"<p>Description :\u00a0R\u00e9ference :\u00a001064536000000-870\u00a0Craquez pour ces bottines pour fille au design tendance, parfaites pour accompagner les looks d\u2019hiver avec \u00e9l\u00e9gance. Con\u00e7ues dans une finition noire brillante avec empi\u00e8cements paillet\u00e9s, elles apportent une touche chic tout en restant pratiques et confortables.Dot\u00e9es de lacets \u00e0 l\u2019avant pour un bon maintien et d\u2019une fermeture zipp\u00e9e lat\u00e9rale, ces bottines sont faciles \u00e0 enfiler et \u00e0 retirer, id\u00e9ales pour un usage quotidien. La bride d\u00e9corative avec boucle et clous m\u00e9talliques ajoute un style moderne et affirm\u00e9 qui plaira aux petites fashionistas.La semelle \u00e9paisse antid\u00e9rapante assure une excellente stabilit\u00e9 et une bonne adh\u00e9rence, tandis que l\u2019int\u00e9rieur doux garantit un confort optimal tout au long de la journ\u00e9e.Caract\u00e9ristiques :Mod\u00e8le : Bottines filleCouleur : Noir avec paillettesFermeture : Lacets + zip lat\u00e9ralD\u00e9tails : Bride d\u00e9corative, boucle m\u00e9tallique, clousSemelle : \u00c9paisse, r\u00e9sistante et antid\u00e9rapanteStyle : Chic, moderne, id\u00e9al pour l\u2019automne et l\u2019hiverParfaites pour l\u2019\u00e9cole, les sorties ou les occasions sp\u00e9ciales, ces bottines allient style, s\u00e9curit\u00e9 et confort.MADE IN CHINA .<\/p>","protected":false},"featured_media":21321,"comment_status":"open","ping_status":"closed","template":"","meta":{"_gspb_post_css":"","om_disable_all_campaigns":false,"_monsterinsights_skip_tracking":false,"_monsterinsights_sitenote_active":false,"_monsterinsights_sitenote_note":"","_monsterinsights_sitenote_category":0},"product_brand":[],"product_cat":[177,93],"product_tag":[],"class_list":{"0":"post-21320","1":"product","2":"type-product","3":"status-publish","4":"has-post-thumbnail","6":"product_cat-chaussures-enfant-et-bebe","7":"product_cat-enfant-et-bebe","9":"first","10":"instock","11":"shipping-taxable","12":"purchasable","13":"product-type-variable"},"aioseo_notices":[],"jetpack_sharing_enabled":true,"_links":{"self":[{"href":"https:\/\/ahdhiya.com\/ar\/wp-json\/wp\/v2\/product\/21320","targetHints":{"allow":["GET"]}}],"collection":[{"href":"https:\/\/ahdhiya.com\/ar\/wp-json\/wp\/v2\/product"}],"about":[{"href":"https:\/\/ahdhiya.com\/ar\/wp-json\/wp\/v2\/types\/product"}],"replies":[{"embeddable":true,"href":"https:\/\/ahdhiya.com\/ar\/wp-json\/wp\/v2\/comments?post=21320"}],"wp:featuredmedia":[{"embeddable":true,"href":"https:\/\/ahdhiya.com\/ar\/wp-json\/wp\/v2\/media\/21321"}],"wp:attachment":[{"href":"https:\/\/ahdhiya.com\/ar\/wp-json\/wp\/v2\/media?parent=21320"}],"wp:term":[{"taxonomy":"product_brand","embeddable":true,"href":"https:\/\/ahdhiya.com\/ar\/wp-json\/wp\/v2\/product_brand?post=21320"},{"taxonomy":"product_cat","embeddable":true,"href":"https:\/\/ahdhiya.com\/ar\/wp-json\/wp\/v2\/product_cat?post=21320"},{"taxonomy":"product_tag","embeddable":true,"href":"https:\/\/ahdhiya.com\/ar\/wp-json\/wp\/v2\/product_tag?post=21320"}],"curies":[{"name":"wp","href":"https:\/\/api.w.org\/{rel}","templated":true}]}}