{"id":21337,"date":"2026-01-27T20:56:57","date_gmt":"2026-01-27T20:56:57","guid":{"rendered":"https:\/\/ahdhiya.com\/produit\/chicco-chaussures-pour-enfant-4\/"},"modified":"2026-03-12T14:04:38","modified_gmt":"2026-03-12T14:04:38","slug":"chicco-chaussures-pour-enfant-4","status":"publish","type":"product","link":"https:\/\/ahdhiya.com\/ar\/product\/chicco-chaussures-pour-enfant-4\/","title":{"rendered":"CHICCO CHAUSSURES POUR ENFANT"},"content":{"rendered":"<p>Description :\u00a0R\u00e9ference:01066171000000-020Ces adorables chaussures pour b\u00e9b\u00e9 sont con\u00e7ues pour offrir confort, s\u00e9curit\u00e9 et style d\u00e8s les premiers pas. Leur coloris argent\u00e9 paillet\u00e9, associ\u00e9 \u00e0 des finitions rose vif, apporte une touche douce et moderne qui plaira autant aux parents qu\u2019aux tout-petits.Fabriqu\u00e9es avec une mati\u00e8re souple et l\u00e9g\u00e8re, elles respectent la morphologie des pieds de b\u00e9b\u00e9 et assurent un confort optimal tout au long de la journ\u00e9e. La fermeture \u00e0 scratch, facile \u00e0 manipuler, permet un enfilage rapide et un ajustement parfait, tout en maintenant le pied en toute s\u00e9curit\u00e9.La semelle ext\u00e9rieure Flex Zone, souple et antid\u00e9rapante, favorise une marche naturelle et stable, id\u00e9ale pour l\u2019apprentissage de la marche. L\u2019int\u00e9rieur est doux et agr\u00e9able, adapt\u00e9 aux pieds sensibles des b\u00e9b\u00e9s.Caract\u00e9ristiques :Chaussures b\u00e9b\u00e9 confortables et l\u00e9g\u00e8resFermeture pratique \u00e0 scratch pour un bon maintienDesign argent\u00e9 paillet\u00e9 avec d\u00e9tails roseSemelle souple et antid\u00e9rapante (Flex Zone)Int\u00e9rieur doux, adapt\u00e9 aux pieds d\u00e9licatsId\u00e9ales pour les premiers pas et l\u2019usage quotidienUn mod\u00e8le parfait pour accompagner b\u00e9b\u00e9 avec confort, s\u00e9curit\u00e9 et \u00e9l\u00e9gance d\u00e8s ses premi\u00e8res aventures.MADE IN CHINA .<\/p>","protected":false},"excerpt":{"rendered":"<p>Description :\u00a0R\u00e9ference:01066171000000-020Ces adorables chaussures pour b\u00e9b\u00e9 sont con\u00e7ues pour offrir confort, s\u00e9curit\u00e9 et style d\u00e8s les premiers pas. Leur coloris argent\u00e9 paillet\u00e9, associ\u00e9 \u00e0 des finitions rose vif, apporte une touche douce et moderne qui plaira autant aux parents qu\u2019aux tout-petits.Fabriqu\u00e9es avec une mati\u00e8re souple et l\u00e9g\u00e8re, elles respectent la morphologie des pieds de b\u00e9b\u00e9 et assurent un confort optimal tout au long de la journ\u00e9e. La fermeture \u00e0 scratch, facile \u00e0 manipuler, permet un enfilage rapide et un ajustement parfait, tout en maintenant le pied en toute s\u00e9curit\u00e9.La semelle ext\u00e9rieure Flex Zone, souple et antid\u00e9rapante, favorise une marche naturelle et stable, id\u00e9ale pour l\u2019apprentissage de la marche. L\u2019int\u00e9rieur est doux et agr\u00e9able, adapt\u00e9 aux pieds sensibles des b\u00e9b\u00e9s.Caract\u00e9ristiques :Chaussures b\u00e9b\u00e9 confortables et l\u00e9g\u00e8resFermeture pratique \u00e0 scratch pour un bon maintienDesign argent\u00e9 paillet\u00e9 avec d\u00e9tails roseSemelle souple et antid\u00e9rapante (Flex Zone)Int\u00e9rieur doux, adapt\u00e9 aux pieds d\u00e9licatsId\u00e9ales pour les premiers pas et l\u2019usage quotidienUn mod\u00e8le parfait pour accompagner b\u00e9b\u00e9 avec confort, s\u00e9curit\u00e9 et \u00e9l\u00e9gance d\u00e8s ses premi\u00e8res aventures.MADE IN CHINA .<\/p>","protected":false},"featured_media":21338,"comment_status":"open","ping_status":"closed","template":"","meta":{"_gspb_post_css":"","om_disable_all_campaigns":false,"_monsterinsights_skip_tracking":false,"_monsterinsights_sitenote_active":false,"_monsterinsights_sitenote_note":"","_monsterinsights_sitenote_category":0},"product_brand":[],"product_cat":[177,93],"product_tag":[],"class_list":{"0":"post-21337","1":"product","2":"type-product","3":"status-publish","4":"has-post-thumbnail","6":"product_cat-chaussures-enfant-et-bebe","7":"product_cat-enfant-et-bebe","9":"first","10":"instock","11":"shipping-taxable","12":"purchasable","13":"product-type-variable"},"aioseo_notices":[],"jetpack_sharing_enabled":true,"_links":{"self":[{"href":"https:\/\/ahdhiya.com\/ar\/wp-json\/wp\/v2\/product\/21337","targetHints":{"allow":["GET"]}}],"collection":[{"href":"https:\/\/ahdhiya.com\/ar\/wp-json\/wp\/v2\/product"}],"about":[{"href":"https:\/\/ahdhiya.com\/ar\/wp-json\/wp\/v2\/types\/product"}],"replies":[{"embeddable":true,"href":"https:\/\/ahdhiya.com\/ar\/wp-json\/wp\/v2\/comments?post=21337"}],"wp:featuredmedia":[{"embeddable":true,"href":"https:\/\/ahdhiya.com\/ar\/wp-json\/wp\/v2\/media\/21338"}],"wp:attachment":[{"href":"https:\/\/ahdhiya.com\/ar\/wp-json\/wp\/v2\/media?parent=21337"}],"wp:term":[{"taxonomy":"product_brand","embeddable":true,"href":"https:\/\/ahdhiya.com\/ar\/wp-json\/wp\/v2\/product_brand?post=21337"},{"taxonomy":"product_cat","embeddable":true,"href":"https:\/\/ahdhiya.com\/ar\/wp-json\/wp\/v2\/product_cat?post=21337"},{"taxonomy":"product_tag","embeddable":true,"href":"https:\/\/ahdhiya.com\/ar\/wp-json\/wp\/v2\/product_tag?post=21337"}],"curies":[{"name":"wp","href":"https:\/\/api.w.org\/{rel}","templated":true}]}}