{"id":21356,"date":"2026-01-27T20:57:14","date_gmt":"2026-01-27T20:57:14","guid":{"rendered":"https:\/\/ahdhiya.com\/produit\/chicco-chaussures-pour-enfant-5\/"},"modified":"2026-03-12T14:04:38","modified_gmt":"2026-03-12T14:04:38","slug":"chicco-chaussures-pour-enfant-5","status":"publish","type":"product","link":"https:\/\/ahdhiya.com\/ar\/product\/chicco-chaussures-pour-enfant-5\/","title":{"rendered":"CHICCO CHAUSSURES POUR ENFANT"},"content":{"rendered":"<p>Description :\u00a0R\u00e9ference:01066011000000-110\u00a0Craquez pour ces adorables chaussures pour b\u00e9b\u00e9 fille, con\u00e7ues pour offrir confort, s\u00e9curit\u00e9 et une touche de tendresse d\u00e8s les premiers pas. Leur joli coloris rose pastel, sublim\u00e9 par de petites \u00e9toiles argent\u00e9es, apporte un style doux et f\u00e9erique qui plaira autant aux parents qu\u2019aux tout-petits.La fermeture \u00e0 scratch large et pratique permet un enfilage facile et rapide, tout en assurant un bon maintien du pied sans le comprimer. La tige souple \u00e9pouse naturellement la forme du pied de b\u00e9b\u00e9, id\u00e9ale pour un usage quotidien \u00e0 la maison comme \u00e0 l\u2019ext\u00e9rieur.La semelle flexible et antid\u00e9rapante accompagne les mouvements naturels du pied et favorise l\u2019\u00e9quilibre lors de l\u2019apprentissage de la marche. L\u2019int\u00e9rieur est moelleux et confortable, offrant une sensation de douceur et de chaleur \u00e0 chaque pas.Un mod\u00e8le \u00e0 la fois mignon, pratique et rassurant, parfait pour accompagner b\u00e9b\u00e9 fille dans toutes ses premi\u00e8res aventures.Caract\u00e9ristiques :Chaussures pour b\u00e9b\u00e9 filleColoris rose avec motifs \u00e9toiles argent\u00e9esFermeture \u00e0 scratch pratiqueSemelle souple, flexible et antid\u00e9rapanteInt\u00e9rieur doux et confortableId\u00e9ales pour les premiers pas et le quotidienUn choix parfait pour allier confort, s\u00e9curit\u00e9 et style tout en douceurMADE IN CHINA .<\/p>","protected":false},"excerpt":{"rendered":"<p>Description :\u00a0R\u00e9ference:01066011000000-110\u00a0Craquez pour ces adorables chaussures pour b\u00e9b\u00e9 fille, con\u00e7ues pour offrir confort, s\u00e9curit\u00e9 et une touche de tendresse d\u00e8s les premiers pas. Leur joli coloris rose pastel, sublim\u00e9 par de petites \u00e9toiles argent\u00e9es, apporte un style doux et f\u00e9erique qui plaira autant aux parents qu\u2019aux tout-petits.La fermeture \u00e0 scratch large et pratique permet un enfilage facile et rapide, tout en assurant un bon maintien du pied sans le comprimer. La tige souple \u00e9pouse naturellement la forme du pied de b\u00e9b\u00e9, id\u00e9ale pour un usage quotidien \u00e0 la maison comme \u00e0 l\u2019ext\u00e9rieur.La semelle flexible et antid\u00e9rapante accompagne les mouvements naturels du pied et favorise l\u2019\u00e9quilibre lors de l\u2019apprentissage de la marche. L\u2019int\u00e9rieur est moelleux et confortable, offrant une sensation de douceur et de chaleur \u00e0 chaque pas.Un mod\u00e8le \u00e0 la fois mignon, pratique et rassurant, parfait pour accompagner b\u00e9b\u00e9 fille dans toutes ses premi\u00e8res aventures.Caract\u00e9ristiques :Chaussures pour b\u00e9b\u00e9 filleColoris rose avec motifs \u00e9toiles argent\u00e9esFermeture \u00e0 scratch pratiqueSemelle souple, flexible et antid\u00e9rapanteInt\u00e9rieur doux et confortableId\u00e9ales pour les premiers pas et le quotidienUn choix parfait pour allier confort, s\u00e9curit\u00e9 et style tout en douceurMADE IN CHINA .<\/p>","protected":false},"featured_media":21357,"comment_status":"open","ping_status":"closed","template":"","meta":{"_gspb_post_css":"","om_disable_all_campaigns":false,"_monsterinsights_skip_tracking":false,"_monsterinsights_sitenote_active":false,"_monsterinsights_sitenote_note":"","_monsterinsights_sitenote_category":0},"product_brand":[],"product_cat":[177,93],"product_tag":[],"class_list":{"0":"post-21356","1":"product","2":"type-product","3":"status-publish","4":"has-post-thumbnail","6":"product_cat-chaussures-enfant-et-bebe","7":"product_cat-enfant-et-bebe","9":"first","10":"instock","11":"shipping-taxable","12":"purchasable","13":"product-type-variable"},"aioseo_notices":[],"jetpack_sharing_enabled":true,"_links":{"self":[{"href":"https:\/\/ahdhiya.com\/ar\/wp-json\/wp\/v2\/product\/21356","targetHints":{"allow":["GET"]}}],"collection":[{"href":"https:\/\/ahdhiya.com\/ar\/wp-json\/wp\/v2\/product"}],"about":[{"href":"https:\/\/ahdhiya.com\/ar\/wp-json\/wp\/v2\/types\/product"}],"replies":[{"embeddable":true,"href":"https:\/\/ahdhiya.com\/ar\/wp-json\/wp\/v2\/comments?post=21356"}],"wp:featuredmedia":[{"embeddable":true,"href":"https:\/\/ahdhiya.com\/ar\/wp-json\/wp\/v2\/media\/21357"}],"wp:attachment":[{"href":"https:\/\/ahdhiya.com\/ar\/wp-json\/wp\/v2\/media?parent=21356"}],"wp:term":[{"taxonomy":"product_brand","embeddable":true,"href":"https:\/\/ahdhiya.com\/ar\/wp-json\/wp\/v2\/product_brand?post=21356"},{"taxonomy":"product_cat","embeddable":true,"href":"https:\/\/ahdhiya.com\/ar\/wp-json\/wp\/v2\/product_cat?post=21356"},{"taxonomy":"product_tag","embeddable":true,"href":"https:\/\/ahdhiya.com\/ar\/wp-json\/wp\/v2\/product_tag?post=21356"}],"curies":[{"name":"wp","href":"https:\/\/api.w.org\/{rel}","templated":true}]}}