{"id":21375,"date":"2026-01-27T20:58:22","date_gmt":"2026-01-27T20:58:22","guid":{"rendered":"https:\/\/ahdhiya.com\/produit\/chicco-chaussures-pour-enfant-6\/"},"modified":"2026-03-12T14:04:39","modified_gmt":"2026-03-12T14:04:39","slug":"chicco-chaussures-pour-enfant-6","status":"publish","type":"product","link":"https:\/\/ahdhiya.com\/ar\/product\/chicco-chaussures-pour-enfant-6\/","title":{"rendered":"CHICCO CHAUSSURES POUR ENFANT"},"content":{"rendered":"<p>Description :\u00a0R\u00e9ference:01066141000000-950\u00a0Ces jolies bottines pour fille sont id\u00e9ales pour affronter les journ\u00e9es fra\u00eeches tout en gardant un style mignon et \u00e9l\u00e9gant. Leur coloris gris doux, associ\u00e9 \u00e0 de petits motifs scintillants sur la tige, apporte une touche brillante et raffin\u00e9e qui plaira \u00e0 coup s\u00fbr.Le design est sublim\u00e9 par un adorable motif brod\u00e9 \u00e0 l\u2019avant, \u00e9voquant un petit visage, ainsi que par des d\u00e9tails argent\u00e9s sur les c\u00f4t\u00e9s, ajoutant une note ludique et f\u00e9minine. L\u2019int\u00e9rieur est chaud et moelleux, parfait pour garder les pieds bien au chaud durant l\u2019automne et l\u2019hiver.La semelle \u00e9paisse, souple et antid\u00e9rapante assure une bonne stabilit\u00e9 et un confort optimal lors de la marche. La coupe montante prot\u00e8ge la cheville tout en offrant un bon maintien pour un usage quotidien.\u00a0Caract\u00e9ristiques :Bottines pour filleColoris gris avec d\u00e9tails scintillantsMotif brod\u00e9 d\u00e9coratif \u00e0 l\u2019avantInt\u00e9rieur doux et chaudSemelle \u00e9paisse, souple et antid\u00e9rapanteBon maintien de la chevilleId\u00e9ales pour l\u2019automne et l\u2019hiverUn mod\u00e8le parfait pour allier chaleur, confort et style, que ce soit pour l\u2019\u00e9cole, les sorties ou les moments de jeuMADE IN CHINA .<\/p>","protected":false},"excerpt":{"rendered":"<p>Description :\u00a0R\u00e9ference:01066141000000-950\u00a0Ces jolies bottines pour fille sont id\u00e9ales pour affronter les journ\u00e9es fra\u00eeches tout en gardant un style mignon et \u00e9l\u00e9gant. Leur coloris gris doux, associ\u00e9 \u00e0 de petits motifs scintillants sur la tige, apporte une touche brillante et raffin\u00e9e qui plaira \u00e0 coup s\u00fbr.Le design est sublim\u00e9 par un adorable motif brod\u00e9 \u00e0 l\u2019avant, \u00e9voquant un petit visage, ainsi que par des d\u00e9tails argent\u00e9s sur les c\u00f4t\u00e9s, ajoutant une note ludique et f\u00e9minine. L\u2019int\u00e9rieur est chaud et moelleux, parfait pour garder les pieds bien au chaud durant l\u2019automne et l\u2019hiver.La semelle \u00e9paisse, souple et antid\u00e9rapante assure une bonne stabilit\u00e9 et un confort optimal lors de la marche. La coupe montante prot\u00e8ge la cheville tout en offrant un bon maintien pour un usage quotidien.\u00a0Caract\u00e9ristiques :Bottines pour filleColoris gris avec d\u00e9tails scintillantsMotif brod\u00e9 d\u00e9coratif \u00e0 l\u2019avantInt\u00e9rieur doux et chaudSemelle \u00e9paisse, souple et antid\u00e9rapanteBon maintien de la chevilleId\u00e9ales pour l\u2019automne et l\u2019hiverUn mod\u00e8le parfait pour allier chaleur, confort et style, que ce soit pour l\u2019\u00e9cole, les sorties ou les moments de jeuMADE IN CHINA .<\/p>","protected":false},"featured_media":21376,"comment_status":"open","ping_status":"closed","template":"","meta":{"_gspb_post_css":"","om_disable_all_campaigns":false,"_monsterinsights_skip_tracking":false,"_monsterinsights_sitenote_active":false,"_monsterinsights_sitenote_note":"","_monsterinsights_sitenote_category":0},"product_brand":[],"product_cat":[177,93],"product_tag":[],"class_list":{"0":"post-21375","1":"product","2":"type-product","3":"status-publish","4":"has-post-thumbnail","6":"product_cat-chaussures-enfant-et-bebe","7":"product_cat-enfant-et-bebe","9":"first","10":"instock","11":"shipping-taxable","12":"purchasable","13":"product-type-variable"},"aioseo_notices":[],"jetpack_sharing_enabled":true,"_links":{"self":[{"href":"https:\/\/ahdhiya.com\/ar\/wp-json\/wp\/v2\/product\/21375","targetHints":{"allow":["GET"]}}],"collection":[{"href":"https:\/\/ahdhiya.com\/ar\/wp-json\/wp\/v2\/product"}],"about":[{"href":"https:\/\/ahdhiya.com\/ar\/wp-json\/wp\/v2\/types\/product"}],"replies":[{"embeddable":true,"href":"https:\/\/ahdhiya.com\/ar\/wp-json\/wp\/v2\/comments?post=21375"}],"wp:featuredmedia":[{"embeddable":true,"href":"https:\/\/ahdhiya.com\/ar\/wp-json\/wp\/v2\/media\/21376"}],"wp:attachment":[{"href":"https:\/\/ahdhiya.com\/ar\/wp-json\/wp\/v2\/media?parent=21375"}],"wp:term":[{"taxonomy":"product_brand","embeddable":true,"href":"https:\/\/ahdhiya.com\/ar\/wp-json\/wp\/v2\/product_brand?post=21375"},{"taxonomy":"product_cat","embeddable":true,"href":"https:\/\/ahdhiya.com\/ar\/wp-json\/wp\/v2\/product_cat?post=21375"},{"taxonomy":"product_tag","embeddable":true,"href":"https:\/\/ahdhiya.com\/ar\/wp-json\/wp\/v2\/product_tag?post=21375"}],"curies":[{"name":"wp","href":"https:\/\/api.w.org\/{rel}","templated":true}]}}