{"id":21388,"date":"2026-01-27T20:58:49","date_gmt":"2026-01-27T20:58:49","guid":{"rendered":"https:\/\/ahdhiya.com\/produit\/chicco-chaussures-pour-enfant-7\/"},"modified":"2026-03-12T14:04:39","modified_gmt":"2026-03-12T14:04:39","slug":"chicco-chaussures-pour-enfant-7","status":"publish","type":"product","link":"https:\/\/ahdhiya.com\/ar\/product\/chicco-chaussures-pour-enfant-7\/","title":{"rendered":"CHICCO CHAUSSURES POUR ENFANT"},"content":{"rendered":"<p>Description :\u00a0R\u00e9ference :01066122000000-870\u00a0es bottines noires de la marque Chicco sont le m\u00e9lange parfait entre un style \u00ab\u00a0rock\u00a0\u00bb et une touche de f\u00e9erie pour les petites filles. Elles offrent un design sophistiqu\u00e9 tout en garantissant le soutien n\u00e9cessaire aux pieds en pleine croissance.Un Design F\u00e9minin et Travaill\u00e9Texture Matelass\u00e9e : La partie sup\u00e9rieure de la chaussure pr\u00e9sente un superbe motif de c\u0153urs en relief avec une finition paillet\u00e9e qui capte la lumi\u00e8re.D\u00e9tails Bijoux : Le c\u00f4t\u00e9 ext\u00e9rieur est orn\u00e9 d&rsquo;un grand c\u0153ur argent\u00e9 et d&rsquo;une rang\u00e9e de rivets m\u00e9talliques brillants pour un look tendance.Finition Moderne : Le contraste entre le similicuir lisse \u00e0 l&rsquo;avant et la tige d\u00e9cor\u00e9e apporte une touche de caract\u00e8re \u00e0 toutes les tenues.Confort et AutonomieFermeture \u00c9clair Pratique : Gr\u00e2ce au zip lat\u00e9ral robuste, votre enfant peut enfiler et retirer ses chaussures facilement et de mani\u00e8re autonome.Semelle \u00ab\u00a0Flex Zone\u00a0\u00bb : La semelle ext\u00e9rieure est dot\u00e9e de la technologie Flex Zone, offrant une souplesse optimale pour accompagner le mouvement naturel du pied lors de la marche.Stabilit\u00e9 et S\u00e9curit\u00e9 : La semelle en caoutchouc est grav\u00e9e de motifs d&rsquo;\u00e9toiles pour assurer une bonne adh\u00e9rence au sol et \u00e9viter les glissades. MADE IN CHINA .<\/p>","protected":false},"excerpt":{"rendered":"<p>Description :\u00a0R\u00e9ference :01066122000000-870\u00a0es bottines noires de la marque Chicco sont le m\u00e9lange parfait entre un style \u00ab\u00a0rock\u00a0\u00bb et une touche de f\u00e9erie pour les petites filles. Elles offrent un design sophistiqu\u00e9 tout en garantissant le soutien n\u00e9cessaire aux pieds en pleine croissance.Un Design F\u00e9minin et Travaill\u00e9Texture Matelass\u00e9e : La partie sup\u00e9rieure de la chaussure pr\u00e9sente un superbe motif de c\u0153urs en relief avec une finition paillet\u00e9e qui capte la lumi\u00e8re.D\u00e9tails Bijoux : Le c\u00f4t\u00e9 ext\u00e9rieur est orn\u00e9 d&rsquo;un grand c\u0153ur argent\u00e9 et d&rsquo;une rang\u00e9e de rivets m\u00e9talliques brillants pour un look tendance.Finition Moderne : Le contraste entre le similicuir lisse \u00e0 l&rsquo;avant et la tige d\u00e9cor\u00e9e apporte une touche de caract\u00e8re \u00e0 toutes les tenues.Confort et AutonomieFermeture \u00c9clair Pratique : Gr\u00e2ce au zip lat\u00e9ral robuste, votre enfant peut enfiler et retirer ses chaussures facilement et de mani\u00e8re autonome.Semelle \u00ab\u00a0Flex Zone\u00a0\u00bb : La semelle ext\u00e9rieure est dot\u00e9e de la technologie Flex Zone, offrant une souplesse optimale pour accompagner le mouvement naturel du pied lors de la marche.Stabilit\u00e9 et S\u00e9curit\u00e9 : La semelle en caoutchouc est grav\u00e9e de motifs d&rsquo;\u00e9toiles pour assurer une bonne adh\u00e9rence au sol et \u00e9viter les glissades. MADE IN CHINA .<\/p>","protected":false},"featured_media":21389,"comment_status":"open","ping_status":"closed","template":"","meta":{"_gspb_post_css":"","om_disable_all_campaigns":false,"_monsterinsights_skip_tracking":false,"_monsterinsights_sitenote_active":false,"_monsterinsights_sitenote_note":"","_monsterinsights_sitenote_category":0},"product_brand":[],"product_cat":[177,93],"product_tag":[],"class_list":{"0":"post-21388","1":"product","2":"type-product","3":"status-publish","4":"has-post-thumbnail","6":"product_cat-chaussures-enfant-et-bebe","7":"product_cat-enfant-et-bebe","9":"first","10":"instock","11":"shipping-taxable","12":"purchasable","13":"product-type-variable"},"aioseo_notices":[],"jetpack_sharing_enabled":true,"_links":{"self":[{"href":"https:\/\/ahdhiya.com\/ar\/wp-json\/wp\/v2\/product\/21388","targetHints":{"allow":["GET"]}}],"collection":[{"href":"https:\/\/ahdhiya.com\/ar\/wp-json\/wp\/v2\/product"}],"about":[{"href":"https:\/\/ahdhiya.com\/ar\/wp-json\/wp\/v2\/types\/product"}],"replies":[{"embeddable":true,"href":"https:\/\/ahdhiya.com\/ar\/wp-json\/wp\/v2\/comments?post=21388"}],"wp:featuredmedia":[{"embeddable":true,"href":"https:\/\/ahdhiya.com\/ar\/wp-json\/wp\/v2\/media\/21389"}],"wp:attachment":[{"href":"https:\/\/ahdhiya.com\/ar\/wp-json\/wp\/v2\/media?parent=21388"}],"wp:term":[{"taxonomy":"product_brand","embeddable":true,"href":"https:\/\/ahdhiya.com\/ar\/wp-json\/wp\/v2\/product_brand?post=21388"},{"taxonomy":"product_cat","embeddable":true,"href":"https:\/\/ahdhiya.com\/ar\/wp-json\/wp\/v2\/product_cat?post=21388"},{"taxonomy":"product_tag","embeddable":true,"href":"https:\/\/ahdhiya.com\/ar\/wp-json\/wp\/v2\/product_tag?post=21388"}],"curies":[{"name":"wp","href":"https:\/\/api.w.org\/{rel}","templated":true}]}}