{"id":21407,"date":"2026-01-27T20:59:16","date_gmt":"2026-01-27T20:59:16","guid":{"rendered":"https:\/\/ahdhiya.com\/produit\/chicco-chaussures-pour-enfant-8\/"},"modified":"2026-03-12T14:04:39","modified_gmt":"2026-03-12T14:04:39","slug":"chicco-chaussures-pour-enfant-8","status":"publish","type":"product","link":"https:\/\/ahdhiya.com\/ar\/product\/chicco-chaussures-pour-enfant-8\/","title":{"rendered":"CHICCO CHAUSSURES POUR ENFANT"},"content":{"rendered":"<p>Description :\u00a0R\u00e9ference:01066358000000-800\u00a0Ces baskets montantes pour b\u00e9b\u00e9 gar\u00e7on sont id\u00e9ales pour accompagner les premiers pas en toute s\u00e9curit\u00e9, tout en offrant un look sportif et moderne. Leur combinaison de bleu marine, de gris et de d\u00e9tails jaunes dynamiques apporte une touche tendance et \u00e9nergique, parfaite pour le quotidien.\u00c9quip\u00e9es d\u2019une double fermeture \u00e0 scratch, elles s\u2019enfilent facilement et assurent un ajustement pr\u00e9cis, tout en garantissant un excellent maintien du pied et de la cheville. La tige souple \u00e9pouse naturellement la forme du pied de b\u00e9b\u00e9, favorisant confort et libert\u00e9 de mouvement.La semelle ext\u00e9rieure souple et antid\u00e9rapante assure une bonne adh\u00e9rence et une stabilit\u00e9 optimale lors de la marche. L\u2019int\u00e9rieur est doucement rembourr\u00e9 et respirant, pour un confort durable tout au long de la journ\u00e9e.Un mod\u00e8le robuste, pratique et styl\u00e9, pens\u00e9 pour suivre b\u00e9b\u00e9 gar\u00e7on dans toutes ses aventures.Caract\u00e9ristiques :Baskets montantes pour b\u00e9b\u00e9 gar\u00e7onColoris bleu marine avec d\u00e9tails gris et jaunesFermeture pratique \u00e0 double scratchBon maintien de la chevilleSemelle souple, flexible et antid\u00e9rapanteInt\u00e9rieur confortable et respirantId\u00e9ales pour les premiers pas et l\u2019usage quotidienUn choix parfait pour allier confort, s\u00e9curit\u00e9 et style sportif d\u00e8s les premiers pasMADE IN CHINA .<\/p>","protected":false},"excerpt":{"rendered":"<p>Description :\u00a0R\u00e9ference:01066358000000-800\u00a0Ces baskets montantes pour b\u00e9b\u00e9 gar\u00e7on sont id\u00e9ales pour accompagner les premiers pas en toute s\u00e9curit\u00e9, tout en offrant un look sportif et moderne. Leur combinaison de bleu marine, de gris et de d\u00e9tails jaunes dynamiques apporte une touche tendance et \u00e9nergique, parfaite pour le quotidien.\u00c9quip\u00e9es d\u2019une double fermeture \u00e0 scratch, elles s\u2019enfilent facilement et assurent un ajustement pr\u00e9cis, tout en garantissant un excellent maintien du pied et de la cheville. La tige souple \u00e9pouse naturellement la forme du pied de b\u00e9b\u00e9, favorisant confort et libert\u00e9 de mouvement.La semelle ext\u00e9rieure souple et antid\u00e9rapante assure une bonne adh\u00e9rence et une stabilit\u00e9 optimale lors de la marche. L\u2019int\u00e9rieur est doucement rembourr\u00e9 et respirant, pour un confort durable tout au long de la journ\u00e9e.Un mod\u00e8le robuste, pratique et styl\u00e9, pens\u00e9 pour suivre b\u00e9b\u00e9 gar\u00e7on dans toutes ses aventures.Caract\u00e9ristiques :Baskets montantes pour b\u00e9b\u00e9 gar\u00e7onColoris bleu marine avec d\u00e9tails gris et jaunesFermeture pratique \u00e0 double scratchBon maintien de la chevilleSemelle souple, flexible et antid\u00e9rapanteInt\u00e9rieur confortable et respirantId\u00e9ales pour les premiers pas et l\u2019usage quotidienUn choix parfait pour allier confort, s\u00e9curit\u00e9 et style sportif d\u00e8s les premiers pasMADE IN CHINA .<\/p>","protected":false},"featured_media":21408,"comment_status":"open","ping_status":"closed","template":"","meta":{"_gspb_post_css":"","om_disable_all_campaigns":false,"_monsterinsights_skip_tracking":false,"_monsterinsights_sitenote_active":false,"_monsterinsights_sitenote_note":"","_monsterinsights_sitenote_category":0},"product_brand":[],"product_cat":[177,93],"product_tag":[],"class_list":{"0":"post-21407","1":"product","2":"type-product","3":"status-publish","4":"has-post-thumbnail","6":"product_cat-chaussures-enfant-et-bebe","7":"product_cat-enfant-et-bebe","9":"first","10":"instock","11":"shipping-taxable","12":"purchasable","13":"product-type-variable"},"aioseo_notices":[],"jetpack_sharing_enabled":true,"_links":{"self":[{"href":"https:\/\/ahdhiya.com\/ar\/wp-json\/wp\/v2\/product\/21407","targetHints":{"allow":["GET"]}}],"collection":[{"href":"https:\/\/ahdhiya.com\/ar\/wp-json\/wp\/v2\/product"}],"about":[{"href":"https:\/\/ahdhiya.com\/ar\/wp-json\/wp\/v2\/types\/product"}],"replies":[{"embeddable":true,"href":"https:\/\/ahdhiya.com\/ar\/wp-json\/wp\/v2\/comments?post=21407"}],"wp:featuredmedia":[{"embeddable":true,"href":"https:\/\/ahdhiya.com\/ar\/wp-json\/wp\/v2\/media\/21408"}],"wp:attachment":[{"href":"https:\/\/ahdhiya.com\/ar\/wp-json\/wp\/v2\/media?parent=21407"}],"wp:term":[{"taxonomy":"product_brand","embeddable":true,"href":"https:\/\/ahdhiya.com\/ar\/wp-json\/wp\/v2\/product_brand?post=21407"},{"taxonomy":"product_cat","embeddable":true,"href":"https:\/\/ahdhiya.com\/ar\/wp-json\/wp\/v2\/product_cat?post=21407"},{"taxonomy":"product_tag","embeddable":true,"href":"https:\/\/ahdhiya.com\/ar\/wp-json\/wp\/v2\/product_tag?post=21407"}],"curies":[{"name":"wp","href":"https:\/\/api.w.org\/{rel}","templated":true}]}}