{"id":21438,"date":"2026-01-27T21:00:13","date_gmt":"2026-01-27T21:00:13","guid":{"rendered":"https:\/\/ahdhiya.com\/produit\/chicco-chaussures-pour-enfant-9\/"},"modified":"2026-03-12T14:04:39","modified_gmt":"2026-03-12T14:04:39","slug":"chicco-chaussures-pour-enfant-9","status":"publish","type":"product","link":"https:\/\/ahdhiya.com\/ar\/product\/chicco-chaussures-pour-enfant-9\/","title":{"rendered":"CHICCO CHAUSSURES POUR ENFANT"},"content":{"rendered":"<p>Description :\u00a0R\u00e9ference :\u00a001066315000000-020\u00a0Ces bottines pour fille allient style tendance, confort et praticit\u00e9, parfaites pour illuminer les tenues du quotidien comme celles des occasions sp\u00e9ciales. Leur finition argent\u00e9e paillet\u00e9e apporte une touche glamour, tandis que les d\u00e9tails noirs contrast\u00e9s et l\u2019inscription d\u00e9corative sur le c\u00f4t\u00e9 ajoutent un look moderne et styl\u00e9.Con\u00e7ues avec une mati\u00e8re ext\u00e9rieure souple et r\u00e9sistante, ces bottines assurent un bon maintien du pied tout en respectant le confort de l\u2019enfant. Le syst\u00e8me de fermeture combin\u00e9 lacets d\u00e9coratifs et zip lat\u00e9ral permet un enfilage facile et rapide, id\u00e9al pour un usage quotidien.La semelle \u00e9paisse antid\u00e9rapante garantit une bonne stabilit\u00e9 lors de la marche, tandis que l\u2019int\u00e9rieur doux et rembourr\u00e9 assure un confort optimal tout au long de la journ\u00e9e. La tige montante prot\u00e8ge la cheville et offre un maintien suppl\u00e9mentaire.Caract\u00e9ristiques :Bottines fille \u00e9l\u00e9gantes et tendanceColoris argent\u00e9 paillet\u00e9, effet brillantLacets d\u00e9coratifs + fermeture zipp\u00e9e lat\u00e9raleMati\u00e8re ext\u00e9rieure souple et r\u00e9sistanteSemelle antid\u00e9rapante et stableInt\u00e9rieur doux et confortableId\u00e9ales pour l\u2019\u00e9cole, les sorties et les occasions sp\u00e9cialesUn mod\u00e8le parfait pour offrir \u00e0 votre fille confort, s\u00e9curit\u00e9 et une touche de brillance, tout en compl\u00e9tant ses tenues avec \u00e9l\u00e9gance.MADE IN CHINA .<\/p>","protected":false},"excerpt":{"rendered":"<p>Description :\u00a0R\u00e9ference :\u00a001066315000000-020\u00a0Ces bottines pour fille allient style tendance, confort et praticit\u00e9, parfaites pour illuminer les tenues du quotidien comme celles des occasions sp\u00e9ciales. Leur finition argent\u00e9e paillet\u00e9e apporte une touche glamour, tandis que les d\u00e9tails noirs contrast\u00e9s et l\u2019inscription d\u00e9corative sur le c\u00f4t\u00e9 ajoutent un look moderne et styl\u00e9.Con\u00e7ues avec une mati\u00e8re ext\u00e9rieure souple et r\u00e9sistante, ces bottines assurent un bon maintien du pied tout en respectant le confort de l\u2019enfant. Le syst\u00e8me de fermeture combin\u00e9 lacets d\u00e9coratifs et zip lat\u00e9ral permet un enfilage facile et rapide, id\u00e9al pour un usage quotidien.La semelle \u00e9paisse antid\u00e9rapante garantit une bonne stabilit\u00e9 lors de la marche, tandis que l\u2019int\u00e9rieur doux et rembourr\u00e9 assure un confort optimal tout au long de la journ\u00e9e. La tige montante prot\u00e8ge la cheville et offre un maintien suppl\u00e9mentaire.Caract\u00e9ristiques :Bottines fille \u00e9l\u00e9gantes et tendanceColoris argent\u00e9 paillet\u00e9, effet brillantLacets d\u00e9coratifs + fermeture zipp\u00e9e lat\u00e9raleMati\u00e8re ext\u00e9rieure souple et r\u00e9sistanteSemelle antid\u00e9rapante et stableInt\u00e9rieur doux et confortableId\u00e9ales pour l\u2019\u00e9cole, les sorties et les occasions sp\u00e9cialesUn mod\u00e8le parfait pour offrir \u00e0 votre fille confort, s\u00e9curit\u00e9 et une touche de brillance, tout en compl\u00e9tant ses tenues avec \u00e9l\u00e9gance.MADE IN CHINA .<\/p>","protected":false},"featured_media":21439,"comment_status":"open","ping_status":"closed","template":"","meta":{"_gspb_post_css":"","om_disable_all_campaigns":false,"_monsterinsights_skip_tracking":false,"_monsterinsights_sitenote_active":false,"_monsterinsights_sitenote_note":"","_monsterinsights_sitenote_category":0},"product_brand":[],"product_cat":[177,93],"product_tag":[],"class_list":{"0":"post-21438","1":"product","2":"type-product","3":"status-publish","4":"has-post-thumbnail","6":"product_cat-chaussures-enfant-et-bebe","7":"product_cat-enfant-et-bebe","9":"first","10":"outofstock","11":"shipping-taxable","12":"product-type-variable"},"aioseo_notices":[],"jetpack_sharing_enabled":true,"_links":{"self":[{"href":"https:\/\/ahdhiya.com\/ar\/wp-json\/wp\/v2\/product\/21438","targetHints":{"allow":["GET"]}}],"collection":[{"href":"https:\/\/ahdhiya.com\/ar\/wp-json\/wp\/v2\/product"}],"about":[{"href":"https:\/\/ahdhiya.com\/ar\/wp-json\/wp\/v2\/types\/product"}],"replies":[{"embeddable":true,"href":"https:\/\/ahdhiya.com\/ar\/wp-json\/wp\/v2\/comments?post=21438"}],"wp:featuredmedia":[{"embeddable":true,"href":"https:\/\/ahdhiya.com\/ar\/wp-json\/wp\/v2\/media\/21439"}],"wp:attachment":[{"href":"https:\/\/ahdhiya.com\/ar\/wp-json\/wp\/v2\/media?parent=21438"}],"wp:term":[{"taxonomy":"product_brand","embeddable":true,"href":"https:\/\/ahdhiya.com\/ar\/wp-json\/wp\/v2\/product_brand?post=21438"},{"taxonomy":"product_cat","embeddable":true,"href":"https:\/\/ahdhiya.com\/ar\/wp-json\/wp\/v2\/product_cat?post=21438"},{"taxonomy":"product_tag","embeddable":true,"href":"https:\/\/ahdhiya.com\/ar\/wp-json\/wp\/v2\/product_tag?post=21438"}],"curies":[{"name":"wp","href":"https:\/\/api.w.org\/{rel}","templated":true}]}}