{"id":5627,"date":"2025-11-08T11:27:19","date_gmt":"2025-11-08T11:27:19","guid":{"rendered":"https:\/\/ahdhiya.com\/?post_type=product&#038;p=5627"},"modified":"2026-03-12T14:03:32","modified_gmt":"2026-03-12T14:03:32","slug":"reebok-classic-white-blanche","status":"publish","type":"product","link":"https:\/\/ahdhiya.com\/ar\/product\/reebok-classic-white-blanche\/","title":{"rendered":"Reebok Classic White (blanche)"},"content":{"rendered":"<p>R\u00e9f : 100209145<\/p>\n<p>Sneaker blanche polyvalente, cuir synth\u00e9tique, confort quotidien.<\/p>","protected":false},"excerpt":{"rendered":"<p>Tige en simili-cuir lisse facile \u00e0 nettoyer, doublure respirante, semelle interm\u00e9diaire amortissante pour un bon confort de marche. Semelle ext\u00e9rieure en caoutchouc anti-d\u00e9rapant, perforations \u00e0 l\u2019avant pour la ventilation, renfort talon pour plus de stabilit\u00e9. Style minimal qui s\u2019adapte au jean, surv\u00eat ou tenue casual. Conseill\u00e9e pour l\u2019usage quotidien, \u00e9cole\/bureau, sorties.<\/p>","protected":false},"featured_media":5628,"comment_status":"open","ping_status":"closed","template":"","meta":{"_gspb_post_css":"","om_disable_all_campaigns":false,"_monsterinsights_skip_tracking":false,"_monsterinsights_sitenote_active":false,"_monsterinsights_sitenote_note":"","_monsterinsights_sitenote_category":0},"product_brand":[],"product_cat":[92],"product_tag":[],"class_list":{"0":"post-5627","1":"product","2":"type-product","3":"status-publish","4":"has-post-thumbnail","6":"product_cat-hommes","8":"first","9":"instock","10":"shipping-taxable","11":"purchasable","12":"product-type-variable"},"aioseo_notices":[],"jetpack_sharing_enabled":true,"_links":{"self":[{"href":"https:\/\/ahdhiya.com\/ar\/wp-json\/wp\/v2\/product\/5627","targetHints":{"allow":["GET"]}}],"collection":[{"href":"https:\/\/ahdhiya.com\/ar\/wp-json\/wp\/v2\/product"}],"about":[{"href":"https:\/\/ahdhiya.com\/ar\/wp-json\/wp\/v2\/types\/product"}],"replies":[{"embeddable":true,"href":"https:\/\/ahdhiya.com\/ar\/wp-json\/wp\/v2\/comments?post=5627"}],"wp:featuredmedia":[{"embeddable":true,"href":"https:\/\/ahdhiya.com\/ar\/wp-json\/wp\/v2\/media\/5628"}],"wp:attachment":[{"href":"https:\/\/ahdhiya.com\/ar\/wp-json\/wp\/v2\/media?parent=5627"}],"wp:term":[{"taxonomy":"product_brand","embeddable":true,"href":"https:\/\/ahdhiya.com\/ar\/wp-json\/wp\/v2\/product_brand?post=5627"},{"taxonomy":"product_cat","embeddable":true,"href":"https:\/\/ahdhiya.com\/ar\/wp-json\/wp\/v2\/product_cat?post=5627"},{"taxonomy":"product_tag","embeddable":true,"href":"https:\/\/ahdhiya.com\/ar\/wp-json\/wp\/v2\/product_tag?post=5627"}],"curies":[{"name":"wp","href":"https:\/\/api.w.org\/{rel}","templated":true}]}}