{"id":5629,"date":"2025-11-08T11:28:29","date_gmt":"2025-11-08T11:28:29","guid":{"rendered":"https:\/\/ahdhiya.com\/?post_type=product&#038;p=5629"},"modified":"2026-03-12T14:03:32","modified_gmt":"2026-03-12T14:03:32","slug":"reebok-runner-black-noire","status":"publish","type":"product","link":"https:\/\/ahdhiya.com\/ar\/product\/reebok-runner-black-noire\/","title":{"rendered":"REEBOK ZIG DYNAMICA STR"},"content":{"rendered":"<p>Les Reebok Zig Dynamica STR incarnent l\u2019alliance parfaite entre innovation et style sportif. Dot\u00e9es de la c\u00e9l\u00e8bre semelle Zig au design futuriste, elles offrent une r\u00e9activit\u00e9 exceptionnelle et un retour d\u2019\u00e9nergie dynamique \u00e0 chaque pas.La tige respirante en mesh assure l\u00e9g\u00e8ret\u00e9 et confort, tandis que la semelle ext\u00e9rieure en caoutchouc garantit une adh\u00e9rence optimale sur toutes les surfaces. Con\u00e7ues pour accompagner vos s\u00e9ances de sport comme vos journ\u00e9es actives en ville, elles allient performance, confort et look moderne.Avec leur silhouette audacieuse et leur technologie avanc\u00e9e, les Zig Dynamica STR sont bien plus que des chaussures : un v\u00e9ritable atout pour celles et ceux qui veulent se d\u00e9marquer.<\/p>","protected":false},"excerpt":{"rendered":"<p>Les Reebok Zig Dynamica STR incarnent l\u2019alliance parfaite entre innovation et style sportif. Dot\u00e9es de la c\u00e9l\u00e8bre semelle Zig au design futuriste, elles offrent une r\u00e9activit\u00e9 exceptionnelle et un retour d\u2019\u00e9nergie dynamique \u00e0 chaque pas.La tige respirante en mesh assure l\u00e9g\u00e8ret\u00e9 et confort, tandis que la semelle ext\u00e9rieure en caoutchouc garantit une adh\u00e9rence optimale sur toutes les surfaces. Con\u00e7ues pour accompagner vos s\u00e9ances de sport comme vos journ\u00e9es actives en ville, elles allient performance, confort et look moderne.Avec leur silhouette audacieuse et leur technologie avanc\u00e9e, les Zig Dynamica STR sont bien plus que des chaussures : un v\u00e9ritable atout pour celles et ceux qui veulent se d\u00e9marquer.<\/p>","protected":false},"featured_media":5630,"comment_status":"open","ping_status":"closed","template":"","meta":{"_gspb_post_css":"","om_disable_all_campaigns":false,"_monsterinsights_skip_tracking":false,"_monsterinsights_sitenote_active":false,"_monsterinsights_sitenote_note":"","_monsterinsights_sitenote_category":0},"product_brand":[],"product_cat":[174,92],"product_tag":[],"class_list":{"0":"post-5629","1":"product","2":"type-product","3":"status-publish","4":"has-post-thumbnail","6":"product_cat-baskets-hommes","7":"product_cat-hommes","9":"first","10":"instock","11":"shipping-taxable","12":"purchasable","13":"product-type-variable"},"aioseo_notices":[],"jetpack_sharing_enabled":true,"_links":{"self":[{"href":"https:\/\/ahdhiya.com\/ar\/wp-json\/wp\/v2\/product\/5629","targetHints":{"allow":["GET"]}}],"collection":[{"href":"https:\/\/ahdhiya.com\/ar\/wp-json\/wp\/v2\/product"}],"about":[{"href":"https:\/\/ahdhiya.com\/ar\/wp-json\/wp\/v2\/types\/product"}],"replies":[{"embeddable":true,"href":"https:\/\/ahdhiya.com\/ar\/wp-json\/wp\/v2\/comments?post=5629"}],"wp:featuredmedia":[{"embeddable":true,"href":"https:\/\/ahdhiya.com\/ar\/wp-json\/wp\/v2\/media\/5630"}],"wp:attachment":[{"href":"https:\/\/ahdhiya.com\/ar\/wp-json\/wp\/v2\/media?parent=5629"}],"wp:term":[{"taxonomy":"product_brand","embeddable":true,"href":"https:\/\/ahdhiya.com\/ar\/wp-json\/wp\/v2\/product_brand?post=5629"},{"taxonomy":"product_cat","embeddable":true,"href":"https:\/\/ahdhiya.com\/ar\/wp-json\/wp\/v2\/product_cat?post=5629"},{"taxonomy":"product_tag","embeddable":true,"href":"https:\/\/ahdhiya.com\/ar\/wp-json\/wp\/v2\/product_tag?post=5629"}],"curies":[{"name":"wp","href":"https:\/\/api.w.org\/{rel}","templated":true}]}}