{"id":5775,"date":"2025-11-19T15:43:29","date_gmt":"2025-11-19T15:43:29","guid":{"rendered":"https:\/\/ahdhiya.com\/produit\/keeppink-enfants\/"},"modified":"2026-03-12T14:05:32","modified_gmt":"2026-03-12T14:05:32","slug":"keeppink-enfants","status":"publish","type":"product","link":"https:\/\/ahdhiya.com\/ar\/product\/keeppink-enfants\/","title":{"rendered":"Keeppink ENFANTS"},"content":{"rendered":"<p>R\u00e9f : 30644<\/p>\n<p>Design et Couleurs<br \/>\nCes baskets arborent un design sportif et tendance. La palette de couleurs combine principalement le blanc avec des accents de rose et de violet\/lilas sur les c\u00f4t\u00e9s et la semelle. Le logo \u00ab\u00a0KEEP\u00a0\u00bb est visible sur la languette et sur le c\u00f4t\u00e9 de la semelle.<br \/>\nCaract\u00e9ristiques<br \/>\nConfort et l\u00e9g\u00e8ret\u00e9 : Les chaussures sont con\u00e7ues pour \u00eatre l\u00e9g\u00e8res et offrir un bon confort pour les enfants.<\/p>\n<p><strong><u>Mati\u00e8re<\/u><\/strong> : Elles semblent \u00eatre fabriqu\u00e9es avec une tige en maille respirante et des empi\u00e8cements synth\u00e9tiques pour la structure et la durabilit\u00e9.<br \/>\nFermeture : Le syst\u00e8me de fermeture combine des lacets roses et une sangle Velcro\u00ae (scratch) pour un ajustement facile et s\u00e9curis\u00e9.<\/p>\n<p><strong>Semelle<\/strong> : La semelle ext\u00e9rieure est \u00e9paisse, blanche, avec une section semi-translucide d&rsquo;amorti apparente au talon, offrant souplesse et adh\u00e9rence.<br \/>\nStyle : Id\u00e9ales pour une utilisation quotidienne, l&rsquo;\u00e9cole ou les activit\u00e9s sportives, elles conviennent aux filles et sont souvent disponibles en diff\u00e9rentes pointures pour enfants et tout-petits.<\/p>","protected":false},"excerpt":{"rendered":"<p>R\u00e9f : 30644 Design et Couleurs Ces baskets arborent un design sportif et tendance. La palette de couleurs combine principalement le blanc avec des accents de rose et de violet\/lilas sur les c\u00f4t\u00e9s et la semelle. Le logo \u00ab\u00a0KEEP\u00a0\u00bb est visible sur la languette et sur le c\u00f4t\u00e9 de la semelle. Caract\u00e9ristiques Confort et l\u00e9g\u00e8ret\u00e9 : Les chaussures sont con\u00e7ues pour \u00eatre l\u00e9g\u00e8res et offrir un bon confort pour les enfants. Mati\u00e8re : Elles semblent \u00eatre fabriqu\u00e9es avec une tige en maille respirante et des empi\u00e8cements synth\u00e9tiques pour la structure et la durabilit\u00e9. Fermeture : Le syst\u00e8me de fermeture combine des lacets roses et une sangle Velcro\u00ae (scratch) pour un ajustement facile et s\u00e9curis\u00e9. Semelle : La semelle ext\u00e9rieure est \u00e9paisse, blanche, avec une section semi-translucide d&rsquo;amorti apparente au talon, offrant souplesse et adh\u00e9rence. Style : Id\u00e9ales pour une utilisation quotidienne, l&rsquo;\u00e9cole ou les activit\u00e9s sportives, elles conviennent aux filles et sont souvent disponibles en diff\u00e9rentes pointures pour enfants et tout-petits.<\/p>","protected":false},"featured_media":5771,"comment_status":"open","ping_status":"closed","template":"","meta":{"_gspb_post_css":"","om_disable_all_campaigns":false,"_monsterinsights_skip_tracking":false,"_monsterinsights_sitenote_active":false,"_monsterinsights_sitenote_note":"","_monsterinsights_sitenote_category":0},"product_brand":[],"product_cat":[93,90],"product_tag":[],"class_list":{"0":"post-5775","1":"product","2":"type-product","3":"status-publish","4":"has-post-thumbnail","6":"product_cat-enfant-et-bebe","7":"product_cat-promotions","9":"first","10":"instock","11":"shipping-taxable","12":"purchasable","13":"product-type-variable"},"aioseo_notices":[],"jetpack_sharing_enabled":true,"_links":{"self":[{"href":"https:\/\/ahdhiya.com\/ar\/wp-json\/wp\/v2\/product\/5775","targetHints":{"allow":["GET"]}}],"collection":[{"href":"https:\/\/ahdhiya.com\/ar\/wp-json\/wp\/v2\/product"}],"about":[{"href":"https:\/\/ahdhiya.com\/ar\/wp-json\/wp\/v2\/types\/product"}],"replies":[{"embeddable":true,"href":"https:\/\/ahdhiya.com\/ar\/wp-json\/wp\/v2\/comments?post=5775"}],"wp:featuredmedia":[{"embeddable":true,"href":"https:\/\/ahdhiya.com\/ar\/wp-json\/wp\/v2\/media\/5771"}],"wp:attachment":[{"href":"https:\/\/ahdhiya.com\/ar\/wp-json\/wp\/v2\/media?parent=5775"}],"wp:term":[{"taxonomy":"product_brand","embeddable":true,"href":"https:\/\/ahdhiya.com\/ar\/wp-json\/wp\/v2\/product_brand?post=5775"},{"taxonomy":"product_cat","embeddable":true,"href":"https:\/\/ahdhiya.com\/ar\/wp-json\/wp\/v2\/product_cat?post=5775"},{"taxonomy":"product_tag","embeddable":true,"href":"https:\/\/ahdhiya.com\/ar\/wp-json\/wp\/v2\/product_tag?post=5775"}],"curies":[{"name":"wp","href":"https:\/\/api.w.org\/{rel}","templated":true}]}}