{"id":5986,"date":"2025-12-25T18:44:10","date_gmt":"2025-12-25T18:44:10","guid":{"rendered":"https:\/\/ahdhiya.com\/?post_type=product&#038;p=5986"},"modified":"2026-03-12T14:03:34","modified_gmt":"2026-03-12T14:03:34","slug":"sun68-tom-2-0","status":"publish","type":"product","link":"https:\/\/ahdhiya.com\/ar\/product\/sun68-tom-2-0\/","title":{"rendered":"SUN68 TOM 2.0"},"content":{"rendered":"<p>SUN68 TOM2.0 COLOR<\/p>\n<p>La SUN68 Tom 2.0 est une sneaker moderne pour homme, alliant style urbain, confort et finitions premium. Son design sportif et \u00e9pur\u00e9 s\u2019adapte parfaitement \u00e0 un usage quotidien, aussi bien pour un look casual que streetwear.<\/p>\n<p>La tige est con\u00e7ue en m\u00e9lange de textile respirant et d\u2019empi\u00e8cements synth\u00e9tiques, offrant l\u00e9g\u00e8ret\u00e9 et bonne ventilation. Les d\u00e9tails embl\u00e9matiques SUN68, dont le logo \u0394X sur le c\u00f4t\u00e9 ext\u00e9rieur, apportent une touche distinctive et tendance.<\/p>\n<p>L\u2019int\u00e9rieur est doubl\u00e9 en textile doux pour un confort optimal tout au long de la journ\u00e9e, tandis que la semelle ext\u00e9rieure en caoutchouc assure une excellente adh\u00e9rence et une bonne r\u00e9sistance \u00e0 l\u2019usure.<\/p>","protected":false},"excerpt":{"rendered":"<p>SUN68 TOM2.0 COLOR La SUN68 Tom 2.0 est une sneaker moderne pour homme, alliant style urbain, confort et finitions premium. Son design sportif et \u00e9pur\u00e9 s\u2019adapte parfaitement \u00e0 un usage quotidien, aussi bien pour un look casual que streetwear. La tige est con\u00e7ue en m\u00e9lange de textile respirant et d\u2019empi\u00e8cements synth\u00e9tiques, offrant l\u00e9g\u00e8ret\u00e9 et bonne ventilation. Les d\u00e9tails embl\u00e9matiques SUN68, dont le logo \u0394X sur le c\u00f4t\u00e9 ext\u00e9rieur, apportent une touche distinctive et tendance. L\u2019int\u00e9rieur est doubl\u00e9 en textile doux pour un confort optimal tout au long de la journ\u00e9e, tandis que la semelle ext\u00e9rieure en caoutchouc assure une excellente adh\u00e9rence et une bonne r\u00e9sistance \u00e0 l\u2019usure.<\/p>","protected":false},"featured_media":5984,"comment_status":"open","ping_status":"closed","template":"","meta":{"_gspb_post_css":"","om_disable_all_campaigns":false,"_monsterinsights_skip_tracking":false,"_monsterinsights_sitenote_active":false,"_monsterinsights_sitenote_note":"","_monsterinsights_sitenote_category":0},"product_brand":[],"product_cat":[92,90],"product_tag":[],"class_list":{"0":"post-5986","1":"product","2":"type-product","3":"status-publish","4":"has-post-thumbnail","6":"product_cat-hommes","7":"product_cat-promotions","9":"first","10":"instock","11":"shipping-taxable","12":"purchasable","13":"product-type-variable"},"aioseo_notices":[],"jetpack_sharing_enabled":true,"_links":{"self":[{"href":"https:\/\/ahdhiya.com\/ar\/wp-json\/wp\/v2\/product\/5986","targetHints":{"allow":["GET"]}}],"collection":[{"href":"https:\/\/ahdhiya.com\/ar\/wp-json\/wp\/v2\/product"}],"about":[{"href":"https:\/\/ahdhiya.com\/ar\/wp-json\/wp\/v2\/types\/product"}],"replies":[{"embeddable":true,"href":"https:\/\/ahdhiya.com\/ar\/wp-json\/wp\/v2\/comments?post=5986"}],"wp:featuredmedia":[{"embeddable":true,"href":"https:\/\/ahdhiya.com\/ar\/wp-json\/wp\/v2\/media\/5984"}],"wp:attachment":[{"href":"https:\/\/ahdhiya.com\/ar\/wp-json\/wp\/v2\/media?parent=5986"}],"wp:term":[{"taxonomy":"product_brand","embeddable":true,"href":"https:\/\/ahdhiya.com\/ar\/wp-json\/wp\/v2\/product_brand?post=5986"},{"taxonomy":"product_cat","embeddable":true,"href":"https:\/\/ahdhiya.com\/ar\/wp-json\/wp\/v2\/product_cat?post=5986"},{"taxonomy":"product_tag","embeddable":true,"href":"https:\/\/ahdhiya.com\/ar\/wp-json\/wp\/v2\/product_tag?post=5986"}],"curies":[{"name":"wp","href":"https:\/\/api.w.org\/{rel}","templated":true}]}}