{"id":6145,"date":"2026-01-06T16:50:29","date_gmt":"2026-01-06T16:50:29","guid":{"rendered":"https:\/\/ahdhiya.com\/produit\/basket-champion\/"},"modified":"2026-03-12T14:03:35","modified_gmt":"2026-03-12T14:03:35","slug":"basket-champion","status":"publish","type":"product","link":"https:\/\/ahdhiya.com\/ar\/product\/basket-champion\/","title":{"rendered":"BASKET CHAMPION"},"content":{"rendered":"<p>Description :\u00a0Caract\u00e9ristiques PrincipalesMarque : ChampionCode Produit : S22297-KK002Genre : HommeCouleur : NoirFermeture : LacetsPerformance et ConfortUsage : Convient pour un usage quotidien et est \u00e9galement d\u00e9crit comme id\u00e9al pour un usage professionnel.Semelle : Semelle confortable et tr\u00e8s durable, qui ne glisse pas.R\u00e9sistance : Indiqu\u00e9es comme \u00e9tant imperm\u00e9ables (Waterproof) et dot\u00e9es d&rsquo;une construction durable.Ces chaussures sont un choix solide pour ceux qui recherchent une sneaker confortable, r\u00e9sistante et capable de faire face aux conditions d&rsquo;humidit\u00e9.MADE IN CHINA .<\/p>","protected":false},"excerpt":{"rendered":"<p>Description :\u00a0Caract\u00e9ristiques PrincipalesMarque : ChampionCode Produit : S22297-KK002Genre : HommeCouleur : NoirFermeture : LacetsPerformance et ConfortUsage : Convient pour un usage quotidien et est \u00e9galement d\u00e9crit comme id\u00e9al pour un usage professionnel.Semelle : Semelle confortable et tr\u00e8s durable, qui ne glisse pas.R\u00e9sistance : Indiqu\u00e9es comme \u00e9tant imperm\u00e9ables (Waterproof) et dot\u00e9es d&rsquo;une construction durable.Ces chaussures sont un choix solide pour ceux qui recherchent une sneaker confortable, r\u00e9sistante et capable de faire face aux conditions d&rsquo;humidit\u00e9.MADE IN CHINA .<\/p>","protected":false},"featured_media":6146,"comment_status":"open","ping_status":"closed","template":"","meta":{"_gspb_post_css":"","om_disable_all_campaigns":false,"_monsterinsights_skip_tracking":false,"_monsterinsights_sitenote_active":false,"_monsterinsights_sitenote_note":"","_monsterinsights_sitenote_category":0},"product_brand":[],"product_cat":[174,92],"product_tag":[],"class_list":{"0":"post-6145","1":"product","2":"type-product","3":"status-publish","4":"has-post-thumbnail","6":"product_cat-baskets-hommes","7":"product_cat-hommes","9":"first","10":"instock","11":"shipping-taxable","12":"purchasable","13":"product-type-variable"},"aioseo_notices":[],"jetpack_sharing_enabled":true,"_links":{"self":[{"href":"https:\/\/ahdhiya.com\/ar\/wp-json\/wp\/v2\/product\/6145","targetHints":{"allow":["GET"]}}],"collection":[{"href":"https:\/\/ahdhiya.com\/ar\/wp-json\/wp\/v2\/product"}],"about":[{"href":"https:\/\/ahdhiya.com\/ar\/wp-json\/wp\/v2\/types\/product"}],"replies":[{"embeddable":true,"href":"https:\/\/ahdhiya.com\/ar\/wp-json\/wp\/v2\/comments?post=6145"}],"wp:featuredmedia":[{"embeddable":true,"href":"https:\/\/ahdhiya.com\/ar\/wp-json\/wp\/v2\/media\/6146"}],"wp:attachment":[{"href":"https:\/\/ahdhiya.com\/ar\/wp-json\/wp\/v2\/media?parent=6145"}],"wp:term":[{"taxonomy":"product_brand","embeddable":true,"href":"https:\/\/ahdhiya.com\/ar\/wp-json\/wp\/v2\/product_brand?post=6145"},{"taxonomy":"product_cat","embeddable":true,"href":"https:\/\/ahdhiya.com\/ar\/wp-json\/wp\/v2\/product_cat?post=6145"},{"taxonomy":"product_tag","embeddable":true,"href":"https:\/\/ahdhiya.com\/ar\/wp-json\/wp\/v2\/product_tag?post=6145"}],"curies":[{"name":"wp","href":"https:\/\/api.w.org\/{rel}","templated":true}]}}