{"id":6231,"date":"2026-01-06T16:51:51","date_gmt":"2026-01-06T16:51:51","guid":{"rendered":"https:\/\/ahdhiya.com\/produit\/champion-rd18-2-0-mid-2\/"},"modified":"2026-03-12T14:03:35","modified_gmt":"2026-03-12T14:03:35","slug":"champion-rd18-2-0-mid-2","status":"publish","type":"product","link":"https:\/\/ahdhiya.com\/ar\/product\/champion-rd18-2-0-mid-2\/","title":{"rendered":"CHAMPION RD18 2.0 MID"},"content":{"rendered":"<p>La Champion RD18 2.0 MID est une basket montante au design moderne, pens\u00e9e pour allier style et confort. Sa tige en mati\u00e8re synth\u00e9tique r\u00e9sistante et son col rembourr\u00e9 assurent un maintien optimal de la cheville, tandis que la fermeture \u00e0 lacets garantit un ajustement pr\u00e9cis.Sa semelle ext\u00e9rieure en caoutchouc offre une bonne adh\u00e9rence et une durabilit\u00e9 adapt\u00e9e \u00e0 un usage quotidien. L\u2019int\u00e9rieur, doubl\u00e9 en textile et \u00e9quip\u00e9 d\u2019une semelle de propret\u00e9 rembourr\u00e9e, procure un confort agr\u00e9able m\u00eame lors d\u2019un port prolong\u00e9.Avec son look polyvalent et sportif, la RD18 2.0 MID est id\u00e9ale aussi bien pour le sport que pour compl\u00e9ter un style urbain d\u00e9contract\u00e9.<\/p>","protected":false},"excerpt":{"rendered":"<p>La Champion RD18 2.0 MID est une basket montante au design moderne, pens\u00e9e pour allier style et confort. Sa tige en mati\u00e8re synth\u00e9tique r\u00e9sistante et son col rembourr\u00e9 assurent un maintien optimal de la cheville, tandis que la fermeture \u00e0 lacets garantit un ajustement pr\u00e9cis.Sa semelle ext\u00e9rieure en caoutchouc offre une bonne adh\u00e9rence et une durabilit\u00e9 adapt\u00e9e \u00e0 un usage quotidien. L\u2019int\u00e9rieur, doubl\u00e9 en textile et \u00e9quip\u00e9 d\u2019une semelle de propret\u00e9 rembourr\u00e9e, procure un confort agr\u00e9able m\u00eame lors d\u2019un port prolong\u00e9.Avec son look polyvalent et sportif, la RD18 2.0 MID est id\u00e9ale aussi bien pour le sport que pour compl\u00e9ter un style urbain d\u00e9contract\u00e9.<\/p>","protected":false},"featured_media":6232,"comment_status":"open","ping_status":"closed","template":"","meta":{"_gspb_post_css":"","om_disable_all_campaigns":false,"_monsterinsights_skip_tracking":false,"_monsterinsights_sitenote_active":false,"_monsterinsights_sitenote_note":"","_monsterinsights_sitenote_category":0},"product_brand":[],"product_cat":[174,92],"product_tag":[],"class_list":{"0":"post-6231","1":"product","2":"type-product","3":"status-publish","4":"has-post-thumbnail","6":"product_cat-baskets-hommes","7":"product_cat-hommes","9":"first","10":"instock","11":"shipping-taxable","12":"purchasable","13":"product-type-variable"},"aioseo_notices":[],"jetpack_sharing_enabled":true,"_links":{"self":[{"href":"https:\/\/ahdhiya.com\/ar\/wp-json\/wp\/v2\/product\/6231","targetHints":{"allow":["GET"]}}],"collection":[{"href":"https:\/\/ahdhiya.com\/ar\/wp-json\/wp\/v2\/product"}],"about":[{"href":"https:\/\/ahdhiya.com\/ar\/wp-json\/wp\/v2\/types\/product"}],"replies":[{"embeddable":true,"href":"https:\/\/ahdhiya.com\/ar\/wp-json\/wp\/v2\/comments?post=6231"}],"wp:featuredmedia":[{"embeddable":true,"href":"https:\/\/ahdhiya.com\/ar\/wp-json\/wp\/v2\/media\/6232"}],"wp:attachment":[{"href":"https:\/\/ahdhiya.com\/ar\/wp-json\/wp\/v2\/media?parent=6231"}],"wp:term":[{"taxonomy":"product_brand","embeddable":true,"href":"https:\/\/ahdhiya.com\/ar\/wp-json\/wp\/v2\/product_brand?post=6231"},{"taxonomy":"product_cat","embeddable":true,"href":"https:\/\/ahdhiya.com\/ar\/wp-json\/wp\/v2\/product_cat?post=6231"},{"taxonomy":"product_tag","embeddable":true,"href":"https:\/\/ahdhiya.com\/ar\/wp-json\/wp\/v2\/product_tag?post=6231"}],"curies":[{"name":"wp","href":"https:\/\/api.w.org\/{rel}","templated":true}]}}