{"id":6464,"date":"2026-01-06T17:01:47","date_gmt":"2026-01-06T17:01:47","guid":{"rendered":"https:\/\/ahdhiya.com\/produit\/basket-champion-2\/"},"modified":"2026-03-12T14:03:37","modified_gmt":"2026-03-12T14:03:37","slug":"basket-champion-2","status":"publish","type":"product","link":"https:\/\/ahdhiya.com\/ar\/product\/basket-champion-2\/","title":{"rendered":"BASKET CHAMPION"},"content":{"rendered":"<p>Description :\u00a0Ces chaussures Champion sont un mod\u00e8le \u00e0 coupe basse, extr\u00eamement confortable et \u00e9l\u00e9gant, con\u00e7u pour vous maintenir \u00e0 l&rsquo;aise tout au long de la journ\u00e9e.Caract\u00e9ristiques PrincipalesCode Produit : S22477 ES011Marque : ChampionDesign : Lignes modernes et design contemporain.Coupe : Coupe basse, offrant une grande libert\u00e9 de mouvement.Confort : Semelle confortable et sensation de bien-\u00eatre (id\u00e9al pour un port prolong\u00e9).Usage : Parfaites pour des tenues casual et des looks sporty.Elles sont pr\u00e9sent\u00e9es comme le choix id\u00e9al pour un style d\u00e9contract\u00e9 et actif au quotidien.MADE IN CHINA .<\/p>","protected":false},"excerpt":{"rendered":"<p>Description :\u00a0Ces chaussures Champion sont un mod\u00e8le \u00e0 coupe basse, extr\u00eamement confortable et \u00e9l\u00e9gant, con\u00e7u pour vous maintenir \u00e0 l&rsquo;aise tout au long de la journ\u00e9e.Caract\u00e9ristiques PrincipalesCode Produit : S22477 ES011Marque : ChampionDesign : Lignes modernes et design contemporain.Coupe : Coupe basse, offrant une grande libert\u00e9 de mouvement.Confort : Semelle confortable et sensation de bien-\u00eatre (id\u00e9al pour un port prolong\u00e9).Usage : Parfaites pour des tenues casual et des looks sporty.Elles sont pr\u00e9sent\u00e9es comme le choix id\u00e9al pour un style d\u00e9contract\u00e9 et actif au quotidien.MADE IN CHINA .<\/p>","protected":false},"featured_media":6465,"comment_status":"open","ping_status":"closed","template":"","meta":{"_gspb_post_css":"","om_disable_all_campaigns":false,"_monsterinsights_skip_tracking":false,"_monsterinsights_sitenote_active":false,"_monsterinsights_sitenote_note":"","_monsterinsights_sitenote_category":0},"product_brand":[],"product_cat":[174,92],"product_tag":[],"class_list":{"0":"post-6464","1":"product","2":"type-product","3":"status-publish","4":"has-post-thumbnail","6":"product_cat-baskets-hommes","7":"product_cat-hommes","9":"first","10":"instock","11":"shipping-taxable","12":"purchasable","13":"product-type-variable"},"aioseo_notices":[],"jetpack_sharing_enabled":true,"_links":{"self":[{"href":"https:\/\/ahdhiya.com\/ar\/wp-json\/wp\/v2\/product\/6464","targetHints":{"allow":["GET"]}}],"collection":[{"href":"https:\/\/ahdhiya.com\/ar\/wp-json\/wp\/v2\/product"}],"about":[{"href":"https:\/\/ahdhiya.com\/ar\/wp-json\/wp\/v2\/types\/product"}],"replies":[{"embeddable":true,"href":"https:\/\/ahdhiya.com\/ar\/wp-json\/wp\/v2\/comments?post=6464"}],"wp:featuredmedia":[{"embeddable":true,"href":"https:\/\/ahdhiya.com\/ar\/wp-json\/wp\/v2\/media\/6465"}],"wp:attachment":[{"href":"https:\/\/ahdhiya.com\/ar\/wp-json\/wp\/v2\/media?parent=6464"}],"wp:term":[{"taxonomy":"product_brand","embeddable":true,"href":"https:\/\/ahdhiya.com\/ar\/wp-json\/wp\/v2\/product_brand?post=6464"},{"taxonomy":"product_cat","embeddable":true,"href":"https:\/\/ahdhiya.com\/ar\/wp-json\/wp\/v2\/product_cat?post=6464"},{"taxonomy":"product_tag","embeddable":true,"href":"https:\/\/ahdhiya.com\/ar\/wp-json\/wp\/v2\/product_tag?post=6464"}],"curies":[{"name":"wp","href":"https:\/\/api.w.org\/{rel}","templated":true}]}}