{"id":6695,"date":"2026-01-06T17:04:54","date_gmt":"2026-01-06T17:04:54","guid":{"rendered":"https:\/\/ahdhiya.com\/produit\/alo-runner-sneaker-3\/"},"modified":"2026-03-12T14:03:38","modified_gmt":"2026-03-12T14:03:38","slug":"alo-runner-sneaker-3","status":"publish","type":"product","link":"https:\/\/ahdhiya.com\/ar\/product\/alo-runner-sneaker-3\/","title":{"rendered":"ALO RUNNER SNEAKER"},"content":{"rendered":"<p>La Alo Runner est la premi\u00e8re chaussure de performance sign\u00e9e Alo, con\u00e7ue pour soutenir votre corps \u00e0 chaque pas, o\u00f9 que votre entra\u00eenement vous m\u00e8ne. Pens\u00e9e pour la stabilit\u00e9 et le confort, elle s\u2019adapte \u00e0 tous les terrains \u2014 rue, sentier, piste ou sable.Son clip de talon stabilisant et son amorti ferme au niveau du talon offrent un excellent maintien, tandis que la semelle interm\u00e9diaire \u00e0 double densit\u00e9 combine confort et r\u00e9activit\u00e9. La tige en mesh respirant \u00e0 double couche, compos\u00e9e \u00e0 70 % de mat\u00e9riaux recycl\u00e9s, assure une ventilation optimale tout en r\u00e9duisant l\u2019impact environnemental.Mod\u00e8le unisexe \u2013 taille fid\u00e8le. Un \u00e9quilibre parfait entre innovation, durabilit\u00e9 et performance, sign\u00e9 Alo.MADE IN CHINA<\/p>","protected":false},"excerpt":{"rendered":"<p>La Alo Runner est la premi\u00e8re chaussure de performance sign\u00e9e Alo, con\u00e7ue pour soutenir votre corps \u00e0 chaque pas, o\u00f9 que votre entra\u00eenement vous m\u00e8ne. Pens\u00e9e pour la stabilit\u00e9 et le confort, elle s\u2019adapte \u00e0 tous les terrains \u2014 rue, sentier, piste ou sable.Son clip de talon stabilisant et son amorti ferme au niveau du talon offrent un excellent maintien, tandis que la semelle interm\u00e9diaire \u00e0 double densit\u00e9 combine confort et r\u00e9activit\u00e9. La tige en mesh respirant \u00e0 double couche, compos\u00e9e \u00e0 70 % de mat\u00e9riaux recycl\u00e9s, assure une ventilation optimale tout en r\u00e9duisant l\u2019impact environnemental.Mod\u00e8le unisexe \u2013 taille fid\u00e8le. Un \u00e9quilibre parfait entre innovation, durabilit\u00e9 et performance, sign\u00e9 Alo.MADE IN CHINA<\/p>","protected":false},"featured_media":6696,"comment_status":"open","ping_status":"closed","template":"","meta":{"_gspb_post_css":"","om_disable_all_campaigns":false,"_monsterinsights_skip_tracking":false,"_monsterinsights_sitenote_active":false,"_monsterinsights_sitenote_note":"","_monsterinsights_sitenote_category":0},"product_brand":[],"product_cat":[174,92],"product_tag":[],"class_list":{"0":"post-6695","1":"product","2":"type-product","3":"status-publish","4":"has-post-thumbnail","6":"product_cat-baskets-hommes","7":"product_cat-hommes","9":"first","10":"instock","11":"shipping-taxable","12":"purchasable","13":"product-type-variable"},"aioseo_notices":[],"jetpack_sharing_enabled":true,"_links":{"self":[{"href":"https:\/\/ahdhiya.com\/ar\/wp-json\/wp\/v2\/product\/6695","targetHints":{"allow":["GET"]}}],"collection":[{"href":"https:\/\/ahdhiya.com\/ar\/wp-json\/wp\/v2\/product"}],"about":[{"href":"https:\/\/ahdhiya.com\/ar\/wp-json\/wp\/v2\/types\/product"}],"replies":[{"embeddable":true,"href":"https:\/\/ahdhiya.com\/ar\/wp-json\/wp\/v2\/comments?post=6695"}],"wp:featuredmedia":[{"embeddable":true,"href":"https:\/\/ahdhiya.com\/ar\/wp-json\/wp\/v2\/media\/6696"}],"wp:attachment":[{"href":"https:\/\/ahdhiya.com\/ar\/wp-json\/wp\/v2\/media?parent=6695"}],"wp:term":[{"taxonomy":"product_brand","embeddable":true,"href":"https:\/\/ahdhiya.com\/ar\/wp-json\/wp\/v2\/product_brand?post=6695"},{"taxonomy":"product_cat","embeddable":true,"href":"https:\/\/ahdhiya.com\/ar\/wp-json\/wp\/v2\/product_cat?post=6695"},{"taxonomy":"product_tag","embeddable":true,"href":"https:\/\/ahdhiya.com\/ar\/wp-json\/wp\/v2\/product_tag?post=6695"}],"curies":[{"name":"wp","href":"https:\/\/api.w.org\/{rel}","templated":true}]}}