{"id":6709,"date":"2026-01-06T17:04:59","date_gmt":"2026-01-06T17:04:59","guid":{"rendered":"https:\/\/ahdhiya.com\/produit\/reebok-nfx-trainer\/"},"modified":"2026-03-12T14:03:38","modified_gmt":"2026-03-12T14:03:38","slug":"reebok-nfx-trainer","status":"publish","type":"product","link":"https:\/\/ahdhiya.com\/ar\/product\/reebok-nfx-trainer\/","title":{"rendered":"REEBOK NFX TRAINER"},"content":{"rendered":"<p>Les Reebok NFX Trainer sont pens\u00e9es pour offrir polyvalence et performance \u00e0 tous vos entra\u00eenements. Leur tige en mesh respirant avec renforts synth\u00e9tiques assure maintien, confort et l\u00e9g\u00e8ret\u00e9, m\u00eame lors des s\u00e9ances les plus intenses.Gr\u00e2ce \u00e0 leur semelle interm\u00e9diaire amortissante, chaque mouvement est plus fluide et prot\u00e9g\u00e9, tandis que la semelle ext\u00e9rieure en caoutchouc garantit une adh\u00e9rence optimale sur diverses surfaces.Avec leur design sportif moderne, elles s\u2019adaptent aussi bien aux exercices fonctionnels qu\u2019\u00e0 l\u2019entra\u00eenement en salle. Un choix id\u00e9al pour ceux qui veulent une chaussure fiable, r\u00e9sistante et confortable au quotidien.<\/p>","protected":false},"excerpt":{"rendered":"<p>Les Reebok NFX Trainer sont pens\u00e9es pour offrir polyvalence et performance \u00e0 tous vos entra\u00eenements. Leur tige en mesh respirant avec renforts synth\u00e9tiques assure maintien, confort et l\u00e9g\u00e8ret\u00e9, m\u00eame lors des s\u00e9ances les plus intenses.Gr\u00e2ce \u00e0 leur semelle interm\u00e9diaire amortissante, chaque mouvement est plus fluide et prot\u00e9g\u00e9, tandis que la semelle ext\u00e9rieure en caoutchouc garantit une adh\u00e9rence optimale sur diverses surfaces.Avec leur design sportif moderne, elles s\u2019adaptent aussi bien aux exercices fonctionnels qu\u2019\u00e0 l\u2019entra\u00eenement en salle. Un choix id\u00e9al pour ceux qui veulent une chaussure fiable, r\u00e9sistante et confortable au quotidien.<\/p>","protected":false},"featured_media":6710,"comment_status":"open","ping_status":"closed","template":"","meta":{"_gspb_post_css":"","om_disable_all_campaigns":false,"_monsterinsights_skip_tracking":false,"_monsterinsights_sitenote_active":false,"_monsterinsights_sitenote_note":"","_monsterinsights_sitenote_category":0},"product_brand":[],"product_cat":[174,92],"product_tag":[],"class_list":{"0":"post-6709","1":"product","2":"type-product","3":"status-publish","4":"has-post-thumbnail","6":"product_cat-baskets-hommes","7":"product_cat-hommes","9":"first","10":"instock","11":"shipping-taxable","12":"purchasable","13":"product-type-variable"},"aioseo_notices":[],"jetpack_sharing_enabled":true,"_links":{"self":[{"href":"https:\/\/ahdhiya.com\/ar\/wp-json\/wp\/v2\/product\/6709","targetHints":{"allow":["GET"]}}],"collection":[{"href":"https:\/\/ahdhiya.com\/ar\/wp-json\/wp\/v2\/product"}],"about":[{"href":"https:\/\/ahdhiya.com\/ar\/wp-json\/wp\/v2\/types\/product"}],"replies":[{"embeddable":true,"href":"https:\/\/ahdhiya.com\/ar\/wp-json\/wp\/v2\/comments?post=6709"}],"wp:featuredmedia":[{"embeddable":true,"href":"https:\/\/ahdhiya.com\/ar\/wp-json\/wp\/v2\/media\/6710"}],"wp:attachment":[{"href":"https:\/\/ahdhiya.com\/ar\/wp-json\/wp\/v2\/media?parent=6709"}],"wp:term":[{"taxonomy":"product_brand","embeddable":true,"href":"https:\/\/ahdhiya.com\/ar\/wp-json\/wp\/v2\/product_brand?post=6709"},{"taxonomy":"product_cat","embeddable":true,"href":"https:\/\/ahdhiya.com\/ar\/wp-json\/wp\/v2\/product_cat?post=6709"},{"taxonomy":"product_tag","embeddable":true,"href":"https:\/\/ahdhiya.com\/ar\/wp-json\/wp\/v2\/product_tag?post=6709"}],"curies":[{"name":"wp","href":"https:\/\/api.w.org\/{rel}","templated":true}]}}