{"id":6792,"date":"2026-01-06T17:06:24","date_gmt":"2026-01-06T17:06:24","guid":{"rendered":"https:\/\/ahdhiya.com\/produit\/champion-clay-evolve\/"},"modified":"2026-03-12T14:03:38","modified_gmt":"2026-03-12T14:03:38","slug":"champion-clay-evolve","status":"publish","type":"product","link":"https:\/\/ahdhiya.com\/ar\/product\/champion-clay-evolve\/","title":{"rendered":"CHAMPION CLAY EVOLVE"},"content":{"rendered":"<p>La Champion Clay Evolve est une sneaker au look dynamique et contemporain, con\u00e7ue pour offrir un \u00e9quilibre parfait entre confort, style et performance urbaine.Sa tige en mesh respirant combin\u00e9e \u00e0 des empi\u00e8cements synth\u00e9tiques assure une excellente ventilation tout en maintenant la structure du pied. La semelle interm\u00e9diaire amortissante garantit un confort durable, tandis que la semelle ext\u00e9rieure en caoutchouc offre adh\u00e9rence et stabilit\u00e9 \u00e0 chaque pas.Son design \u00e9pur\u00e9 est rehauss\u00e9 par des d\u00e9tails Champion embl\u00e9matiques, soulignant son identit\u00e9 sportive. Polyvalente et l\u00e9g\u00e8re, la Clay Evolve est parfaite pour un usage quotidien, alliant style moderne, confort sup\u00e9rieur et allure urbaine.<\/p>","protected":false},"excerpt":{"rendered":"<p>La Champion Clay Evolve est une sneaker au look dynamique et contemporain, con\u00e7ue pour offrir un \u00e9quilibre parfait entre confort, style et performance urbaine.Sa tige en mesh respirant combin\u00e9e \u00e0 des empi\u00e8cements synth\u00e9tiques assure une excellente ventilation tout en maintenant la structure du pied. La semelle interm\u00e9diaire amortissante garantit un confort durable, tandis que la semelle ext\u00e9rieure en caoutchouc offre adh\u00e9rence et stabilit\u00e9 \u00e0 chaque pas.Son design \u00e9pur\u00e9 est rehauss\u00e9 par des d\u00e9tails Champion embl\u00e9matiques, soulignant son identit\u00e9 sportive. Polyvalente et l\u00e9g\u00e8re, la Clay Evolve est parfaite pour un usage quotidien, alliant style moderne, confort sup\u00e9rieur et allure urbaine.<\/p>","protected":false},"featured_media":6793,"comment_status":"open","ping_status":"closed","template":"","meta":{"_gspb_post_css":"","om_disable_all_campaigns":false,"_monsterinsights_skip_tracking":false,"_monsterinsights_sitenote_active":false,"_monsterinsights_sitenote_note":"","_monsterinsights_sitenote_category":0},"product_brand":[],"product_cat":[174,92],"product_tag":[],"class_list":{"0":"post-6792","1":"product","2":"type-product","3":"status-publish","4":"has-post-thumbnail","6":"product_cat-baskets-hommes","7":"product_cat-hommes","9":"first","10":"instock","11":"shipping-taxable","12":"purchasable","13":"product-type-variable"},"aioseo_notices":[],"jetpack_sharing_enabled":true,"_links":{"self":[{"href":"https:\/\/ahdhiya.com\/ar\/wp-json\/wp\/v2\/product\/6792","targetHints":{"allow":["GET"]}}],"collection":[{"href":"https:\/\/ahdhiya.com\/ar\/wp-json\/wp\/v2\/product"}],"about":[{"href":"https:\/\/ahdhiya.com\/ar\/wp-json\/wp\/v2\/types\/product"}],"replies":[{"embeddable":true,"href":"https:\/\/ahdhiya.com\/ar\/wp-json\/wp\/v2\/comments?post=6792"}],"wp:featuredmedia":[{"embeddable":true,"href":"https:\/\/ahdhiya.com\/ar\/wp-json\/wp\/v2\/media\/6793"}],"wp:attachment":[{"href":"https:\/\/ahdhiya.com\/ar\/wp-json\/wp\/v2\/media?parent=6792"}],"wp:term":[{"taxonomy":"product_brand","embeddable":true,"href":"https:\/\/ahdhiya.com\/ar\/wp-json\/wp\/v2\/product_brand?post=6792"},{"taxonomy":"product_cat","embeddable":true,"href":"https:\/\/ahdhiya.com\/ar\/wp-json\/wp\/v2\/product_cat?post=6792"},{"taxonomy":"product_tag","embeddable":true,"href":"https:\/\/ahdhiya.com\/ar\/wp-json\/wp\/v2\/product_tag?post=6792"}],"curies":[{"name":"wp","href":"https:\/\/api.w.org\/{rel}","templated":true}]}}