{"id":6856,"date":"2026-01-06T17:06:50","date_gmt":"2026-01-06T17:06:50","guid":{"rendered":"https:\/\/ahdhiya.com\/produit\/champion-rd18-evolve-ii-mid-element-2\/"},"modified":"2026-03-12T14:03:39","modified_gmt":"2026-03-12T14:03:39","slug":"champion-rd18-evolve-ii-mid-element-2","status":"publish","type":"product","link":"https:\/\/ahdhiya.com\/ar\/product\/champion-rd18-evolve-ii-mid-element-2\/","title":{"rendered":"CHAMPION RD18 EVOLVE II MID ELEMENT"},"content":{"rendered":"<p>La Champion RD18 Evolve II MID Element est une sneaker montante au design audacieux et sportif. Elle associe une tige en synth\u00e9tique (PU) et textile pour un bon compromis entre solidit\u00e9 et respirabilit\u00e9. Son int\u00e9rieur en mesh assure un confort optimal, et elle est dot\u00e9e d\u2019une semelle ext\u00e9rieure en caoutchouc pour une adh\u00e9rence fiable.Avec sa coupe \u00ab\u00a0mid\u00a0\u00bb (mi-haute), elle offre un bon maintien de la cheville sans restreindre les mouvements. La fermeture \u00e0 lacets permet un ajustement pr\u00e9cis. Un choix styl\u00e9 et fonctionnel pour le quotidien ou les looks urbains affirm\u00e9s.<\/p>","protected":false},"excerpt":{"rendered":"<p>La Champion RD18 Evolve II MID Element est une sneaker montante au design audacieux et sportif. Elle associe une tige en synth\u00e9tique (PU) et textile pour un bon compromis entre solidit\u00e9 et respirabilit\u00e9. Son int\u00e9rieur en mesh assure un confort optimal, et elle est dot\u00e9e d\u2019une semelle ext\u00e9rieure en caoutchouc pour une adh\u00e9rence fiable.Avec sa coupe \u00ab\u00a0mid\u00a0\u00bb (mi-haute), elle offre un bon maintien de la cheville sans restreindre les mouvements. La fermeture \u00e0 lacets permet un ajustement pr\u00e9cis. Un choix styl\u00e9 et fonctionnel pour le quotidien ou les looks urbains affirm\u00e9s.<\/p>","protected":false},"featured_media":6857,"comment_status":"open","ping_status":"closed","template":"","meta":{"_gspb_post_css":"","om_disable_all_campaigns":false,"_monsterinsights_skip_tracking":false,"_monsterinsights_sitenote_active":false,"_monsterinsights_sitenote_note":"","_monsterinsights_sitenote_category":0},"product_brand":[],"product_cat":[174,92],"product_tag":[],"class_list":{"0":"post-6856","1":"product","2":"type-product","3":"status-publish","4":"has-post-thumbnail","6":"product_cat-baskets-hommes","7":"product_cat-hommes","9":"first","10":"instock","11":"shipping-taxable","12":"purchasable","13":"product-type-variable"},"aioseo_notices":[],"jetpack_sharing_enabled":true,"_links":{"self":[{"href":"https:\/\/ahdhiya.com\/ar\/wp-json\/wp\/v2\/product\/6856","targetHints":{"allow":["GET"]}}],"collection":[{"href":"https:\/\/ahdhiya.com\/ar\/wp-json\/wp\/v2\/product"}],"about":[{"href":"https:\/\/ahdhiya.com\/ar\/wp-json\/wp\/v2\/types\/product"}],"replies":[{"embeddable":true,"href":"https:\/\/ahdhiya.com\/ar\/wp-json\/wp\/v2\/comments?post=6856"}],"wp:featuredmedia":[{"embeddable":true,"href":"https:\/\/ahdhiya.com\/ar\/wp-json\/wp\/v2\/media\/6857"}],"wp:attachment":[{"href":"https:\/\/ahdhiya.com\/ar\/wp-json\/wp\/v2\/media?parent=6856"}],"wp:term":[{"taxonomy":"product_brand","embeddable":true,"href":"https:\/\/ahdhiya.com\/ar\/wp-json\/wp\/v2\/product_brand?post=6856"},{"taxonomy":"product_cat","embeddable":true,"href":"https:\/\/ahdhiya.com\/ar\/wp-json\/wp\/v2\/product_cat?post=6856"},{"taxonomy":"product_tag","embeddable":true,"href":"https:\/\/ahdhiya.com\/ar\/wp-json\/wp\/v2\/product_tag?post=6856"}],"curies":[{"name":"wp","href":"https:\/\/api.w.org\/{rel}","templated":true}]}}