{"id":7058,"date":"2026-01-06T17:25:13","date_gmt":"2026-01-06T17:25:13","guid":{"rendered":"https:\/\/ahdhiya.com\/produit\/champion-prestige-ms\/"},"modified":"2026-03-12T14:03:40","modified_gmt":"2026-03-12T14:03:40","slug":"champion-prestige-ms","status":"publish","type":"product","link":"https:\/\/ahdhiya.com\/ar\/product\/champion-prestige-ms\/","title":{"rendered":"CHAMPION PRESTIGE MS"},"content":{"rendered":"<p>La Champion Prestige MS est une sneaker polyvalente qui combine confort et style moderne. Sa tige en mati\u00e8re synth\u00e9tique et textile assure l\u00e9g\u00e8ret\u00e9 et respirabilit\u00e9, tandis que la doublure int\u00e9rieure en tissu et la semelle de propret\u00e9 rembourr\u00e9e garantissent un port agr\u00e9able au quotidien.\u00c9quip\u00e9e d\u2019une semelle ext\u00e9rieure robuste en mat\u00e9riau synth\u00e9tique, elle offre une excellente adh\u00e9rence et une bonne durabilit\u00e9. Sa coupe basse avec bout rond et fermeture \u00e0 lacets procure libert\u00e9 de mouvement et maintien efficace. Avec un poids l\u00e9ger et une semelle d\u2019environ 2,8 cm, elle reste confortable pour une utilisation prolong\u00e9e.Un mod\u00e8le au design \u00e9pur\u00e9 qui s\u2019adapte aussi bien aux activit\u00e9s sportives qu\u2019au style urbain d\u00e9contract\u00e9.<\/p>","protected":false},"excerpt":{"rendered":"<p>La Champion Prestige MS est une sneaker polyvalente qui combine confort et style moderne. Sa tige en mati\u00e8re synth\u00e9tique et textile assure l\u00e9g\u00e8ret\u00e9 et respirabilit\u00e9, tandis que la doublure int\u00e9rieure en tissu et la semelle de propret\u00e9 rembourr\u00e9e garantissent un port agr\u00e9able au quotidien.\u00c9quip\u00e9e d\u2019une semelle ext\u00e9rieure robuste en mat\u00e9riau synth\u00e9tique, elle offre une excellente adh\u00e9rence et une bonne durabilit\u00e9. Sa coupe basse avec bout rond et fermeture \u00e0 lacets procure libert\u00e9 de mouvement et maintien efficace. Avec un poids l\u00e9ger et une semelle d\u2019environ 2,8 cm, elle reste confortable pour une utilisation prolong\u00e9e.Un mod\u00e8le au design \u00e9pur\u00e9 qui s\u2019adapte aussi bien aux activit\u00e9s sportives qu\u2019au style urbain d\u00e9contract\u00e9.<\/p>","protected":false},"featured_media":7059,"comment_status":"open","ping_status":"closed","template":"","meta":{"_gspb_post_css":"","om_disable_all_campaigns":false,"_monsterinsights_skip_tracking":false,"_monsterinsights_sitenote_active":false,"_monsterinsights_sitenote_note":"","_monsterinsights_sitenote_category":0},"product_brand":[],"product_cat":[174,92],"product_tag":[],"class_list":{"0":"post-7058","1":"product","2":"type-product","3":"status-publish","4":"has-post-thumbnail","6":"product_cat-baskets-hommes","7":"product_cat-hommes","9":"first","10":"instock","11":"shipping-taxable","12":"purchasable","13":"product-type-variable"},"aioseo_notices":[],"jetpack_sharing_enabled":true,"_links":{"self":[{"href":"https:\/\/ahdhiya.com\/ar\/wp-json\/wp\/v2\/product\/7058","targetHints":{"allow":["GET"]}}],"collection":[{"href":"https:\/\/ahdhiya.com\/ar\/wp-json\/wp\/v2\/product"}],"about":[{"href":"https:\/\/ahdhiya.com\/ar\/wp-json\/wp\/v2\/types\/product"}],"replies":[{"embeddable":true,"href":"https:\/\/ahdhiya.com\/ar\/wp-json\/wp\/v2\/comments?post=7058"}],"wp:featuredmedia":[{"embeddable":true,"href":"https:\/\/ahdhiya.com\/ar\/wp-json\/wp\/v2\/media\/7059"}],"wp:attachment":[{"href":"https:\/\/ahdhiya.com\/ar\/wp-json\/wp\/v2\/media?parent=7058"}],"wp:term":[{"taxonomy":"product_brand","embeddable":true,"href":"https:\/\/ahdhiya.com\/ar\/wp-json\/wp\/v2\/product_brand?post=7058"},{"taxonomy":"product_cat","embeddable":true,"href":"https:\/\/ahdhiya.com\/ar\/wp-json\/wp\/v2\/product_cat?post=7058"},{"taxonomy":"product_tag","embeddable":true,"href":"https:\/\/ahdhiya.com\/ar\/wp-json\/wp\/v2\/product_tag?post=7058"}],"curies":[{"name":"wp","href":"https:\/\/api.w.org\/{rel}","templated":true}]}}