{"id":7111,"date":"2026-01-06T17:26:10","date_gmt":"2026-01-06T17:26:10","guid":{"rendered":"https:\/\/ahdhiya.com\/produit\/champion-syphon-mesh-lu\/"},"modified":"2026-03-12T14:03:40","modified_gmt":"2026-03-12T14:03:40","slug":"champion-syphon-mesh-lu","status":"publish","type":"product","link":"https:\/\/ahdhiya.com\/ar\/product\/champion-syphon-mesh-lu\/","title":{"rendered":"CHAMPION SYPHON MESH LU"},"content":{"rendered":"<p>La Champion Syphon Mesh LU est une sneaker basse au design moderne et respirant, pens\u00e9e pour allier confort et style sportif.Sa tige en mesh a\u00e9r\u00e9 favorise une ventilation optimale, gardant le pied au frais m\u00eame lors d\u2019une utilisation prolong\u00e9e. Les empi\u00e8cements synth\u00e9tiques ajoutent de la structure et de la r\u00e9sistance, tandis que la fermeture \u00e0 lacets (LU \u2013 Lace Up) garantit un ajustement pr\u00e9cis et s\u00fbr.La semelle interm\u00e9diaire l\u00e9g\u00e8re offre un bon amorti, r\u00e9duisant la fatigue du pied, et la semelle ext\u00e9rieure en caoutchouc assure une excellente traction sur diff\u00e9rentes surfaces.Avec son design \u00e9pur\u00e9, ses d\u00e9tails sign\u00e9s Champion et son confort de marche sup\u00e9rieur, la Syphon Mesh LU est id\u00e9ale pour un usage quotidien, entre sport et lifestyle.<\/p>","protected":false},"excerpt":{"rendered":"<p>La Champion Syphon Mesh LU est une sneaker basse au design moderne et respirant, pens\u00e9e pour allier confort et style sportif.Sa tige en mesh a\u00e9r\u00e9 favorise une ventilation optimale, gardant le pied au frais m\u00eame lors d\u2019une utilisation prolong\u00e9e. Les empi\u00e8cements synth\u00e9tiques ajoutent de la structure et de la r\u00e9sistance, tandis que la fermeture \u00e0 lacets (LU \u2013 Lace Up) garantit un ajustement pr\u00e9cis et s\u00fbr.La semelle interm\u00e9diaire l\u00e9g\u00e8re offre un bon amorti, r\u00e9duisant la fatigue du pied, et la semelle ext\u00e9rieure en caoutchouc assure une excellente traction sur diff\u00e9rentes surfaces.Avec son design \u00e9pur\u00e9, ses d\u00e9tails sign\u00e9s Champion et son confort de marche sup\u00e9rieur, la Syphon Mesh LU est id\u00e9ale pour un usage quotidien, entre sport et lifestyle.<\/p>","protected":false},"featured_media":7112,"comment_status":"open","ping_status":"closed","template":"","meta":{"_gspb_post_css":"","om_disable_all_campaigns":false,"_monsterinsights_skip_tracking":false,"_monsterinsights_sitenote_active":false,"_monsterinsights_sitenote_note":"","_monsterinsights_sitenote_category":0},"product_brand":[],"product_cat":[174,92],"product_tag":[],"class_list":{"0":"post-7111","1":"product","2":"type-product","3":"status-publish","4":"has-post-thumbnail","6":"product_cat-baskets-hommes","7":"product_cat-hommes","9":"first","10":"instock","11":"shipping-taxable","12":"purchasable","13":"product-type-variable"},"aioseo_notices":[],"jetpack_sharing_enabled":true,"_links":{"self":[{"href":"https:\/\/ahdhiya.com\/ar\/wp-json\/wp\/v2\/product\/7111","targetHints":{"allow":["GET"]}}],"collection":[{"href":"https:\/\/ahdhiya.com\/ar\/wp-json\/wp\/v2\/product"}],"about":[{"href":"https:\/\/ahdhiya.com\/ar\/wp-json\/wp\/v2\/types\/product"}],"replies":[{"embeddable":true,"href":"https:\/\/ahdhiya.com\/ar\/wp-json\/wp\/v2\/comments?post=7111"}],"wp:featuredmedia":[{"embeddable":true,"href":"https:\/\/ahdhiya.com\/ar\/wp-json\/wp\/v2\/media\/7112"}],"wp:attachment":[{"href":"https:\/\/ahdhiya.com\/ar\/wp-json\/wp\/v2\/media?parent=7111"}],"wp:term":[{"taxonomy":"product_brand","embeddable":true,"href":"https:\/\/ahdhiya.com\/ar\/wp-json\/wp\/v2\/product_brand?post=7111"},{"taxonomy":"product_cat","embeddable":true,"href":"https:\/\/ahdhiya.com\/ar\/wp-json\/wp\/v2\/product_cat?post=7111"},{"taxonomy":"product_tag","embeddable":true,"href":"https:\/\/ahdhiya.com\/ar\/wp-json\/wp\/v2\/product_tag?post=7111"}],"curies":[{"name":"wp","href":"https:\/\/api.w.org\/{rel}","templated":true}]}}