{"id":7364,"date":"2026-01-06T17:46:02","date_gmt":"2026-01-06T17:46:02","guid":{"rendered":"https:\/\/ahdhiya.com\/produit\/nike-court-vision-lo-3\/"},"modified":"2026-03-12T14:03:42","modified_gmt":"2026-03-12T14:03:42","slug":"nike-court-vision-lo-3","status":"publish","type":"product","link":"https:\/\/ahdhiya.com\/ar\/product\/nike-court-vision-lo-3\/","title":{"rendered":"NIKE COURT VISION LO"},"content":{"rendered":"<p>La Nike Court Vision Low (CD5434-115) s\u2019inspire du style basketball classique des ann\u00e9es 80 pour offrir une sneaker au look r\u00e9tro et urbain.Sa tige en cuir et cuir synth\u00e9tique assure \u00e0 la fois durabilit\u00e9 et maintien, tandis que le col bas rembourr\u00e9 garantit un confort optimal au quotidien. La semelle ext\u00e9rieure en caoutchouc offre une excellente adh\u00e9rence et une r\u00e9sistance id\u00e9ale pour un usage urbain intensif.Son design blanc rehauss\u00e9 de d\u00e9tails bleu royal apporte une touche dynamique et \u00e9l\u00e9gante, fid\u00e8le \u00e0 l\u2019esprit Nike : un parfait \u00e9quilibre entre style intemporel, confort et performance.MADE IN INDIA<\/p>","protected":false},"excerpt":{"rendered":"<p>La Nike Court Vision Low (CD5434-115) s\u2019inspire du style basketball classique des ann\u00e9es 80 pour offrir une sneaker au look r\u00e9tro et urbain.Sa tige en cuir et cuir synth\u00e9tique assure \u00e0 la fois durabilit\u00e9 et maintien, tandis que le col bas rembourr\u00e9 garantit un confort optimal au quotidien. La semelle ext\u00e9rieure en caoutchouc offre une excellente adh\u00e9rence et une r\u00e9sistance id\u00e9ale pour un usage urbain intensif.Son design blanc rehauss\u00e9 de d\u00e9tails bleu royal apporte une touche dynamique et \u00e9l\u00e9gante, fid\u00e8le \u00e0 l\u2019esprit Nike : un parfait \u00e9quilibre entre style intemporel, confort et performance.MADE IN INDIA<\/p>","protected":false},"featured_media":7365,"comment_status":"open","ping_status":"closed","template":"","meta":{"_gspb_post_css":"","om_disable_all_campaigns":false,"_monsterinsights_skip_tracking":false,"_monsterinsights_sitenote_active":false,"_monsterinsights_sitenote_note":"","_monsterinsights_sitenote_category":0},"product_brand":[],"product_cat":[174,92],"product_tag":[],"class_list":{"0":"post-7364","1":"product","2":"type-product","3":"status-publish","4":"has-post-thumbnail","6":"product_cat-baskets-hommes","7":"product_cat-hommes","9":"first","10":"instock","11":"shipping-taxable","12":"purchasable","13":"product-type-variable"},"aioseo_notices":[],"jetpack_sharing_enabled":true,"_links":{"self":[{"href":"https:\/\/ahdhiya.com\/ar\/wp-json\/wp\/v2\/product\/7364","targetHints":{"allow":["GET"]}}],"collection":[{"href":"https:\/\/ahdhiya.com\/ar\/wp-json\/wp\/v2\/product"}],"about":[{"href":"https:\/\/ahdhiya.com\/ar\/wp-json\/wp\/v2\/types\/product"}],"replies":[{"embeddable":true,"href":"https:\/\/ahdhiya.com\/ar\/wp-json\/wp\/v2\/comments?post=7364"}],"wp:featuredmedia":[{"embeddable":true,"href":"https:\/\/ahdhiya.com\/ar\/wp-json\/wp\/v2\/media\/7365"}],"wp:attachment":[{"href":"https:\/\/ahdhiya.com\/ar\/wp-json\/wp\/v2\/media?parent=7364"}],"wp:term":[{"taxonomy":"product_brand","embeddable":true,"href":"https:\/\/ahdhiya.com\/ar\/wp-json\/wp\/v2\/product_brand?post=7364"},{"taxonomy":"product_cat","embeddable":true,"href":"https:\/\/ahdhiya.com\/ar\/wp-json\/wp\/v2\/product_cat?post=7364"},{"taxonomy":"product_tag","embeddable":true,"href":"https:\/\/ahdhiya.com\/ar\/wp-json\/wp\/v2\/product_tag?post=7364"}],"curies":[{"name":"wp","href":"https:\/\/api.w.org\/{rel}","templated":true}]}}