{"id":7602,"date":"2026-01-06T17:52:35","date_gmt":"2026-01-06T17:52:35","guid":{"rendered":"https:\/\/ahdhiya.com\/produit\/tommy-hilfiger-footwear-3\/"},"modified":"2026-03-12T14:03:44","modified_gmt":"2026-03-12T14:03:44","slug":"tommy-hilfiger-footwear-3","status":"publish","type":"product","link":"https:\/\/ahdhiya.com\/ar\/product\/tommy-hilfiger-footwear-3\/","title":{"rendered":"TOMMY HILFIGER FOOTWEAR"},"content":{"rendered":"<p>La sneaker Tommy Hilfiger T3B9-33680-1696A177 se distingue par un design alliant robustesse et style urbain. Sa tige, dans une teinte \u00ab gris\/military green \u00bb, est rehauss\u00e9e de d\u00e9tails subtils typiques de la marque pour un rendu \u00e0 la fois moderne et \u00e9l\u00e9gant. Le la\u00e7age classique assure un ajustement s\u00e9curis\u00e9, tandis que le col l\u00e9g\u00e8rement rembourr\u00e9 am\u00e9liore le confort \u00e0 chaque pas.La semelle ext\u00e9rieure en caoutchouc garantit une bonne adh\u00e9rence pour les d\u00e9placements quotidiens en ville, et la coupe basse \u00ab low-cut \u00bb apporte une libert\u00e9 de mouvement optimale. Que ce soit avec un jean retrouss\u00e9 ou un pantalon cargo, cette paire s\u2019adapte facilement \u00e0 une garde-robe casual chic.<\/p>","protected":false},"excerpt":{"rendered":"<p>La sneaker Tommy Hilfiger T3B9-33680-1696A177 se distingue par un design alliant robustesse et style urbain. Sa tige, dans une teinte \u00ab gris\/military green \u00bb, est rehauss\u00e9e de d\u00e9tails subtils typiques de la marque pour un rendu \u00e0 la fois moderne et \u00e9l\u00e9gant. Le la\u00e7age classique assure un ajustement s\u00e9curis\u00e9, tandis que le col l\u00e9g\u00e8rement rembourr\u00e9 am\u00e9liore le confort \u00e0 chaque pas.La semelle ext\u00e9rieure en caoutchouc garantit une bonne adh\u00e9rence pour les d\u00e9placements quotidiens en ville, et la coupe basse \u00ab low-cut \u00bb apporte une libert\u00e9 de mouvement optimale. Que ce soit avec un jean retrouss\u00e9 ou un pantalon cargo, cette paire s\u2019adapte facilement \u00e0 une garde-robe casual chic.<\/p>","protected":false},"featured_media":7603,"comment_status":"open","ping_status":"closed","template":"","meta":{"_gspb_post_css":"","om_disable_all_campaigns":false,"_monsterinsights_skip_tracking":false,"_monsterinsights_sitenote_active":false,"_monsterinsights_sitenote_note":"","_monsterinsights_sitenote_category":0},"product_brand":[],"product_cat":[174,92],"product_tag":[],"class_list":{"0":"post-7602","1":"product","2":"type-product","3":"status-publish","4":"has-post-thumbnail","6":"product_cat-baskets-hommes","7":"product_cat-hommes","9":"first","10":"instock","11":"shipping-taxable","12":"purchasable","13":"product-type-variable"},"aioseo_notices":[],"jetpack_sharing_enabled":true,"_links":{"self":[{"href":"https:\/\/ahdhiya.com\/ar\/wp-json\/wp\/v2\/product\/7602","targetHints":{"allow":["GET"]}}],"collection":[{"href":"https:\/\/ahdhiya.com\/ar\/wp-json\/wp\/v2\/product"}],"about":[{"href":"https:\/\/ahdhiya.com\/ar\/wp-json\/wp\/v2\/types\/product"}],"replies":[{"embeddable":true,"href":"https:\/\/ahdhiya.com\/ar\/wp-json\/wp\/v2\/comments?post=7602"}],"wp:featuredmedia":[{"embeddable":true,"href":"https:\/\/ahdhiya.com\/ar\/wp-json\/wp\/v2\/media\/7603"}],"wp:attachment":[{"href":"https:\/\/ahdhiya.com\/ar\/wp-json\/wp\/v2\/media?parent=7602"}],"wp:term":[{"taxonomy":"product_brand","embeddable":true,"href":"https:\/\/ahdhiya.com\/ar\/wp-json\/wp\/v2\/product_brand?post=7602"},{"taxonomy":"product_cat","embeddable":true,"href":"https:\/\/ahdhiya.com\/ar\/wp-json\/wp\/v2\/product_cat?post=7602"},{"taxonomy":"product_tag","embeddable":true,"href":"https:\/\/ahdhiya.com\/ar\/wp-json\/wp\/v2\/product_tag?post=7602"}],"curies":[{"name":"wp","href":"https:\/\/api.w.org\/{rel}","templated":true}]}}