{"id":7721,"date":"2026-01-06T17:53:20","date_gmt":"2026-01-06T17:53:20","guid":{"rendered":"https:\/\/ahdhiya.com\/produit\/champion-dsm-165-lite\/"},"modified":"2026-03-12T14:03:45","modified_gmt":"2026-03-12T14:03:45","slug":"champion-dsm-165-lite","status":"publish","type":"product","link":"https:\/\/ahdhiya.com\/ar\/product\/champion-dsm-165-lite\/","title":{"rendered":"CHAMPION DSM 165 LITE"},"content":{"rendered":"<p>La Champion DSM 165 Lite est une chaussure d\u00e9contract\u00e9e au style sportif, con\u00e7ue pour allier l\u00e9g\u00e8ret\u00e9 et polyvalence. Elle est propos\u00e9e en plusieurs coloris, notamment rouge\/noir\/bleu, et disponible du 40 au 44 (tailles europ\u00e9ennes).Sa tige combine des mat\u00e9riaux textile et synth\u00e9tiques pour offrir respirabilit\u00e9 et solidit\u00e9, tandis que la semelle ext\u00e9rieure en caoutchouc garantit adh\u00e9rence et confort de marche. La fermeture \u00e0 lacets permet un ajustement pr\u00e9cis, et son design dynamique en fait un bon choix pour un usage urbain ou quotidien.Un mod\u00e8le qui mise sur la simplicit\u00e9 efficace : confort, style et fonctionnalit\u00e9 rassembl\u00e9s dans une chaussure l\u00e9g\u00e8re et accessible.<\/p>","protected":false},"excerpt":{"rendered":"<p>La Champion DSM 165 Lite est une chaussure d\u00e9contract\u00e9e au style sportif, con\u00e7ue pour allier l\u00e9g\u00e8ret\u00e9 et polyvalence. Elle est propos\u00e9e en plusieurs coloris, notamment rouge\/noir\/bleu, et disponible du 40 au 44 (tailles europ\u00e9ennes).Sa tige combine des mat\u00e9riaux textile et synth\u00e9tiques pour offrir respirabilit\u00e9 et solidit\u00e9, tandis que la semelle ext\u00e9rieure en caoutchouc garantit adh\u00e9rence et confort de marche. La fermeture \u00e0 lacets permet un ajustement pr\u00e9cis, et son design dynamique en fait un bon choix pour un usage urbain ou quotidien.Un mod\u00e8le qui mise sur la simplicit\u00e9 efficace : confort, style et fonctionnalit\u00e9 rassembl\u00e9s dans une chaussure l\u00e9g\u00e8re et accessible.<\/p>","protected":false},"featured_media":7722,"comment_status":"open","ping_status":"closed","template":"","meta":{"_gspb_post_css":"","om_disable_all_campaigns":false,"_monsterinsights_skip_tracking":false,"_monsterinsights_sitenote_active":false,"_monsterinsights_sitenote_note":"","_monsterinsights_sitenote_category":0},"product_brand":[],"product_cat":[174,92],"product_tag":[],"class_list":{"0":"post-7721","1":"product","2":"type-product","3":"status-publish","4":"has-post-thumbnail","6":"product_cat-baskets-hommes","7":"product_cat-hommes","9":"first","10":"instock","11":"shipping-taxable","12":"purchasable","13":"product-type-variable"},"aioseo_notices":[],"jetpack_sharing_enabled":true,"_links":{"self":[{"href":"https:\/\/ahdhiya.com\/ar\/wp-json\/wp\/v2\/product\/7721","targetHints":{"allow":["GET"]}}],"collection":[{"href":"https:\/\/ahdhiya.com\/ar\/wp-json\/wp\/v2\/product"}],"about":[{"href":"https:\/\/ahdhiya.com\/ar\/wp-json\/wp\/v2\/types\/product"}],"replies":[{"embeddable":true,"href":"https:\/\/ahdhiya.com\/ar\/wp-json\/wp\/v2\/comments?post=7721"}],"wp:featuredmedia":[{"embeddable":true,"href":"https:\/\/ahdhiya.com\/ar\/wp-json\/wp\/v2\/media\/7722"}],"wp:attachment":[{"href":"https:\/\/ahdhiya.com\/ar\/wp-json\/wp\/v2\/media?parent=7721"}],"wp:term":[{"taxonomy":"product_brand","embeddable":true,"href":"https:\/\/ahdhiya.com\/ar\/wp-json\/wp\/v2\/product_brand?post=7721"},{"taxonomy":"product_cat","embeddable":true,"href":"https:\/\/ahdhiya.com\/ar\/wp-json\/wp\/v2\/product_cat?post=7721"},{"taxonomy":"product_tag","embeddable":true,"href":"https:\/\/ahdhiya.com\/ar\/wp-json\/wp\/v2\/product_tag?post=7721"}],"curies":[{"name":"wp","href":"https:\/\/api.w.org\/{rel}","templated":true}]}}