{"id":7810,"date":"2026-01-06T17:56:41","date_gmt":"2026-01-06T17:56:41","guid":{"rendered":"https:\/\/ahdhiya.com\/produit\/reebok-phase-court\/"},"modified":"2026-03-12T14:03:45","modified_gmt":"2026-03-12T14:03:45","slug":"reebok-phase-court","status":"publish","type":"product","link":"https:\/\/ahdhiya.com\/ar\/product\/reebok-phase-court\/","title":{"rendered":"REEBOK PHASE COURT"},"content":{"rendered":"<p>Les Reebok Phase Court revisitent l\u2019esprit sport-chic en s\u2019inspirant des mod\u00e8les classiques de tennis. Leur design \u00e9pur\u00e9 et intemporel en fait une paire polyvalente, parfaite pour un look d\u00e9contract\u00e9 au quotidien.La tige en mati\u00e8re r\u00e9sistante assure durabilit\u00e9 et maintien, tandis que la semelle interm\u00e9diaire amortissante procure un confort agr\u00e9able tout au long de la journ\u00e9e. La semelle ext\u00e9rieure en caoutchouc garantit une bonne adh\u00e9rence et une usure ma\u00eetris\u00e9e.Alliant style r\u00e9tro et confort moderne, les Phase Court s\u2019adaptent aussi bien aux journ\u00e9es actives qu\u2019aux sorties urbaines, pour un look simple et \u00e9l\u00e9gant en toutes circonstances.<\/p>","protected":false},"excerpt":{"rendered":"<p>Les Reebok Phase Court revisitent l\u2019esprit sport-chic en s\u2019inspirant des mod\u00e8les classiques de tennis. Leur design \u00e9pur\u00e9 et intemporel en fait une paire polyvalente, parfaite pour un look d\u00e9contract\u00e9 au quotidien.La tige en mati\u00e8re r\u00e9sistante assure durabilit\u00e9 et maintien, tandis que la semelle interm\u00e9diaire amortissante procure un confort agr\u00e9able tout au long de la journ\u00e9e. La semelle ext\u00e9rieure en caoutchouc garantit une bonne adh\u00e9rence et une usure ma\u00eetris\u00e9e.Alliant style r\u00e9tro et confort moderne, les Phase Court s\u2019adaptent aussi bien aux journ\u00e9es actives qu\u2019aux sorties urbaines, pour un look simple et \u00e9l\u00e9gant en toutes circonstances.<\/p>","protected":false},"featured_media":7811,"comment_status":"open","ping_status":"closed","template":"","meta":{"_gspb_post_css":"","om_disable_all_campaigns":false,"_monsterinsights_skip_tracking":false,"_monsterinsights_sitenote_active":false,"_monsterinsights_sitenote_note":"","_monsterinsights_sitenote_category":0},"product_brand":[],"product_cat":[174,92],"product_tag":[],"class_list":{"0":"post-7810","1":"product","2":"type-product","3":"status-publish","4":"has-post-thumbnail","6":"product_cat-baskets-hommes","7":"product_cat-hommes","9":"first","10":"instock","11":"shipping-taxable","12":"purchasable","13":"product-type-variable"},"aioseo_notices":[],"jetpack_sharing_enabled":true,"_links":{"self":[{"href":"https:\/\/ahdhiya.com\/ar\/wp-json\/wp\/v2\/product\/7810","targetHints":{"allow":["GET"]}}],"collection":[{"href":"https:\/\/ahdhiya.com\/ar\/wp-json\/wp\/v2\/product"}],"about":[{"href":"https:\/\/ahdhiya.com\/ar\/wp-json\/wp\/v2\/types\/product"}],"replies":[{"embeddable":true,"href":"https:\/\/ahdhiya.com\/ar\/wp-json\/wp\/v2\/comments?post=7810"}],"wp:featuredmedia":[{"embeddable":true,"href":"https:\/\/ahdhiya.com\/ar\/wp-json\/wp\/v2\/media\/7811"}],"wp:attachment":[{"href":"https:\/\/ahdhiya.com\/ar\/wp-json\/wp\/v2\/media?parent=7810"}],"wp:term":[{"taxonomy":"product_brand","embeddable":true,"href":"https:\/\/ahdhiya.com\/ar\/wp-json\/wp\/v2\/product_brand?post=7810"},{"taxonomy":"product_cat","embeddable":true,"href":"https:\/\/ahdhiya.com\/ar\/wp-json\/wp\/v2\/product_cat?post=7810"},{"taxonomy":"product_tag","embeddable":true,"href":"https:\/\/ahdhiya.com\/ar\/wp-json\/wp\/v2\/product_tag?post=7810"}],"curies":[{"name":"wp","href":"https:\/\/api.w.org\/{rel}","templated":true}]}}