{"id":7992,"date":"2026-01-06T18:12:07","date_gmt":"2026-01-06T18:12:07","guid":{"rendered":"https:\/\/ahdhiya.com\/produit\/reebok-nfx-trainer-2\/"},"modified":"2026-03-12T14:03:46","modified_gmt":"2026-03-12T14:03:46","slug":"reebok-nfx-trainer-2","status":"publish","type":"product","link":"https:\/\/ahdhiya.com\/ar\/product\/reebok-nfx-trainer-2\/","title":{"rendered":"REEBOK NFX TRAINER"},"content":{"rendered":"<p>es Reebok NFX Trainer sont con\u00e7ues pour offrir polyvalence, stabilit\u00e9 et confort lors de tous vos entra\u00eenements. Leur tige en mesh respirant avec renforts synth\u00e9tiques assure maintien et l\u00e9g\u00e8ret\u00e9, id\u00e9ale pour les s\u00e9ances intenses.La semelle interm\u00e9diaire amortissante absorbe les chocs pour plus de confort, tandis que la semelle ext\u00e9rieure en caoutchouc procure une excellente adh\u00e9rence sur diff\u00e9rentes surfaces. Avec leur design moderne et sportif, elles s\u2019adaptent aussi bien aux exercices fonctionnels qu\u2019aux entra\u00eenements en salle.Polyvalentes, r\u00e9sistantes et confortables, les NFX Trainer sont le choix parfait pour ceux qui recherchent une chaussure d\u2019entra\u00eenement fiable au quotidien.<\/p>","protected":false},"excerpt":{"rendered":"<p>es Reebok NFX Trainer sont con\u00e7ues pour offrir polyvalence, stabilit\u00e9 et confort lors de tous vos entra\u00eenements. Leur tige en mesh respirant avec renforts synth\u00e9tiques assure maintien et l\u00e9g\u00e8ret\u00e9, id\u00e9ale pour les s\u00e9ances intenses.La semelle interm\u00e9diaire amortissante absorbe les chocs pour plus de confort, tandis que la semelle ext\u00e9rieure en caoutchouc procure une excellente adh\u00e9rence sur diff\u00e9rentes surfaces. Avec leur design moderne et sportif, elles s\u2019adaptent aussi bien aux exercices fonctionnels qu\u2019aux entra\u00eenements en salle.Polyvalentes, r\u00e9sistantes et confortables, les NFX Trainer sont le choix parfait pour ceux qui recherchent une chaussure d\u2019entra\u00eenement fiable au quotidien.<\/p>","protected":false},"featured_media":7993,"comment_status":"open","ping_status":"closed","template":"","meta":{"_gspb_post_css":"","om_disable_all_campaigns":false,"_monsterinsights_skip_tracking":false,"_monsterinsights_sitenote_active":false,"_monsterinsights_sitenote_note":"","_monsterinsights_sitenote_category":0},"product_brand":[],"product_cat":[174,92],"product_tag":[],"class_list":{"0":"post-7992","1":"product","2":"type-product","3":"status-publish","4":"has-post-thumbnail","6":"product_cat-baskets-hommes","7":"product_cat-hommes","9":"first","10":"instock","11":"shipping-taxable","12":"purchasable","13":"product-type-variable"},"aioseo_notices":[],"jetpack_sharing_enabled":true,"_links":{"self":[{"href":"https:\/\/ahdhiya.com\/ar\/wp-json\/wp\/v2\/product\/7992","targetHints":{"allow":["GET"]}}],"collection":[{"href":"https:\/\/ahdhiya.com\/ar\/wp-json\/wp\/v2\/product"}],"about":[{"href":"https:\/\/ahdhiya.com\/ar\/wp-json\/wp\/v2\/types\/product"}],"replies":[{"embeddable":true,"href":"https:\/\/ahdhiya.com\/ar\/wp-json\/wp\/v2\/comments?post=7992"}],"wp:featuredmedia":[{"embeddable":true,"href":"https:\/\/ahdhiya.com\/ar\/wp-json\/wp\/v2\/media\/7993"}],"wp:attachment":[{"href":"https:\/\/ahdhiya.com\/ar\/wp-json\/wp\/v2\/media?parent=7992"}],"wp:term":[{"taxonomy":"product_brand","embeddable":true,"href":"https:\/\/ahdhiya.com\/ar\/wp-json\/wp\/v2\/product_brand?post=7992"},{"taxonomy":"product_cat","embeddable":true,"href":"https:\/\/ahdhiya.com\/ar\/wp-json\/wp\/v2\/product_cat?post=7992"},{"taxonomy":"product_tag","embeddable":true,"href":"https:\/\/ahdhiya.com\/ar\/wp-json\/wp\/v2\/product_tag?post=7992"}],"curies":[{"name":"wp","href":"https:\/\/api.w.org\/{rel}","templated":true}]}}