{"id":8166,"date":"2026-01-06T18:15:13","date_gmt":"2026-01-06T18:15:13","guid":{"rendered":"https:\/\/ahdhiya.com\/produit\/reebok-bb-4000-ii\/"},"modified":"2026-03-12T14:03:47","modified_gmt":"2026-03-12T14:03:47","slug":"reebok-bb-4000-ii","status":"publish","type":"product","link":"https:\/\/ahdhiya.com\/ar\/product\/reebok-bb-4000-ii\/","title":{"rendered":"REEBOK BB 4000 II"},"content":{"rendered":"<p>Les Reebok BB 4000 II incarnent l\u2019h\u00e9ritage basket r\u00e9tro de la marque, en combinant un style vintage avec le confort moderne. Inspir\u00e9es des terrains de basketball des ann\u00e9es 80, elles apportent une touche authentique et sportive \u00e0 vos tenues quotidiennes.La tige en cuir et mat\u00e9riaux r\u00e9sistants assure \u00e0 la fois maintien et durabilit\u00e9, tandis que la semelle interm\u00e9diaire amortissante offre un confort optimal \u00e0 chaque pas. La semelle ext\u00e9rieure en caoutchouc garantit une excellente adh\u00e9rence et stabilit\u00e9, aussi bien en ville que lors d\u2019activit\u00e9s l\u00e9g\u00e8res.Avec leur design intemporel et urbain, les BB 4000 II sont id\u00e9ales pour ceux qui recherchent une sneaker \u00e0 la fois styl\u00e9e, robuste et confortable.<\/p>","protected":false},"excerpt":{"rendered":"<p>Les Reebok BB 4000 II incarnent l\u2019h\u00e9ritage basket r\u00e9tro de la marque, en combinant un style vintage avec le confort moderne. Inspir\u00e9es des terrains de basketball des ann\u00e9es 80, elles apportent une touche authentique et sportive \u00e0 vos tenues quotidiennes.La tige en cuir et mat\u00e9riaux r\u00e9sistants assure \u00e0 la fois maintien et durabilit\u00e9, tandis que la semelle interm\u00e9diaire amortissante offre un confort optimal \u00e0 chaque pas. La semelle ext\u00e9rieure en caoutchouc garantit une excellente adh\u00e9rence et stabilit\u00e9, aussi bien en ville que lors d\u2019activit\u00e9s l\u00e9g\u00e8res.Avec leur design intemporel et urbain, les BB 4000 II sont id\u00e9ales pour ceux qui recherchent une sneaker \u00e0 la fois styl\u00e9e, robuste et confortable.<\/p>","protected":false},"featured_media":8167,"comment_status":"open","ping_status":"closed","template":"","meta":{"_gspb_post_css":"","om_disable_all_campaigns":false,"_monsterinsights_skip_tracking":false,"_monsterinsights_sitenote_active":false,"_monsterinsights_sitenote_note":"","_monsterinsights_sitenote_category":0},"product_brand":[],"product_cat":[174,92],"product_tag":[],"class_list":{"0":"post-8166","1":"product","2":"type-product","3":"status-publish","4":"has-post-thumbnail","6":"product_cat-baskets-hommes","7":"product_cat-hommes","9":"first","10":"instock","11":"shipping-taxable","12":"purchasable","13":"product-type-variable"},"aioseo_notices":[],"jetpack_sharing_enabled":true,"_links":{"self":[{"href":"https:\/\/ahdhiya.com\/ar\/wp-json\/wp\/v2\/product\/8166","targetHints":{"allow":["GET"]}}],"collection":[{"href":"https:\/\/ahdhiya.com\/ar\/wp-json\/wp\/v2\/product"}],"about":[{"href":"https:\/\/ahdhiya.com\/ar\/wp-json\/wp\/v2\/types\/product"}],"replies":[{"embeddable":true,"href":"https:\/\/ahdhiya.com\/ar\/wp-json\/wp\/v2\/comments?post=8166"}],"wp:featuredmedia":[{"embeddable":true,"href":"https:\/\/ahdhiya.com\/ar\/wp-json\/wp\/v2\/media\/8167"}],"wp:attachment":[{"href":"https:\/\/ahdhiya.com\/ar\/wp-json\/wp\/v2\/media?parent=8166"}],"wp:term":[{"taxonomy":"product_brand","embeddable":true,"href":"https:\/\/ahdhiya.com\/ar\/wp-json\/wp\/v2\/product_brand?post=8166"},{"taxonomy":"product_cat","embeddable":true,"href":"https:\/\/ahdhiya.com\/ar\/wp-json\/wp\/v2\/product_cat?post=8166"},{"taxonomy":"product_tag","embeddable":true,"href":"https:\/\/ahdhiya.com\/ar\/wp-json\/wp\/v2\/product_tag?post=8166"}],"curies":[{"name":"wp","href":"https:\/\/api.w.org\/{rel}","templated":true}]}}