{"id":8272,"date":"2026-01-06T18:21:55","date_gmt":"2026-01-06T18:21:55","guid":{"rendered":"https:\/\/ahdhiya.com\/produit\/basket-tommy\/"},"modified":"2026-03-12T14:03:48","modified_gmt":"2026-03-12T14:03:48","slug":"basket-tommy","status":"publish","type":"product","link":"https:\/\/ahdhiya.com\/ar\/product\/basket-tommy\/","title":{"rendered":"BASKET TOMMY"},"content":{"rendered":"<p>Description :\u00a0Cette bottine \u00e0 lacets Tommy Hilfiger (R\u00e9f. T3B5-33156-0316A105) est un mod\u00e8le montante de couleur ocre et noir (marron) destin\u00e9 aux enfants (Kids). Elle est con\u00e7ue pour l&rsquo;hiver, combinant un style de botte robuste avec l&rsquo;esth\u00e9tique classique de la marque. La composition comprend des mat\u00e9riaux synth\u00e9tiques et textiles, avec une semelle ext\u00e9rieure en plastique. Elle offre une option \u00e0 la fois tendance et confortable pour un usage quotidien pendant les saisons froides.MADE IN CHINA .\u00a0<\/p>","protected":false},"excerpt":{"rendered":"<p>Description :\u00a0Cette bottine \u00e0 lacets Tommy Hilfiger (R\u00e9f. T3B5-33156-0316A105) est un mod\u00e8le montante de couleur ocre et noir (marron) destin\u00e9 aux enfants (Kids). Elle est con\u00e7ue pour l&rsquo;hiver, combinant un style de botte robuste avec l&rsquo;esth\u00e9tique classique de la marque. La composition comprend des mat\u00e9riaux synth\u00e9tiques et textiles, avec une semelle ext\u00e9rieure en plastique. Elle offre une option \u00e0 la fois tendance et confortable pour un usage quotidien pendant les saisons froides.MADE IN CHINA .\u00a0<\/p>","protected":false},"featured_media":8273,"comment_status":"open","ping_status":"closed","template":"","meta":{"_gspb_post_css":"","om_disable_all_campaigns":false,"_monsterinsights_skip_tracking":false,"_monsterinsights_sitenote_active":false,"_monsterinsights_sitenote_note":"","_monsterinsights_sitenote_category":0},"product_brand":[],"product_cat":[161,92],"product_tag":[],"class_list":{"0":"post-8272","1":"product","2":"type-product","3":"status-publish","4":"has-post-thumbnail","6":"product_cat-godasses-et-boots","7":"product_cat-hommes","9":"first","10":"instock","11":"shipping-taxable","12":"purchasable","13":"product-type-variable"},"aioseo_notices":[],"jetpack_sharing_enabled":true,"_links":{"self":[{"href":"https:\/\/ahdhiya.com\/ar\/wp-json\/wp\/v2\/product\/8272","targetHints":{"allow":["GET"]}}],"collection":[{"href":"https:\/\/ahdhiya.com\/ar\/wp-json\/wp\/v2\/product"}],"about":[{"href":"https:\/\/ahdhiya.com\/ar\/wp-json\/wp\/v2\/types\/product"}],"replies":[{"embeddable":true,"href":"https:\/\/ahdhiya.com\/ar\/wp-json\/wp\/v2\/comments?post=8272"}],"wp:featuredmedia":[{"embeddable":true,"href":"https:\/\/ahdhiya.com\/ar\/wp-json\/wp\/v2\/media\/8273"}],"wp:attachment":[{"href":"https:\/\/ahdhiya.com\/ar\/wp-json\/wp\/v2\/media?parent=8272"}],"wp:term":[{"taxonomy":"product_brand","embeddable":true,"href":"https:\/\/ahdhiya.com\/ar\/wp-json\/wp\/v2\/product_brand?post=8272"},{"taxonomy":"product_cat","embeddable":true,"href":"https:\/\/ahdhiya.com\/ar\/wp-json\/wp\/v2\/product_cat?post=8272"},{"taxonomy":"product_tag","embeddable":true,"href":"https:\/\/ahdhiya.com\/ar\/wp-json\/wp\/v2\/product_tag?post=8272"}],"curies":[{"name":"wp","href":"https:\/\/api.w.org\/{rel}","templated":true}]}}