{"id":8381,"date":"2026-01-06T18:44:40","date_gmt":"2026-01-06T18:44:40","guid":{"rendered":"https:\/\/ahdhiya.com\/produit\/reebok-quick-jogger-2\/"},"modified":"2026-03-12T14:03:49","modified_gmt":"2026-03-12T14:03:49","slug":"reebok-quick-jogger-2","status":"publish","type":"product","link":"https:\/\/ahdhiya.com\/ar\/product\/reebok-quick-jogger-2\/","title":{"rendered":"REEBOK QUICK JOGGER"},"content":{"rendered":"<p>Les Reebok Quick Jogger sont pens\u00e9es pour vos sessions de course quotidiennes et vos sorties sportives l\u00e9g\u00e8res. Avec leur tige respirante en mesh, elles gardent vos pieds au frais tout en offrant un confort durable.La semelle interm\u00e9diaire l\u00e9g\u00e8re et amortissante procure une foul\u00e9e fluide et agr\u00e9able, tandis que la semelle ext\u00e9rieure en caoutchouc garantit une bonne adh\u00e9rence sur diff\u00e9rentes surfaces.Alliant l\u00e9g\u00e8ret\u00e9, style et performance, les Quick Jogger sont le choix parfait pour ceux qui recherchent des chaussures de running pratiques et confortables, adapt\u00e9es aussi bien \u00e0 l\u2019entra\u00eenement qu\u2019\u00e0 un usage quotidien.<\/p>","protected":false},"excerpt":{"rendered":"<p>Les Reebok Quick Jogger sont pens\u00e9es pour vos sessions de course quotidiennes et vos sorties sportives l\u00e9g\u00e8res. Avec leur tige respirante en mesh, elles gardent vos pieds au frais tout en offrant un confort durable.La semelle interm\u00e9diaire l\u00e9g\u00e8re et amortissante procure une foul\u00e9e fluide et agr\u00e9able, tandis que la semelle ext\u00e9rieure en caoutchouc garantit une bonne adh\u00e9rence sur diff\u00e9rentes surfaces.Alliant l\u00e9g\u00e8ret\u00e9, style et performance, les Quick Jogger sont le choix parfait pour ceux qui recherchent des chaussures de running pratiques et confortables, adapt\u00e9es aussi bien \u00e0 l\u2019entra\u00eenement qu\u2019\u00e0 un usage quotidien.<\/p>","protected":false},"featured_media":8382,"comment_status":"open","ping_status":"closed","template":"","meta":{"_gspb_post_css":"","om_disable_all_campaigns":false,"_monsterinsights_skip_tracking":false,"_monsterinsights_sitenote_active":false,"_monsterinsights_sitenote_note":"","_monsterinsights_sitenote_category":0},"product_brand":[],"product_cat":[174,92],"product_tag":[],"class_list":{"0":"post-8381","1":"product","2":"type-product","3":"status-publish","4":"has-post-thumbnail","6":"product_cat-baskets-hommes","7":"product_cat-hommes","9":"first","10":"instock","11":"shipping-taxable","12":"purchasable","13":"product-type-variable"},"aioseo_notices":[],"jetpack_sharing_enabled":true,"_links":{"self":[{"href":"https:\/\/ahdhiya.com\/ar\/wp-json\/wp\/v2\/product\/8381","targetHints":{"allow":["GET"]}}],"collection":[{"href":"https:\/\/ahdhiya.com\/ar\/wp-json\/wp\/v2\/product"}],"about":[{"href":"https:\/\/ahdhiya.com\/ar\/wp-json\/wp\/v2\/types\/product"}],"replies":[{"embeddable":true,"href":"https:\/\/ahdhiya.com\/ar\/wp-json\/wp\/v2\/comments?post=8381"}],"wp:featuredmedia":[{"embeddable":true,"href":"https:\/\/ahdhiya.com\/ar\/wp-json\/wp\/v2\/media\/8382"}],"wp:attachment":[{"href":"https:\/\/ahdhiya.com\/ar\/wp-json\/wp\/v2\/media?parent=8381"}],"wp:term":[{"taxonomy":"product_brand","embeddable":true,"href":"https:\/\/ahdhiya.com\/ar\/wp-json\/wp\/v2\/product_brand?post=8381"},{"taxonomy":"product_cat","embeddable":true,"href":"https:\/\/ahdhiya.com\/ar\/wp-json\/wp\/v2\/product_cat?post=8381"},{"taxonomy":"product_tag","embeddable":true,"href":"https:\/\/ahdhiya.com\/ar\/wp-json\/wp\/v2\/product_tag?post=8381"}],"curies":[{"name":"wp","href":"https:\/\/api.w.org\/{rel}","templated":true}]}}