{"id":8415,"date":"2026-01-06T18:44:55","date_gmt":"2026-01-06T18:44:55","guid":{"rendered":"https:\/\/ahdhiya.com\/produit\/basket-reebok-classic-leather-clip\/"},"modified":"2026-03-12T14:03:49","modified_gmt":"2026-03-12T14:03:49","slug":"basket-reebok-classic-leather-clip","status":"publish","type":"product","link":"https:\/\/ahdhiya.com\/ar\/product\/basket-reebok-classic-leather-clip\/","title":{"rendered":"BASKET REEBOK CLASSIC LEATHER CLIP"},"content":{"rendered":"<p>Description :\u00a0La Reebok Classic Leather Clip est une r\u00e9interpr\u00e9tation moderne et audacieuse du mod\u00e8le embl\u00e9matique de Reebok, combinant le style intemporel de la Classic Leather avec des d\u00e9tails contemporains.Ce mod\u00e8le est con\u00e7u pour ceux qui recherchent une chaussure polyvalente, offrant un \u00e9quilibre parfait entre h\u00e9ritage sportif et look urbain actuel.Caract\u00e9ristiques PrincipalesMod\u00e8le : Classic Leather Clip (avec un \u00e9l\u00e9ment distinctif de clip au niveau du talon).Couleur : G\u00e9n\u00e9ralement disponible en Noir (la fiche produit Amazon vous permet de choisir d&rsquo;autres couleurs).Fermeture : Syst\u00e8me de la\u00e7age classique pour un ajustement s\u00fbr.Type de Talon : Plat (hauteur de 1 \u00e0 4 cm).CompositionLa conception est un m\u00e9lange de mat\u00e9riaux robustes, fid\u00e8le \u00e0 la r\u00e9putation de qualit\u00e9 de la marque :Tige (Empeigne) :50 % Cuir et 50 % PU (Polyur\u00e9thane\/Synth\u00e9tique), garantissant durabilit\u00e9 et un fini de qualit\u00e9 tout en restant facile \u00e0 entretenir.Semelle : Classique des mod\u00e8les de running r\u00e9tro de Reebok, offrant confort et amorti pour une utilisation quotidienne.EntretienNettoyage par essuyage simple (chiffon humide).MADE IN VIETNAM.<\/p>","protected":false},"excerpt":{"rendered":"<p>Description :\u00a0La Reebok Classic Leather Clip est une r\u00e9interpr\u00e9tation moderne et audacieuse du mod\u00e8le embl\u00e9matique de Reebok, combinant le style intemporel de la Classic Leather avec des d\u00e9tails contemporains.Ce mod\u00e8le est con\u00e7u pour ceux qui recherchent une chaussure polyvalente, offrant un \u00e9quilibre parfait entre h\u00e9ritage sportif et look urbain actuel.Caract\u00e9ristiques PrincipalesMod\u00e8le : Classic Leather Clip (avec un \u00e9l\u00e9ment distinctif de clip au niveau du talon).Couleur : G\u00e9n\u00e9ralement disponible en Noir (la fiche produit Amazon vous permet de choisir d&rsquo;autres couleurs).Fermeture : Syst\u00e8me de la\u00e7age classique pour un ajustement s\u00fbr.Type de Talon : Plat (hauteur de 1 \u00e0 4 cm).CompositionLa conception est un m\u00e9lange de mat\u00e9riaux robustes, fid\u00e8le \u00e0 la r\u00e9putation de qualit\u00e9 de la marque :Tige (Empeigne) :50 % Cuir et 50 % PU (Polyur\u00e9thane\/Synth\u00e9tique), garantissant durabilit\u00e9 et un fini de qualit\u00e9 tout en restant facile \u00e0 entretenir.Semelle : Classique des mod\u00e8les de running r\u00e9tro de Reebok, offrant confort et amorti pour une utilisation quotidienne.EntretienNettoyage par essuyage simple (chiffon humide).MADE IN VIETNAM.<\/p>","protected":false},"featured_media":8416,"comment_status":"open","ping_status":"closed","template":"","meta":{"_gspb_post_css":"","om_disable_all_campaigns":false,"_monsterinsights_skip_tracking":false,"_monsterinsights_sitenote_active":false,"_monsterinsights_sitenote_note":"","_monsterinsights_sitenote_category":0},"product_brand":[],"product_cat":[174,92],"product_tag":[],"class_list":{"0":"post-8415","1":"product","2":"type-product","3":"status-publish","4":"has-post-thumbnail","6":"product_cat-baskets-hommes","7":"product_cat-hommes","9":"first","10":"instock","11":"shipping-taxable","12":"purchasable","13":"product-type-variable"},"aioseo_notices":[],"jetpack_sharing_enabled":true,"_links":{"self":[{"href":"https:\/\/ahdhiya.com\/ar\/wp-json\/wp\/v2\/product\/8415","targetHints":{"allow":["GET"]}}],"collection":[{"href":"https:\/\/ahdhiya.com\/ar\/wp-json\/wp\/v2\/product"}],"about":[{"href":"https:\/\/ahdhiya.com\/ar\/wp-json\/wp\/v2\/types\/product"}],"replies":[{"embeddable":true,"href":"https:\/\/ahdhiya.com\/ar\/wp-json\/wp\/v2\/comments?post=8415"}],"wp:featuredmedia":[{"embeddable":true,"href":"https:\/\/ahdhiya.com\/ar\/wp-json\/wp\/v2\/media\/8416"}],"wp:attachment":[{"href":"https:\/\/ahdhiya.com\/ar\/wp-json\/wp\/v2\/media?parent=8415"}],"wp:term":[{"taxonomy":"product_brand","embeddable":true,"href":"https:\/\/ahdhiya.com\/ar\/wp-json\/wp\/v2\/product_brand?post=8415"},{"taxonomy":"product_cat","embeddable":true,"href":"https:\/\/ahdhiya.com\/ar\/wp-json\/wp\/v2\/product_cat?post=8415"},{"taxonomy":"product_tag","embeddable":true,"href":"https:\/\/ahdhiya.com\/ar\/wp-json\/wp\/v2\/product_tag?post=8415"}],"curies":[{"name":"wp","href":"https:\/\/api.w.org\/{rel}","templated":true}]}}