{"id":8536,"date":"2026-01-06T18:45:43","date_gmt":"2026-01-06T18:45:43","guid":{"rendered":"https:\/\/ahdhiya.com\/produit\/reebok-classic-leather-2\/"},"modified":"2026-03-12T14:03:49","modified_gmt":"2026-03-12T14:03:49","slug":"reebok-classic-leather-2","status":"publish","type":"product","link":"https:\/\/ahdhiya.com\/ar\/product\/reebok-classic-leather-2\/","title":{"rendered":"REEBOK CLASSIC LEATHER"},"content":{"rendered":"<p>Les Reebok Classic Leather sont une v\u00e9ritable ic\u00f4ne intemporelle du monde des sneakers. Lanc\u00e9es dans les ann\u00e9es 80, elles continuent de s\u00e9duire gr\u00e2ce \u00e0 leur style \u00e9pur\u00e9 et \u00e9l\u00e9gant, devenu incontournable aussi bien dans la rue que dans la mode urbaine.Con\u00e7ues avec une tige en cuir souple, elles offrent confort, durabilit\u00e9 et un ajustement parfait. La semelle interm\u00e9diaire en EVA assure un amorti l\u00e9ger et agr\u00e9able, tandis que la semelle ext\u00e9rieure en caoutchouc garantit une adh\u00e9rence fiable et une grande r\u00e9sistance \u00e0 l\u2019usure.Symbole d\u2019un style classique et polyvalent, les Classic Leather s\u2019adaptent \u00e0 toutes vos tenues et restent un choix s\u00fbr pour un look casual, chic et intemporel.<\/p>","protected":false},"excerpt":{"rendered":"<p>Les Reebok Classic Leather sont une v\u00e9ritable ic\u00f4ne intemporelle du monde des sneakers. Lanc\u00e9es dans les ann\u00e9es 80, elles continuent de s\u00e9duire gr\u00e2ce \u00e0 leur style \u00e9pur\u00e9 et \u00e9l\u00e9gant, devenu incontournable aussi bien dans la rue que dans la mode urbaine.Con\u00e7ues avec une tige en cuir souple, elles offrent confort, durabilit\u00e9 et un ajustement parfait. La semelle interm\u00e9diaire en EVA assure un amorti l\u00e9ger et agr\u00e9able, tandis que la semelle ext\u00e9rieure en caoutchouc garantit une adh\u00e9rence fiable et une grande r\u00e9sistance \u00e0 l\u2019usure.Symbole d\u2019un style classique et polyvalent, les Classic Leather s\u2019adaptent \u00e0 toutes vos tenues et restent un choix s\u00fbr pour un look casual, chic et intemporel.<\/p>","protected":false},"featured_media":8537,"comment_status":"open","ping_status":"closed","template":"","meta":{"_gspb_post_css":"","om_disable_all_campaigns":false,"_monsterinsights_skip_tracking":false,"_monsterinsights_sitenote_active":false,"_monsterinsights_sitenote_note":"","_monsterinsights_sitenote_category":0},"product_brand":[],"product_cat":[174,92],"product_tag":[],"class_list":{"0":"post-8536","1":"product","2":"type-product","3":"status-publish","4":"has-post-thumbnail","6":"product_cat-baskets-hommes","7":"product_cat-hommes","9":"first","10":"instock","11":"shipping-taxable","12":"purchasable","13":"product-type-variable"},"aioseo_notices":[],"jetpack_sharing_enabled":true,"_links":{"self":[{"href":"https:\/\/ahdhiya.com\/ar\/wp-json\/wp\/v2\/product\/8536","targetHints":{"allow":["GET"]}}],"collection":[{"href":"https:\/\/ahdhiya.com\/ar\/wp-json\/wp\/v2\/product"}],"about":[{"href":"https:\/\/ahdhiya.com\/ar\/wp-json\/wp\/v2\/types\/product"}],"replies":[{"embeddable":true,"href":"https:\/\/ahdhiya.com\/ar\/wp-json\/wp\/v2\/comments?post=8536"}],"wp:featuredmedia":[{"embeddable":true,"href":"https:\/\/ahdhiya.com\/ar\/wp-json\/wp\/v2\/media\/8537"}],"wp:attachment":[{"href":"https:\/\/ahdhiya.com\/ar\/wp-json\/wp\/v2\/media?parent=8536"}],"wp:term":[{"taxonomy":"product_brand","embeddable":true,"href":"https:\/\/ahdhiya.com\/ar\/wp-json\/wp\/v2\/product_brand?post=8536"},{"taxonomy":"product_cat","embeddable":true,"href":"https:\/\/ahdhiya.com\/ar\/wp-json\/wp\/v2\/product_cat?post=8536"},{"taxonomy":"product_tag","embeddable":true,"href":"https:\/\/ahdhiya.com\/ar\/wp-json\/wp\/v2\/product_tag?post=8536"}],"curies":[{"name":"wp","href":"https:\/\/api.w.org\/{rel}","templated":true}]}}