{"id":8646,"date":"2026-01-06T19:01:50","date_gmt":"2026-01-06T19:01:50","guid":{"rendered":"https:\/\/ahdhiya.com\/produit\/adidas-eezay-flip-flop\/"},"modified":"2026-03-12T14:03:50","modified_gmt":"2026-03-12T14:03:50","slug":"adidas-eezay-flip-flop","status":"publish","type":"product","link":"https:\/\/ahdhiya.com\/ar\/product\/adidas-eezay-flip-flop\/","title":{"rendered":"ADIDAS EEZAY FLIP FLOP"},"content":{"rendered":"<p>Un design classique pour un confort d\u00e9contract\u00e9. Ces tongs l\u00e9g\u00e8res sont faciles \u00e0 enfiler et \u00e0 retirer. Dot\u00e9es d&rsquo;un rembourrage suppl\u00e9mentaire, elles offrent une sensation de douceur et de l\u00e9g\u00e8ret\u00e9.MADE IN VIETNAM<\/p>","protected":false},"excerpt":{"rendered":"<p>Un design classique pour un confort d\u00e9contract\u00e9. Ces tongs l\u00e9g\u00e8res sont faciles \u00e0 enfiler et \u00e0 retirer. Dot\u00e9es d&rsquo;un rembourrage suppl\u00e9mentaire, elles offrent une sensation de douceur et de l\u00e9g\u00e8ret\u00e9.MADE IN VIETNAM<\/p>","protected":false},"featured_media":8647,"comment_status":"open","ping_status":"closed","template":"","meta":{"_gspb_post_css":"","om_disable_all_campaigns":false,"_monsterinsights_skip_tracking":false,"_monsterinsights_sitenote_active":false,"_monsterinsights_sitenote_note":"","_monsterinsights_sitenote_category":0},"product_brand":[],"product_cat":[163,91],"product_tag":[],"class_list":{"0":"post-8646","1":"product","2":"type-product","3":"status-publish","4":"has-post-thumbnail","6":"product_cat-claquettes-chaussures-femme","7":"product_cat-femmes","9":"first","10":"instock","11":"shipping-taxable","12":"purchasable","13":"product-type-variable"},"aioseo_notices":[],"jetpack_sharing_enabled":true,"_links":{"self":[{"href":"https:\/\/ahdhiya.com\/ar\/wp-json\/wp\/v2\/product\/8646","targetHints":{"allow":["GET"]}}],"collection":[{"href":"https:\/\/ahdhiya.com\/ar\/wp-json\/wp\/v2\/product"}],"about":[{"href":"https:\/\/ahdhiya.com\/ar\/wp-json\/wp\/v2\/types\/product"}],"replies":[{"embeddable":true,"href":"https:\/\/ahdhiya.com\/ar\/wp-json\/wp\/v2\/comments?post=8646"}],"wp:featuredmedia":[{"embeddable":true,"href":"https:\/\/ahdhiya.com\/ar\/wp-json\/wp\/v2\/media\/8647"}],"wp:attachment":[{"href":"https:\/\/ahdhiya.com\/ar\/wp-json\/wp\/v2\/media?parent=8646"}],"wp:term":[{"taxonomy":"product_brand","embeddable":true,"href":"https:\/\/ahdhiya.com\/ar\/wp-json\/wp\/v2\/product_brand?post=8646"},{"taxonomy":"product_cat","embeddable":true,"href":"https:\/\/ahdhiya.com\/ar\/wp-json\/wp\/v2\/product_cat?post=8646"},{"taxonomy":"product_tag","embeddable":true,"href":"https:\/\/ahdhiya.com\/ar\/wp-json\/wp\/v2\/product_tag?post=8646"}],"curies":[{"name":"wp","href":"https:\/\/api.w.org\/{rel}","templated":true}]}}