{"id":8661,"date":"2026-01-06T19:03:13","date_gmt":"2026-01-06T19:03:13","guid":{"rendered":"https:\/\/ahdhiya.com\/produit\/reebok-lite-plus-4\/"},"modified":"2026-03-12T14:03:50","modified_gmt":"2026-03-12T14:03:50","slug":"reebok-lite-plus-4","status":"publish","type":"product","link":"https:\/\/ahdhiya.com\/ar\/product\/reebok-lite-plus-4\/","title":{"rendered":"REEBOK LITE PLUS 4"},"content":{"rendered":"<p>Les Reebok Lite Plus 4 apportent la combinaison parfaite de l\u00e9g\u00e8ret\u00e9, confort et style. Con\u00e7ues avec une tige en mesh respirant, elles gardent vos pieds au frais tout au long de la journ\u00e9e. Leur semelle interm\u00e9diaire en EVA offre un amorti souple et r\u00e9actif, tandis que la semelle ext\u00e9rieure en caoutchouc assure une adh\u00e9rence fiable sur diff\u00e9rentes surfaces.Que ce soit pour vos s\u00e9ances de course, vos entra\u00eenements en salle ou simplement pour un usage quotidien, elles s\u2019adaptent \u00e0 toutes les situations. Avec leur design moderne et polyvalent, les Lite Plus 4 sont le choix id\u00e9al pour rester actif tout en affichant un look d\u00e9contract\u00e9.<\/p>","protected":false},"excerpt":{"rendered":"<p>Les Reebok Lite Plus 4 apportent la combinaison parfaite de l\u00e9g\u00e8ret\u00e9, confort et style. Con\u00e7ues avec une tige en mesh respirant, elles gardent vos pieds au frais tout au long de la journ\u00e9e. Leur semelle interm\u00e9diaire en EVA offre un amorti souple et r\u00e9actif, tandis que la semelle ext\u00e9rieure en caoutchouc assure une adh\u00e9rence fiable sur diff\u00e9rentes surfaces.Que ce soit pour vos s\u00e9ances de course, vos entra\u00eenements en salle ou simplement pour un usage quotidien, elles s\u2019adaptent \u00e0 toutes les situations. Avec leur design moderne et polyvalent, les Lite Plus 4 sont le choix id\u00e9al pour rester actif tout en affichant un look d\u00e9contract\u00e9.<\/p>","protected":false},"featured_media":8662,"comment_status":"open","ping_status":"closed","template":"","meta":{"_gspb_post_css":"","om_disable_all_campaigns":false,"_monsterinsights_skip_tracking":false,"_monsterinsights_sitenote_active":false,"_monsterinsights_sitenote_note":"","_monsterinsights_sitenote_category":0},"product_brand":[],"product_cat":[174,92],"product_tag":[],"class_list":{"0":"post-8661","1":"product","2":"type-product","3":"status-publish","4":"has-post-thumbnail","6":"product_cat-baskets-hommes","7":"product_cat-hommes","9":"first","10":"instock","11":"shipping-taxable","12":"purchasable","13":"product-type-variable"},"aioseo_notices":[],"jetpack_sharing_enabled":true,"_links":{"self":[{"href":"https:\/\/ahdhiya.com\/ar\/wp-json\/wp\/v2\/product\/8661","targetHints":{"allow":["GET"]}}],"collection":[{"href":"https:\/\/ahdhiya.com\/ar\/wp-json\/wp\/v2\/product"}],"about":[{"href":"https:\/\/ahdhiya.com\/ar\/wp-json\/wp\/v2\/types\/product"}],"replies":[{"embeddable":true,"href":"https:\/\/ahdhiya.com\/ar\/wp-json\/wp\/v2\/comments?post=8661"}],"wp:featuredmedia":[{"embeddable":true,"href":"https:\/\/ahdhiya.com\/ar\/wp-json\/wp\/v2\/media\/8662"}],"wp:attachment":[{"href":"https:\/\/ahdhiya.com\/ar\/wp-json\/wp\/v2\/media?parent=8661"}],"wp:term":[{"taxonomy":"product_brand","embeddable":true,"href":"https:\/\/ahdhiya.com\/ar\/wp-json\/wp\/v2\/product_brand?post=8661"},{"taxonomy":"product_cat","embeddable":true,"href":"https:\/\/ahdhiya.com\/ar\/wp-json\/wp\/v2\/product_cat?post=8661"},{"taxonomy":"product_tag","embeddable":true,"href":"https:\/\/ahdhiya.com\/ar\/wp-json\/wp\/v2\/product_tag?post=8661"}],"curies":[{"name":"wp","href":"https:\/\/api.w.org\/{rel}","templated":true}]}}