{"id":8806,"date":"2026-01-06T19:05:48","date_gmt":"2026-01-06T19:05:48","guid":{"rendered":"https:\/\/ahdhiya.com\/produit\/reebok-cityride-2\/"},"modified":"2026-03-12T14:03:51","modified_gmt":"2026-03-12T14:03:51","slug":"reebok-cityride-2","status":"publish","type":"product","link":"https:\/\/ahdhiya.com\/ar\/product\/reebok-cityride-2\/","title":{"rendered":"REEBOK CITYRIDE"},"content":{"rendered":"<p>Les Reebok Cityride sont pens\u00e9es pour offrir un parfait \u00e9quilibre entre style urbain et confort quotidien. Leur design moderne s\u2019adapte aussi bien \u00e0 vos d\u00e9placements en ville qu\u2019\u00e0 vos moments de d\u00e9tente. La tige respirante assure une sensation de l\u00e9g\u00e8ret\u00e9, tandis que la semelle interm\u00e9diaire amortissante procure confort et stabilit\u00e9 \u00e0 chaque pas.Avec leur semelle ext\u00e9rieure r\u00e9sistante offrant une bonne adh\u00e9rence, elles vous accompagnent sur toutes les surfaces urbaines. Polyvalentes et \u00e9l\u00e9gantes, les Cityride sont id\u00e9ales pour ceux qui recherchent des chaussures \u00e0 la fois pratiques, confortables et tendance.<\/p>","protected":false},"excerpt":{"rendered":"<p>Les Reebok Cityride sont pens\u00e9es pour offrir un parfait \u00e9quilibre entre style urbain et confort quotidien. Leur design moderne s\u2019adapte aussi bien \u00e0 vos d\u00e9placements en ville qu\u2019\u00e0 vos moments de d\u00e9tente. La tige respirante assure une sensation de l\u00e9g\u00e8ret\u00e9, tandis que la semelle interm\u00e9diaire amortissante procure confort et stabilit\u00e9 \u00e0 chaque pas.Avec leur semelle ext\u00e9rieure r\u00e9sistante offrant une bonne adh\u00e9rence, elles vous accompagnent sur toutes les surfaces urbaines. Polyvalentes et \u00e9l\u00e9gantes, les Cityride sont id\u00e9ales pour ceux qui recherchent des chaussures \u00e0 la fois pratiques, confortables et tendance.<\/p>","protected":false},"featured_media":8807,"comment_status":"open","ping_status":"closed","template":"","meta":{"_gspb_post_css":"","om_disable_all_campaigns":false,"_monsterinsights_skip_tracking":false,"_monsterinsights_sitenote_active":false,"_monsterinsights_sitenote_note":"","_monsterinsights_sitenote_category":0},"product_brand":[],"product_cat":[174,92],"product_tag":[],"class_list":{"0":"post-8806","1":"product","2":"type-product","3":"status-publish","4":"has-post-thumbnail","6":"product_cat-baskets-hommes","7":"product_cat-hommes","9":"first","10":"instock","11":"shipping-taxable","12":"purchasable","13":"product-type-variable"},"aioseo_notices":[],"jetpack_sharing_enabled":true,"_links":{"self":[{"href":"https:\/\/ahdhiya.com\/ar\/wp-json\/wp\/v2\/product\/8806","targetHints":{"allow":["GET"]}}],"collection":[{"href":"https:\/\/ahdhiya.com\/ar\/wp-json\/wp\/v2\/product"}],"about":[{"href":"https:\/\/ahdhiya.com\/ar\/wp-json\/wp\/v2\/types\/product"}],"replies":[{"embeddable":true,"href":"https:\/\/ahdhiya.com\/ar\/wp-json\/wp\/v2\/comments?post=8806"}],"wp:featuredmedia":[{"embeddable":true,"href":"https:\/\/ahdhiya.com\/ar\/wp-json\/wp\/v2\/media\/8807"}],"wp:attachment":[{"href":"https:\/\/ahdhiya.com\/ar\/wp-json\/wp\/v2\/media?parent=8806"}],"wp:term":[{"taxonomy":"product_brand","embeddable":true,"href":"https:\/\/ahdhiya.com\/ar\/wp-json\/wp\/v2\/product_brand?post=8806"},{"taxonomy":"product_cat","embeddable":true,"href":"https:\/\/ahdhiya.com\/ar\/wp-json\/wp\/v2\/product_cat?post=8806"},{"taxonomy":"product_tag","embeddable":true,"href":"https:\/\/ahdhiya.com\/ar\/wp-json\/wp\/v2\/product_tag?post=8806"}],"curies":[{"name":"wp","href":"https:\/\/api.w.org\/{rel}","templated":true}]}}