{"id":8873,"date":"2026-01-06T19:07:24","date_gmt":"2026-01-06T19:07:24","guid":{"rendered":"https:\/\/ahdhiya.com\/produit\/reebok-split-flex\/"},"modified":"2026-03-12T14:03:52","modified_gmt":"2026-03-12T14:03:52","slug":"reebok-split-flex","status":"publish","type":"product","link":"https:\/\/ahdhiya.com\/ar\/product\/reebok-split-flex\/","title":{"rendered":"REEBOK SPLIT FLEX"},"content":{"rendered":"<p>Les Reebok Split Flex sont sp\u00e9cialement con\u00e7ues pour les amateurs de fitness et de danse, offrant une libert\u00e9 de mouvement optimale et un confort exceptionnel. Gr\u00e2ce \u00e0 leur semelle fendue innovante, elles favorisent la souplesse du pied et permettent des transitions rapides et naturelles entre chaque mouvement.La tige l\u00e9g\u00e8re et respirante assure une bonne a\u00e9ration, tandis que la semelle interm\u00e9diaire amortissante apporte confort et soutien m\u00eame lors des entra\u00eenements les plus dynamiques. La semelle ext\u00e9rieure en caoutchouc est \u00e9tudi\u00e9e pour garantir une adh\u00e9rence fiable et une excellente mobilit\u00e9 multidirectionnelle.Alliant technicit\u00e9, l\u00e9g\u00e8ret\u00e9 et style moderne, les Split Flex sont le choix id\u00e9al pour les entra\u00eenements chor\u00e9graphi\u00e9s, les cours de danse fitness ou toute activit\u00e9 n\u00e9cessitant fluidit\u00e9 et agilit\u00e9.<\/p>","protected":false},"excerpt":{"rendered":"<p>Les Reebok Split Flex sont sp\u00e9cialement con\u00e7ues pour les amateurs de fitness et de danse, offrant une libert\u00e9 de mouvement optimale et un confort exceptionnel. Gr\u00e2ce \u00e0 leur semelle fendue innovante, elles favorisent la souplesse du pied et permettent des transitions rapides et naturelles entre chaque mouvement.La tige l\u00e9g\u00e8re et respirante assure une bonne a\u00e9ration, tandis que la semelle interm\u00e9diaire amortissante apporte confort et soutien m\u00eame lors des entra\u00eenements les plus dynamiques. La semelle ext\u00e9rieure en caoutchouc est \u00e9tudi\u00e9e pour garantir une adh\u00e9rence fiable et une excellente mobilit\u00e9 multidirectionnelle.Alliant technicit\u00e9, l\u00e9g\u00e8ret\u00e9 et style moderne, les Split Flex sont le choix id\u00e9al pour les entra\u00eenements chor\u00e9graphi\u00e9s, les cours de danse fitness ou toute activit\u00e9 n\u00e9cessitant fluidit\u00e9 et agilit\u00e9.<\/p>","protected":false},"featured_media":8874,"comment_status":"open","ping_status":"closed","template":"","meta":{"_gspb_post_css":"","om_disable_all_campaigns":false,"_monsterinsights_skip_tracking":false,"_monsterinsights_sitenote_active":false,"_monsterinsights_sitenote_note":"","_monsterinsights_sitenote_category":0},"product_brand":[],"product_cat":[174,92],"product_tag":[],"class_list":{"0":"post-8873","1":"product","2":"type-product","3":"status-publish","4":"has-post-thumbnail","6":"product_cat-baskets-hommes","7":"product_cat-hommes","9":"first","10":"instock","11":"shipping-taxable","12":"purchasable","13":"product-type-variable"},"aioseo_notices":[],"jetpack_sharing_enabled":true,"_links":{"self":[{"href":"https:\/\/ahdhiya.com\/ar\/wp-json\/wp\/v2\/product\/8873","targetHints":{"allow":["GET"]}}],"collection":[{"href":"https:\/\/ahdhiya.com\/ar\/wp-json\/wp\/v2\/product"}],"about":[{"href":"https:\/\/ahdhiya.com\/ar\/wp-json\/wp\/v2\/types\/product"}],"replies":[{"embeddable":true,"href":"https:\/\/ahdhiya.com\/ar\/wp-json\/wp\/v2\/comments?post=8873"}],"wp:featuredmedia":[{"embeddable":true,"href":"https:\/\/ahdhiya.com\/ar\/wp-json\/wp\/v2\/media\/8874"}],"wp:attachment":[{"href":"https:\/\/ahdhiya.com\/ar\/wp-json\/wp\/v2\/media?parent=8873"}],"wp:term":[{"taxonomy":"product_brand","embeddable":true,"href":"https:\/\/ahdhiya.com\/ar\/wp-json\/wp\/v2\/product_brand?post=8873"},{"taxonomy":"product_cat","embeddable":true,"href":"https:\/\/ahdhiya.com\/ar\/wp-json\/wp\/v2\/product_cat?post=8873"},{"taxonomy":"product_tag","embeddable":true,"href":"https:\/\/ahdhiya.com\/ar\/wp-json\/wp\/v2\/product_tag?post=8873"}],"curies":[{"name":"wp","href":"https:\/\/api.w.org\/{rel}","templated":true}]}}