{"id":8977,"date":"2026-01-06T20:17:42","date_gmt":"2026-01-06T20:17:42","guid":{"rendered":"https:\/\/ahdhiya.com\/produit\/reebok-lite-plus-4-2\/"},"modified":"2026-03-12T14:03:52","modified_gmt":"2026-03-12T14:03:52","slug":"reebok-lite-plus-4-2","status":"publish","type":"product","link":"https:\/\/ahdhiya.com\/ar\/product\/reebok-lite-plus-4-2\/","title":{"rendered":"REEBOK LITE PLUS 4"},"content":{"rendered":"<p>Les Reebok Lite Plus 4 sont pens\u00e9es pour ceux qui veulent allier l\u00e9g\u00e8ret\u00e9, confort et performance au quotidien. Leur tige en mesh respirant garde vos pieds au frais, tandis que la semelle interm\u00e9diaire en EVA offre un amorti souple \u00e0 chaque foul\u00e9e. La semelle ext\u00e9rieure en caoutchouc garantit une bonne adh\u00e9rence, que ce soit lors de vos entra\u00eenements ou dans vos d\u00e9placements de tous les jours.Avec leur design moderne et polyvalent, elles s\u2019adaptent aussi bien au sport qu\u2019\u00e0 un look d\u00e9contract\u00e9. Des chaussures id\u00e9ales pour rester actif avec style.<\/p>","protected":false},"excerpt":{"rendered":"<p>Les Reebok Lite Plus 4 sont pens\u00e9es pour ceux qui veulent allier l\u00e9g\u00e8ret\u00e9, confort et performance au quotidien. Leur tige en mesh respirant garde vos pieds au frais, tandis que la semelle interm\u00e9diaire en EVA offre un amorti souple \u00e0 chaque foul\u00e9e. La semelle ext\u00e9rieure en caoutchouc garantit une bonne adh\u00e9rence, que ce soit lors de vos entra\u00eenements ou dans vos d\u00e9placements de tous les jours.Avec leur design moderne et polyvalent, elles s\u2019adaptent aussi bien au sport qu\u2019\u00e0 un look d\u00e9contract\u00e9. Des chaussures id\u00e9ales pour rester actif avec style.<\/p>","protected":false},"featured_media":8978,"comment_status":"open","ping_status":"closed","template":"","meta":{"_gspb_post_css":"","om_disable_all_campaigns":false,"_monsterinsights_skip_tracking":false,"_monsterinsights_sitenote_active":false,"_monsterinsights_sitenote_note":"","_monsterinsights_sitenote_category":0},"product_brand":[],"product_cat":[174,92],"product_tag":[],"class_list":{"0":"post-8977","1":"product","2":"type-product","3":"status-publish","4":"has-post-thumbnail","6":"product_cat-baskets-hommes","7":"product_cat-hommes","9":"first","10":"instock","11":"shipping-taxable","12":"purchasable","13":"product-type-variable"},"aioseo_notices":[],"jetpack_sharing_enabled":true,"_links":{"self":[{"href":"https:\/\/ahdhiya.com\/ar\/wp-json\/wp\/v2\/product\/8977","targetHints":{"allow":["GET"]}}],"collection":[{"href":"https:\/\/ahdhiya.com\/ar\/wp-json\/wp\/v2\/product"}],"about":[{"href":"https:\/\/ahdhiya.com\/ar\/wp-json\/wp\/v2\/types\/product"}],"replies":[{"embeddable":true,"href":"https:\/\/ahdhiya.com\/ar\/wp-json\/wp\/v2\/comments?post=8977"}],"wp:featuredmedia":[{"embeddable":true,"href":"https:\/\/ahdhiya.com\/ar\/wp-json\/wp\/v2\/media\/8978"}],"wp:attachment":[{"href":"https:\/\/ahdhiya.com\/ar\/wp-json\/wp\/v2\/media?parent=8977"}],"wp:term":[{"taxonomy":"product_brand","embeddable":true,"href":"https:\/\/ahdhiya.com\/ar\/wp-json\/wp\/v2\/product_brand?post=8977"},{"taxonomy":"product_cat","embeddable":true,"href":"https:\/\/ahdhiya.com\/ar\/wp-json\/wp\/v2\/product_cat?post=8977"},{"taxonomy":"product_tag","embeddable":true,"href":"https:\/\/ahdhiya.com\/ar\/wp-json\/wp\/v2\/product_tag?post=8977"}],"curies":[{"name":"wp","href":"https:\/\/api.w.org\/{rel}","templated":true}]}}